{"id":1178,"date":"2024-02-26T12:09:13","date_gmt":"2024-02-26T11:09:13","guid":{"rendered":"https:\/\/iberequip.com\/privacy-policy\/"},"modified":"2024-03-18T13:11:32","modified_gmt":"2024-03-18T12:11:32","slug":"privacy-policy","status":"publish","type":"page","link":"https:\/\/iberequip.com\/fr\/privacy-policy\/","title":{"rendered":"Politique de Confidentialit\u00e9"},"content":{"rendered":"\t\t<div data-elementor-type=\"wp-page\" data-elementor-id=\"1178\" class=\"elementor elementor-1178 elementor-871\" data-elementor-post-type=\"page\">\n\t\t\t\t\t\t<section class=\"elementor-section elementor-top-section elementor-element elementor-element-8258d9d elementor-section-stretched elementor-section-boxed elementor-section-height-default elementor-section-height-default\" data-id=\"8258d9d\" data-element_type=\"section\" data-e-type=\"section\" data-settings=\"{&quot;background_background&quot;:&quot;classic&quot;,&quot;stretch_section&quot;:&quot;section-stretched&quot;}\">\n\t\t\t\t\t\t\t<div class=\"elementor-background-overlay\"><\/div>\n\t\t\t\t\t\t\t<div class=\"elementor-container elementor-column-gap-no\">\n\t\t\t\t\t<div class=\"elementor-column elementor-col-100 elementor-top-column elementor-element elementor-element-3baf331\" data-id=\"3baf331\" data-element_type=\"column\" data-e-type=\"column\">\n\t\t\t<div class=\"elementor-widget-wrap elementor-element-populated\">\n\t\t\t\t\t\t<div class=\"elementor-element elementor-element-debf48c elementor-widget__width-initial elementor-widget elementor-widget-heading\" data-id=\"debf48c\" data-element_type=\"widget\" data-e-type=\"widget\" data-widget_type=\"heading.default\">\n\t\t\t\t<div class=\"elementor-widget-container\">\n\t\t\t\t\t<h2 class=\"elementor-heading-title elementor-size-default\">PRIVACY POLICY<\/h2>\t\t\t\t<\/div>\n\t\t\t\t<\/div>\n\t\t\t\t\t<\/div>\n\t\t<\/div>\n\t\t\t\t\t<\/div>\n\t\t<\/section>\n\t\t<div class=\"elementor-element elementor-element-8679608 e-flex e-con-boxed e-con e-parent\" data-id=\"8679608\" data-element_type=\"container\" data-e-type=\"container\">\n\t\t\t\t\t<div class=\"e-con-inner\">\n\t\t\t\t<div class=\"elementor-element elementor-element-7c00ede elementor-widget elementor-widget-text-editor\" data-id=\"7c00ede\" data-element_type=\"widget\" data-e-type=\"widget\" data-widget_type=\"text-editor.default\">\n\t\t\t\t<div class=\"elementor-widget-container\">\n\t\t\t\t\t\t\t\t\t<span style=\"font-weight: 400;\">\u00daltima actualizaci\u00f3n: Febrero 2024.<\/span>\n\n<ol>\n \t<li><strong>INFORMATIONS DE L&rsquo;UTILISATEUR<\/strong><\/li>\n<\/ol>\n\n<strong>Iberequip S.L<\/strong>, en tant que responsable du traitement, vous informe que, conform\u00e9ment aux dispositions du R\u00e8glement (UE) 2016\/679 du 27 avril (GDPR) et de la Loi organique 3\/2018 du 5 d\u00e9cembre, sur la protection des donn\u00e9es personnelles et la garantie des droits num\u00e9riques (LOPDGDD), nous traiterons vos donn\u00e9es telles que refl\u00e9t\u00e9es dans cette Politique de confidentialit\u00e9.\n\nDans cette Politique de confidentialit\u00e9, nous d\u00e9crivons comment nous recueillons vos donn\u00e9es personnelles, pourquoi nous les recueillons, ce que nous en faisons, avec qui nous les partageons, comment nous les prot\u00e9geons et quelles sont vos options concernant le traitement de vos donn\u00e9es personnelles.\n\nCette Politique s&rsquo;applique au traitement de vos donn\u00e9es personnelles collect\u00e9es par l&rsquo;entreprise pour la fourniture de ses services. En acceptant les mesures de cette Politique, vous consentez \u00e0 ce que nous traitions vos donn\u00e9es personnelles telles que d\u00e9finies dans cette Politique.\n\n<ol start=\"2\">\n \t<li><strong>CONTACT<\/strong><\/li>\n<\/ol>\n\nRaison sociale : <strong>Iberequip S.L<\/strong>\n\nNom commercial : <strong>Iberequip<\/strong>\n\nAdresse : Espagne\n\nCourriel : <a target=\"_new\">info@iberequip.es<\/a>\n\n<ol start=\"3\">\n \t<li><strong>PRINCIPES CL\u00c9S<\/strong><\/li>\n<\/ol>\n\nNous nous sommes toujours engag\u00e9s \u00e0 fournir nos services avec le plus haut degr\u00e9 de qualit\u00e9, ce qui inclut le traitement de vos donn\u00e9es avec s\u00e9curit\u00e9 et transparence. Nos principes sont les suivants :\n\n<ul>\n \t<li><strong>L\u00e9galit\u00e9<\/strong> : Nous ne recueillerons vos donn\u00e9es personnelles que pour des finalit\u00e9s sp\u00e9cifiques, explicites et l\u00e9gitimes.<\/li>\n \t<li><strong>Minimisation des donn\u00e9es<\/strong> : Nous limitons la collecte de donn\u00e9es personnelles \u00e0 ce qui est strictement pertinent et n\u00e9cessaire aux fins pour lesquelles elles ont \u00e9t\u00e9 collect\u00e9es.<\/li>\n \t<li><strong>Limitation de la finalit\u00e9<\/strong> : Nous ne recueillerons vos donn\u00e9es personnelles que pour les finalit\u00e9s d\u00e9clar\u00e9es et uniquement selon vos souhaits.<\/li>\n \t<li><strong>Exactitude<\/strong> : Nous maintiendrons vos donn\u00e9es personnelles pr\u00e9cises et \u00e0 jour.<\/li>\n \t<li><strong>S\u00e9curit\u00e9 des donn\u00e9es<\/strong> : Nous appliquons des mesures techniques et organisationnelles appropri\u00e9es proportionnelles aux risques pour garantir que vos donn\u00e9es ne soient pas endommag\u00e9es, telles que la divulgation ou l&rsquo;acc\u00e8s non autoris\u00e9s, la destruction ou la perte accidentelle, ou l&rsquo;alt\u00e9ration accidentelle, et toute autre forme de traitement illicite.<\/li>\n \t<li><strong>Acc\u00e8s et rectification<\/strong> : Nous mettons \u00e0 votre disposition des moyens pour acc\u00e9der ou rectifier vos donn\u00e9es lorsque vous le jugez n\u00e9cessaire.<\/li>\n \t<li><strong>Conservation<\/strong> : Nous conservons vos donn\u00e9es personnelles de mani\u00e8re l\u00e9gale et appropri\u00e9e et uniquement pendant le temps n\u00e9cessaire aux fins pour lesquelles elles ont \u00e9t\u00e9 collect\u00e9es.<\/li>\n \t<li><strong>Transferts internationaux<\/strong> : Lorsque vos donn\u00e9es sont transf\u00e9r\u00e9es en dehors de l&rsquo;UE\/EEE, elles seront prot\u00e9g\u00e9es de mani\u00e8re ad\u00e9quate.<\/li>\n \t<li><strong>Tiers<\/strong> : L&rsquo;acc\u00e8s et le transfert de donn\u00e9es personnelles \u00e0 des tiers sont effectu\u00e9s conform\u00e9ment aux lois et r\u00e9glementations applicables et avec les garanties contractuelles appropri\u00e9es.<\/li>\n \t<li><strong>Marketing direct et cookies<\/strong> : Nous nous conformons \u00e0 la l\u00e9gislation en mati\u00e8re de publicit\u00e9 et de cookies applicable.<\/li>\n<\/ul>\n\n<ol start=\"4\">\n \t<li><strong>COLLECTE ET TRAITEMENT DE VOS DONN\u00c9ES PERSONNELLES<\/strong><\/li>\n<\/ol>\n\nLes types de donn\u00e9es qui peuvent \u00eatre demand\u00e9es et trait\u00e9es sont :\n\n<ul>\n \t<li>Informations d&rsquo;identification.<\/li>\n<\/ul>\n\nNous recueillons \u00e9galement automatiquement des donn\u00e9es sur votre visite sur notre site web, comme d\u00e9crit dans la politique en mati\u00e8re de cookies.\n\nChaque fois que nous demandons vos donn\u00e9es personnelles, nous vous informerons clairement des donn\u00e9es personnelles que nous recueillons et dans quel but. En g\u00e9n\u00e9ral, nous recueillons et traitons vos donn\u00e9es personnelles dans le but de :\n\n<ul>\n \t<li>Fournir des informations, des services, des produits, des informations pertinentes et des mises \u00e0 jour dans le secteur.<\/li>\n \t<li>Envoyer des communications.<\/li>\n<\/ul>\n\n<ol start=\"5\">\n \t<li><strong>L\u00c9GITIMIT\u00c9<\/strong><\/li>\n<\/ol>\n\nConform\u00e9ment \u00e0 la r\u00e9glementation applicable en mati\u00e8re de protection des donn\u00e9es, vos donn\u00e9es personnelles peuvent \u00eatre trait\u00e9es chaque fois que :\n\n<ul>\n \t<li>Vous avez donn\u00e9 votre consentement pour le traitement. Bien s\u00fbr, vous pouvez retirer votre consentement \u00e0 tout moment.<\/li>\n \t<li>Il existe une obligation l\u00e9gale.<\/li>\n \t<li>Il existe un int\u00e9r\u00eat l\u00e9gitime qui ne pr\u00e9vaut pas sur vos droits en mati\u00e8re de confidentialit\u00e9, tel que l&rsquo;envoi d&rsquo;informations commerciales soit par abonnement \u00e0 notre bulletin d&rsquo;information, soit en raison de votre statut de client.<\/li>\n \t<li>Il est n\u00e9cessaire pour la fourniture de l&rsquo;un de nos services dans le cadre d&rsquo;une relation contractuelle entre vous et nous.<\/li>\n<\/ul>\n\n<ol start=\"6\">\n \t<li><strong>COMMUNICATION DE DONN\u00c9ES PERSONNELLES<\/strong><\/li>\n<\/ol>\n\nLes donn\u00e9es peuvent \u00eatre communiqu\u00e9es \u00e0 des entreprises li\u00e9es \u00e0 <strong>Iberequip S.L<\/strong> pour la fourniture de diff\u00e9rents services en tant que sous-traitants. La soci\u00e9t\u00e9 ne r\u00e9alisera aucun transfert, sauf si la loi l&rsquo;exige.\n\n<ol start=\"7\">\n \t<li><strong>VOS DROITS<\/strong><\/li>\n<\/ol>\n\nEn ce qui concerne la collecte et le traitement de vos donn\u00e9es personnelles, vous pouvez nous contacter \u00e0 tout moment pour :\n\n<ul>\n \t<li>Acc\u00e9der \u00e0 vos donn\u00e9es personnelles et \u00e0 toute autre information indiqu\u00e9e \u00e0 l&rsquo;article 15.1 du GDPR.<\/li>\n \t<li>Rectifier vos donn\u00e9es personnelles inexactes ou incompl\u00e8tes conform\u00e9ment \u00e0 l&rsquo;article 16 du GDPR.<\/li>\n \t<li>Effacer vos donn\u00e9es personnelles conform\u00e9ment \u00e0 l\n\n&lsquo;article 17 du GDPR.<\/li>\n \t<li>Restreindre le traitement de vos donn\u00e9es personnelles conform\u00e9ment \u00e0 l&rsquo;article 18 du GDPR.<\/li>\n \t<li>Demander la portabilit\u00e9 de vos donn\u00e9es conform\u00e9ment \u00e0 l&rsquo;article 20 du GDPR.<\/li>\n \t<li>Vous opposer au traitement de vos donn\u00e9es personnelles conform\u00e9ment \u00e0 l&rsquo;article 21 du GDPR.<\/li>\n<\/ul>\n\nSi vous avez donn\u00e9 votre consentement pour un usage sp\u00e9cifique, vous avez le droit de retirer le consentement accord\u00e9 \u00e0 tout moment, sans que cela n&rsquo;affecte la lic\u00e9it\u00e9 du traitement bas\u00e9 sur le consentement pr\u00e9alable \u00e0 son retrait.\n\nVous pouvez exercer ces droits en envoyant une communication motiv\u00e9e et accr\u00e9dit\u00e9e \u00e0 votre <a target=\"_new\">adresse e-mail@votredomaine.com<\/a>.\n\nVous avez \u00e9galement le droit de d\u00e9poser une plainte aupr\u00e8s de l&rsquo;autorit\u00e9 de contr\u00f4le comp\u00e9tente (<a href=\"http:\/\/www.aepd.es\/\" target=\"_new\">www.aepd.es<\/a>) si vous estimez que le traitement ne respecte pas la r\u00e9glementation en vigueur.\n\n<ol start=\"8\">\n \t<li><strong>INFORMATIONS L\u00c9GALES<\/strong><\/li>\n<\/ol>\n\nLes exigences de cette Politique compl\u00e8tent, et ne remplacent pas, toute autre exigence existante en vertu de la l\u00e9gislation applicable en mati\u00e8re de protection des donn\u00e9es, qui pr\u00e9vaudra en tout \u00e9tat de cause.\n\nCette Politique est sujette \u00e0 des r\u00e9visions p\u00e9riodiques, et la soci\u00e9t\u00e9 peut la modifier \u00e0 tout moment. Lorsque cela se produit, nous vous informerons de tout changement et vous demanderons de revoir la derni\u00e8re version de notre Politique et de confirmer votre acceptation.\t\t\t\t\t\t\t\t<\/div>\n\t\t\t\t<\/div>\n\t\t\t\t\t<\/div>\n\t\t\t\t<\/div>\n\t\t\t\t<\/div>\n\t\t","protected":false},"excerpt":{"rendered":"<p>PRIVACY POLICY \u00daltima actualizaci\u00f3n: Febrero 2024. INFORMATIONS DE L&rsquo;UTILISATEUR Iberequip S.L, en tant que responsable du traitement, vous informe que, [&hellip;]<\/p>\n","protected":false},"author":1,"featured_media":0,"parent":0,"menu_order":0,"comment_status":"closed","ping_status":"closed","template":"","meta":{"_seopress_robots_primary_cat":"","_seopress_titles_title":"","_seopress_titles_desc":"","_seopress_robots_index":"","site-sidebar-layout":"no-sidebar","site-content-layout":"","ast-site-content-layout":"full-width-container","site-content-style":"default","site-sidebar-style":"default","ast-global-header-display":"","ast-banner-title-visibility":"","ast-main-header-display":"","ast-hfb-above-header-display":"","ast-hfb-below-header-display":"","ast-hfb-mobile-header-display":"","site-post-title":"disabled","ast-breadcrumbs-content":"","ast-featured-img":"disabled","footer-sml-layout":"","ast-disable-related-posts":"","theme-transparent-header-meta":"","adv-header-id-meta":"","stick-header-meta":"","header-above-stick-meta":"","header-main-stick-meta":"","header-below-stick-meta":"","astra-migrate-meta-layouts":"default","ast-page-background-enabled":"default","ast-page-background-meta":{"desktop":{"background-color":"var(--ast-global-color-4)","background-image":"","background-repeat":"repeat","background-position":"center center","background-size":"auto","background-attachment":"scroll","background-type":"","background-media":"","overlay-type":"","overlay-color":"","overlay-opacity":"","overlay-gradient":""},"tablet":{"background-color":"","background-image":"","background-repeat":"repeat","background-position":"center center","background-size":"auto","background-attachment":"scroll","background-type":"","background-media":"","overlay-type":"","overlay-color":"","overlay-opacity":"","overlay-gradient":""},"mobile":{"background-color":"","background-image":"","background-repeat":"repeat","background-position":"center center","background-size":"auto","background-attachment":"scroll","background-type":"","background-media":"","overlay-type":"","overlay-color":"","overlay-opacity":"","overlay-gradient":""}},"ast-content-background-meta":{"desktop":{"background-color":"var(--ast-global-color-5)","background-image":"","background-repeat":"repeat","background-position":"center center","background-size":"auto","background-attachment":"scroll","background-type":"","background-media":"","overlay-type":"","overlay-color":"","overlay-opacity":"","overlay-gradient":""},"tablet":{"background-color":"var(--ast-global-color-5)","background-image":"","background-repeat":"repeat","background-position":"center center","background-size":"auto","background-attachment":"scroll","background-type":"","background-media":"","overlay-type":"","overlay-color":"","overlay-opacity":"","overlay-gradient":""},"mobile":{"background-color":"var(--ast-global-color-5)","background-image":"","background-repeat":"repeat","background-position":"center center","background-size":"auto","background-attachment":"scroll","background-type":"","background-media":"","overlay-type":"","overlay-color":"","overlay-opacity":"","overlay-gradient":""}},"footnotes":""},"class_list":["post-1178","page","type-page","status-publish","hentry"],"_links":{"self":[{"href":"https:\/\/iberequip.com\/fr\/wp-json\/wp\/v2\/pages\/1178","targetHints":{"allow":["GET"]}}],"collection":[{"href":"https:\/\/iberequip.com\/fr\/wp-json\/wp\/v2\/pages"}],"about":[{"href":"https:\/\/iberequip.com\/fr\/wp-json\/wp\/v2\/types\/page"}],"author":[{"embeddable":true,"href":"https:\/\/iberequip.com\/fr\/wp-json\/wp\/v2\/users\/1"}],"replies":[{"embeddable":true,"href":"https:\/\/iberequip.com\/fr\/wp-json\/wp\/v2\/comments?post=1178"}],"version-history":[{"count":5,"href":"https:\/\/iberequip.com\/fr\/wp-json\/wp\/v2\/pages\/1178\/revisions"}],"predecessor-version":[{"id":1184,"href":"https:\/\/iberequip.com\/fr\/wp-json\/wp\/v2\/pages\/1178\/revisions\/1184"}],"wp:attachment":[{"href":"https:\/\/iberequip.com\/fr\/wp-json\/wp\/v2\/media?parent=1178"}],"curies":[{"name":"wp","href":"https:\/\/api.w.org\/{rel}","templated":true}]}}