{"id":1159,"date":"2024-02-20T17:03:56","date_gmt":"2024-02-20T16:03:56","guid":{"rendered":"https:\/\/iberequip.com\/cookie-policy\/"},"modified":"2024-03-18T13:00:16","modified_gmt":"2024-03-18T12:00:16","slug":"cookie-policy","status":"publish","type":"page","link":"https:\/\/iberequip.com\/fr\/cookie-policy\/","title":{"rendered":"Politique en mati\u00e8re de cookies"},"content":{"rendered":"\t\t<div data-elementor-type=\"wp-page\" data-elementor-id=\"1159\" class=\"elementor elementor-1159 elementor-70\" data-elementor-post-type=\"page\">\n\t\t\t\t\t\t<section class=\"elementor-section elementor-top-section elementor-element elementor-element-5d3a8f2 elementor-section-stretched elementor-section-boxed elementor-section-height-default elementor-section-height-default\" data-id=\"5d3a8f2\" data-element_type=\"section\" data-e-type=\"section\" data-settings=\"{&quot;background_background&quot;:&quot;classic&quot;,&quot;stretch_section&quot;:&quot;section-stretched&quot;}\">\n\t\t\t\t\t\t\t<div class=\"elementor-background-overlay\"><\/div>\n\t\t\t\t\t\t\t<div class=\"elementor-container elementor-column-gap-no\">\n\t\t\t\t\t<div class=\"elementor-column elementor-col-100 elementor-top-column elementor-element elementor-element-2d0c992\" data-id=\"2d0c992\" data-element_type=\"column\" data-e-type=\"column\">\n\t\t\t<div class=\"elementor-widget-wrap elementor-element-populated\">\n\t\t\t\t\t\t<div class=\"elementor-element elementor-element-fc013d1 elementor-widget__width-initial elementor-widget elementor-widget-heading\" data-id=\"fc013d1\" data-element_type=\"widget\" data-e-type=\"widget\" data-widget_type=\"heading.default\">\n\t\t\t\t<div class=\"elementor-widget-container\">\n\t\t\t\t\t<h2 class=\"elementor-heading-title elementor-size-default\">COOKIE POLICY<\/h2>\t\t\t\t<\/div>\n\t\t\t\t<\/div>\n\t\t\t\t\t<\/div>\n\t\t<\/div>\n\t\t\t\t\t<\/div>\n\t\t<\/section>\n\t\t<div class=\"elementor-element elementor-element-798a26b e-flex e-con-boxed e-con e-parent\" data-id=\"798a26b\" data-element_type=\"container\" data-e-type=\"container\">\n\t\t\t\t\t<div class=\"e-con-inner\">\n\t\t\t\t<div class=\"elementor-element elementor-element-8e84c75 elementor-widget elementor-widget-text-editor\" data-id=\"8e84c75\" data-element_type=\"widget\" data-e-type=\"widget\" data-widget_type=\"text-editor.default\">\n\t\t\t\t<div class=\"elementor-widget-container\">\n\t\t\t\t\t\t\t\t\t<h4><b>1. Identification.<\/b><\/h4>\n<b>1.1.<strong>Iberequip S.L<\/strong><\/b>, domicili\u00e9e en Espagne ; email <a href=\"mailto:info@iberequip.es\">info@iberequip.es<\/a> , est propri\u00e9taire du site web situ\u00e9 \u00e0 l&rsquo;adresse Internet <a href=\"https:\/\/iberequip.es\" target=\"_new\">https:\/\/iberequip.es <\/a> et de ses comptes sur les r\u00e9seaux sociaux (ci-apr\u00e8s, ce Site Web).\n\n<b>1.2.<\/b><span style=\"font-weight: 400;\"> La personne acc\u00e9dant \u00e0 ce Site Web (ci-apr\u00e8s, l&rsquo;Utilisateur) d\u00e9clare avoir la capacit\u00e9 juridique de le faire.<\/span>\n\n<b>1.3.<\/b><span style=\"font-weight: 400;\"> En acc\u00e9dant \u00e0 ce Site Web, l&rsquo;Utilisateur accepte express\u00e9ment toutes les clauses de son avis l\u00e9gal, de sa politique de confidentialit\u00e9, de cette politique de cookies, ainsi que toutes les conditions particuli\u00e8res recueillies pour l&rsquo;utilisation de certains services. En cas de non-acceptation de l&rsquo;une des clauses mentionn\u00e9es, l&rsquo;Utilisateur doit s&rsquo;abstenir d&rsquo;acc\u00e9der \u00e0 ce Site Web.<\/span>\n<h4><b>2. Cookies.<\/b><\/h4>\n<b>2.1.<\/b> <strong>Iberequip S.L<\/strong> informe l&rsquo;Utilisateur que ce Site Web utilise ses propres cookies et des cookies tiers pour son fonctionnement et pour analyser les habitudes de navigation.\n\n<b>2.2.<\/b><span style=\"font-weight: 400;\"> Les cookies sont des fichiers texte qui sont automatiquement stock\u00e9s sur les appareils de l&rsquo;Utilisateur (ordinateur, t\u00e9l\u00e9phone portable, tablette, etc.) lors de l&rsquo;acc\u00e8s \u00e0 certaines applications et pages Internet, et leurs finalit\u00e9s peuvent \u00eatre de fournir certains services ou de stocker et r\u00e9cup\u00e9rer des informations sur les habitudes de navigation des Utilisateurs sur un site Web.<\/span>\n\n<b>2.3.<\/b><span style=\"font-weight: 400;\"> L&rsquo;article 22.2 de la Loi 34\/2002, du 11 juillet, sur les services de la soci\u00e9t\u00e9 de l&rsquo;information et du commerce \u00e9lectronique (ci-apr\u00e8s, LSSI), \u00e9tablit que \u00ab\u00a0Les fournisseurs de services peuvent utiliser des dispositifs de stockage et de r\u00e9cup\u00e9ration de donn\u00e9es sur l&rsquo;\u00e9quipement terminal des destinataires, \u00e0 condition qu&rsquo;ils aient donn\u00e9 leur consentement apr\u00e8s avoir re\u00e7u des informations claires et compl\u00e8tes sur leur utilisation, en particulier sur les finalit\u00e9s du traitement des donn\u00e9es, conform\u00e9ment aux dispositions de la loi organique 15\/1999, du 13 d\u00e9cembre, sur la protection des donn\u00e9es \u00e0 caract\u00e8re personnel. Lorsque cela est techniquement possible et efficace, le consentement du destinataire pour accepter le traitement des donn\u00e9es peut \u00eatre facilit\u00e9 en utilisant des param\u00e8tres de navigateur appropri\u00e9s ou d&rsquo;autres applications, \u00e0 condition que le destinataire les configure lors de l&rsquo;installation ou de la mise \u00e0 jour par le biais d&rsquo;une action expresse \u00e0 cette fin. Cela n&#8217;emp\u00eache pas le stockage technique ou l&rsquo;acc\u00e8s uniquement dans le but de transmettre une communication sur un r\u00e9seau de communications \u00e9lectroniques ou, dans la mesure strictement n\u00e9cessaire, de fournir un service de la soci\u00e9t\u00e9 de l&rsquo;information explicitement demand\u00e9 par le destinataire.\u00a0\u00bb<\/span>\n\n<b>2.4.<\/b><span style=\"font-weight: 400;\"> En acc\u00e9dant \u00e0 ce Site Web, l&rsquo;Utilisateur accepte express\u00e9ment l&rsquo;utilisation des cookies d\u00e9crits ici. En cas de non-acceptation de l&rsquo;un des cookies mentionn\u00e9s, l&rsquo;Utilisateur doit s&rsquo;abstenir d&rsquo;acc\u00e9der \u00e0 ce Site Web.<\/span>\n\n<b>2.5.<\/b> <strong>Iberequip S.L<\/strong> se r\u00e9serve le droit d&rsquo;utiliser de nouveaux cookies ou de cesser d&rsquo;utiliser des cookies existants, il incombe donc \u00e0 l&rsquo;Utilisateur de les examiner avant d&rsquo;acc\u00e9der \u00e0 ce Site Web.\n<h4><b>3. Types.<\/b><\/h4>\n<b>3.1.<\/b><span style=\"font-weight: 400;\"> Selon leur finalit\u00e9, les cookies peuvent \u00eatre techniques, permettant aux Utilisateurs de naviguer sur un site Web et d&rsquo;utiliser les diff\u00e9rentes options ou services disponibles, tels que l&rsquo;identification de la session, l&rsquo;acc\u00e8s aux parties \u00e0 acc\u00e8s restreint, la demande d&rsquo;inscription ou de participation \u00e0 un \u00e9v\u00e9nement, l&rsquo;utilisation d&rsquo;\u00e9l\u00e9ments de s\u00e9curit\u00e9 pendant la navigation, le stockage de contenu pour la diffusion vid\u00e9o ou sonore, ou le partage de contenu via des r\u00e9seaux sociaux ; de personnalisation, permettant aux Utilisateurs d&rsquo;acc\u00e9der \u00e0 un site Web avec certaines caract\u00e9ristiques g\u00e9n\u00e9rales pr\u00e9d\u00e9finies en fonction de crit\u00e8res des terminaux des Utilisateurs, tels que la langue, le type de navigateur avec lequel ils acc\u00e8dent au service, ou la configuration r\u00e9gionale \u00e0 partir de laquelle ils acc\u00e8dent au service ; analytiques, permettant \u00e0 leurs responsables de suivre et d&rsquo;analyser le comportement des Utilisateurs sur les sites Web auxquels ils sont li\u00e9s (les informations collect\u00e9es par le biais de ce type de cookies sont utilis\u00e9es pour mesurer l&rsquo;activit\u00e9 des sites Web et pour l&rsquo;\u00e9laboration de profils de navigation des Utilisateurs de ces sites, afin d&rsquo;introduire des am\u00e9liorations bas\u00e9es sur l&rsquo;analyse des donn\u00e9es d&rsquo;utilisation r\u00e9alis\u00e9e par les Utilisateurs du service) ; publicitaires, permettant la gestion des espaces publicitaires inclus sur un site Web en fonction de crit\u00e8res tels que le contenu \u00e9dit\u00e9 ou la fr\u00e9quence \u00e0 laquelle les annonces sont affich\u00e9es ; ou de publicit\u00e9 comportementale, permettant la gestion des espaces publicitaires inclus sur un site Web (ces cookies stockent des informations sur le comportement des Utilisateurs obtenues gr\u00e2ce \u00e0 l&rsquo;observation continue de leurs habitudes de navigation, ce qui permet de d\u00e9velopper un profil sp\u00e9cifique pour afficher de la publicit\u00e9 en fonction de celui-ci).<\/span>\n\n<b>3.2.<\/b><span style=\"font-weight: 400;\"> Selon celui qui envoie, g\u00e8re et traite les donn\u00e9es obtenues, les cookies peuvent \u00eatre propri\u00e9taires, g\u00e9r\u00e9s par le propri\u00e9taire du site Web ; et tiers, g\u00e9r\u00e9s par une autre entit\u00e9.<\/span>\n\n<b>3.3.<\/b><span style=\"font-weight: 400;\"> Selon la dur\u00e9e pendant laquelle ils restent actifs sur les appareils des Utilisateurs, les cookies peuvent \u00eatre de session, con\u00e7us pour collecter et stocker des donn\u00e9es pendant que les Utilisateurs acc\u00e8dent \u00e0 un site Web ; et persistants, permettant de stocker, d&rsquo;acc\u00e9der et de traiter des donn\u00e9es sur les appareils des Utilisateurs pendant une p\u00e9riode d\u00e9finie par le propri\u00e9taire du cookie, qui peut aller de quelques minutes \u00e0 plusieurs ann\u00e9es.<\/span>\n\n<b>3.4.<\/b><span style=\"font-weight: 400;\"> Les cookies d&rsquo;entr\u00e9e pour les Utilisateurs, l&rsquo;authentification ou l&rsquo;identification des Utilisateurs, la s\u00e9curit\u00e9 des Utilisateurs, la session du lecteur multim\u00e9dia, la session de r\u00e9partition de la charge, la personnalisation de l&rsquo;interface des Utilisateurs, ou le plugin pour le partage de contenu social ; sont exempt\u00e9s de l&rsquo;obligation de se conformer \u00e0 l&rsquo;article 22.2 de la LSSI.<\/span>\n<h4><b>4. Cookies utilis\u00e9s sur ce Site Web.<\/b><\/h4>\n<b>4.1.<\/b><span style=\"font-weight: 400;\"> Tableau des cookies utilis\u00e9s sur ce Site Web :<\/span>\n<table>\n<tbody>\n<tr>\n<td><b>Nom<\/b><\/td>\n<td><b>Service<\/b><\/td>\n<td><b>Finalit\u00e9<\/b><\/td>\n<td><b>Type<\/b><\/td>\n<td><b>Domaine<\/b><\/td>\n<td><b>Dur\u00e9e<\/b><\/td>\n<td><b>Plus d&rsquo;informations<\/b><\/td>\n<\/tr>\n<tr>\n<td><span style=\"font-weight: 400;\">__utma<\/span><\/td>\n<td><span style=\"font-weight: 400;\">Google Analytics<\/span><\/td>\n<td>Utilis\u00e9 pour distinguer les Utilisateurs et les sessions. Le cookie est cr\u00e9\u00e9 lorsque la biblioth\u00e8que JavaScript est ex\u00e9cut\u00e9e et qu&rsquo;il n&rsquo;y a pas de cookie __utma. Le cookie est mis \u00e0 jour chaque fois que des donn\u00e9es sont envoy\u00e9es \u00e0 Google Analytics<\/td>\n<td>Analyse<\/td>\n<td><span style=\"font-weight: 400;\">Premi\u00e8re partie et tiers (Google Inc.)<\/span><\/td>\n<td><span style=\"font-weight: 400;\">Deux ans \u00e0 partir de la configuration ou de la mise \u00e0 jour<\/span><\/td>\n<td><a href=\"https:\/\/developers.google.com\/analytics\/devguides\/collection\/analyticsjs\/cookie-usage\"><span style=\"font-weight: 400;\">Cliquez ici<\/span><\/a><\/td>\n<\/tr>\n<tr>\n<td><span style=\"font-weight: 400;\">__utmb<\/span><\/td>\n<td><span style=\"font-weight: 400;\">Google Analytics<\/span><\/td>\n<td><span style=\"font-weight: 400;\">Utilis\u00e9 pour d\u00e9terminer de nouvelles sessions ou visites. Le cookie est cr\u00e9\u00e9 lorsque la biblioth\u00e8que JavaScript est ex\u00e9cut\u00e9e et qu&rsquo;il n&rsquo;y a pas de cookie __utmb. Le cookie est mis \u00e0 jour chaque fois que des donn\u00e9es sont envoy\u00e9es \u00e0 Google Analytics<\/span><\/td>\n<td><span style=\"font-weight: 400;\">Analyse<\/span><\/td>\n<td><span style=\"font-weight: 400;\">Premi\u00e8re partie et tiers (Google Inc.)<\/span><\/td>\n<td><span style=\"font-weight: 400;\">30 minutes \u00e0 partir de la configuration ou de la mise \u00e0 jour<\/span><\/td>\n<td><a href=\"https:\/\/developers.google.com\/analytics\/devguides\/collection\/analyticsjs\/cookie-usage\"><span style=\"font-weight: 400;\">Cliquez ici<\/span><\/a><\/td>\n<\/tr>\n<tr>\n<td><span style=\"font-weight: 400;\">__utmc<\/span><\/td>\n<td><span style=\"font-weight: 400;\">Google Analytics<\/span><\/td>\n<td><span style=\"font-weight: 400;\">Non utilis\u00e9 dans ga.js. Il est configur\u00e9 pour interagir avec urchin.js. Auparavant, ce cookie fonctionnait avec le cookie __utmb pour d\u00e9terminer si l&rsquo;Utilisateur \u00e9tait dans une nouvelle session ou visite <\/span><\/td>\n<td><span style=\"font-weight: 400;\">Analyse<\/span><\/td>\n<td><span style=\"font-weight: 400;\">Premi\u00e8re partie et tiers (Google Inc.)<\/span><\/td>\n<td><span style=\"font-weight: 400;\">Fin de la session du navigateur<\/span><\/td>\n<td><a href=\"https:\/\/developers.google.com\/analytics\/devguides\/collection\/analyticsjs\/cookie-usage\"><span style=\"font-weight: 400;\">Cliquez ici<\/span><\/a><\/td>\n<\/tr>\n<tr>\n<td><span style=\"font-weight: 400;\">__utmz<\/span><\/td>\n<td><span style=\"font-weight: 400;\">Google Analytics<\/span><\/td>\n<td><span style=\"font-weight: 400;\">Stocke la source de trafic ou la campagne qui explique comment l&rsquo;Utilisateur est arriv\u00e9 sur le site. Le cookie est cr\u00e9\u00e9 lorsque la biblioth\u00e8que JavaScript est ex\u00e9cut\u00e9e et est mis \u00e0 jour chaque fois que des donn\u00e9es sont envoy\u00e9es \u00e0 Google Analytics<\/span><\/td>\n<td><span style=\"font-weight: 400;\">Analyse<\/span><\/td>\n<td><span style=\"font-weight: 400;\">Premi\u00e8re partie et tiers (Google Inc.)<\/span><\/td>\n<td><span style=\"font-weight: 400;\">Six mois \u00e0 partir de la configuration ou de la mise \u00e0 jour<\/span><\/td>\n<td><a href=\"https:\/\/developers.google.com\/analytics\/devguides\/collection\/analyticsjs\/cookie-usage\"><span style=\"font-weight: 400;\">Cliquez ici<\/span><\/a><\/td>\n<\/tr>\n<tr>\n<td><span style=\"font-weight: 400;\">__utmv<\/span><\/td>\n<td><span style=\"font-weight: 400;\">Google Analytics<\/span><\/td>\n<td><span style=\"font-weight: 400;\">Utilis\u00e9 pour stocker les donn\u00e9es de variables personnalis\u00e9es au niveau du visiteur. Ce cookie est cr\u00e9\u00e9 lorsqu&rsquo;un d\u00e9veloppeur utilise la m\u00e9thode _setCustomVar avec une variable personnalis\u00e9e au niveau du visiteur. Il \u00e9tait \u00e9galement utilis\u00e9 pour la m\u00e9thode _setVar obsol\u00e8te. Le cookie est mis \u00e0 jour chaque fois que des donn\u00e9es sont envoy\u00e9es \u00e0 Google Analytics <\/span><\/td>\n<td><span style=\"font-weight: 400;\">Analyse<\/span><\/td>\n<td><span style=\"font-weight: 400;\">Premi\u00e8re partie et tiers (Google Inc.)<\/span><\/td>\n<td><span style=\"font-weight: 400;\">Deux ans \u00e0 partir de la configuration ou de la mise \u00e0 jour<\/span><\/td>\n<td><a href=\"https:\/\/developers.google.com\/analytics\/devguides\/collection\/analyticsjs\/cookie-usage\"><span style=\"font-weight: 400;\">Cliquez ici<\/span><\/a><\/td>\n<\/tr>\n<tr>\n<td><span style=\"font-weight: 400;\">viewed_cookie_policy<\/span><\/td>\n<td><span style=\"font-weight: 400;\">EU Cookie Law Info<\/span><\/td>\n<td><span style=\"font-weight: 400;\">Se souvenir de l&rsquo;option d&rsquo;acceptation des cookies <\/span><\/td>\n<td><span style=\"font-weight: 400;\">Technique <\/span><\/td>\n<td><span style=\"font-weight: 400;\">Premi\u00e8re partie<\/span><\/td>\n<td><span style=\"font-weight: 400;\">Un an<\/span><\/td>\n<td><a href=\"http:\/\/www.cookielawinfo.com\/\"><span style=\"font-weight: 400;\">Cliquez ici<\/span><\/a><\/td>\n<\/tr>\n<\/tbody>\n<\/table>\n<b>4.2.<\/b><span style=\"font-weight: 400;\"> En raison des caract\u00e9ristiques de l&rsquo;Internet, <strong>Iberequip S.L<\/strong> n&rsquo;a pas toujours d&rsquo;informations sur les cookies plac\u00e9s par des tiers.<\/span>\n\n<b>4.3.<\/b><span style=\"font-weight: 400;\"> Dans le cas o\u00f9 l&rsquo;Utilisateur d\u00e9tecte des cookies sur ce Site Web qui ne sont pas d\u00e9crits ici, il doit en informer <strong>Iberequip S.L<\/strong> via la section de contact.<\/span>\n<h4><b>5. R\u00e9seaux sociaux.<\/b><\/h4>\n<b>5.1.<\/b><span style=\"font-weight: 400;\"> En acc\u00e9dant aux comptes de <strong>Iberequip S.L<\/strong>\u00a0sur les r\u00e9seaux sociaux, l&rsquo;Utilisateur accepte l&rsquo;utilisation de cookies par ceux-ci conform\u00e9ment \u00e0 leurs politiques en mati\u00e8re de cookies.<\/span>\n\n<b>6.1.<\/b><span style=\"font-weight: 400;\"> L&rsquo;Utilisateur peut autoriser, bloquer ou supprimer les cookies install\u00e9s sur son appareil en configurant les options de son navigateur.<\/span>\n<ul>\n \t<li style=\"font-weight: 400;\" aria-level=\"1\"><a href=\"https:\/\/support.google.com\/chrome\/answer\/95647?hl=%22es%22\"><span style=\"font-weight: 400;\">Plus d&rsquo;informations sur Chrome.<\/span><\/a><span style=\"font-weight: 400;\">.<\/span><\/li>\n \t<li style=\"font-weight: 400;\" aria-level=\"1\"><a href=\"https:\/\/support.mozilla.org\/es\/kb\/Borrar%20cookies\"><span style=\"font-weight: 400;\">Plus d&rsquo;informations sur FireFox.<\/span><\/a><\/li>\n \t<li style=\"font-weight: 400;\" aria-level=\"1\"><a href=\"http:\/\/windows.microsoft.com\/es-xl\/internet-explorer\/delete-manage-cookies#ie=%22ie-10%22%20t\"><span style=\"font-weight: 400;\">Plus d&rsquo;informations sur Internet Explorer.<\/span><\/a><\/li>\n \t<li style=\"font-weight: 400;\" aria-level=\"1\"><a href=\"https:\/\/www.apple.com\/es\/privacy\/use-of-cookies\/\"><span style=\"font-weight: 400;\">Plus d&rsquo;informations sur Safari.<\/span><\/a><\/li>\n \t<li style=\"font-weight: 400;\" aria-level=\"1\"><a href=\"http:\/\/help.opera.com\/Windows\/11.50\/es-ES\/cookies.html\"><span style=\"font-weight: 400;\">Plus d&rsquo;informations sur Opera.<\/span><\/a><\/li>\n<\/ul>\n<b>6.2.<\/b><span style=\"font-weight: 400;\"> Pour obtenir un module compl\u00e9mentaire de d\u00e9sactivation de Google Analytics pour les navigateurs, <a href=\"http:\/\/www.agpd.es\/portalwebAGPD\/canaldocumentacion\/publicaciones\/common\/Guias\/Guia_Cookies.pdf\">cliquez ici.<\/a><\/span>\n<h4><b>7. Guide sur l&rsquo;utilisation des cookies.<\/b><\/h4>\n<b>7.1.<\/b><span style=\"font-weight: 400;\"> Pour obtenir le guide d&rsquo;utilisation des cookies \u00e9labor\u00e9 par l&rsquo;Agence espagnole de protection des donn\u00e9es, <a href=\"https:\/\/www.aepd.es\/\">cliquez ici<\/a>.<\/span>\n\t\t\t\t\t\t\t\t<\/div>\n\t\t\t\t<\/div>\n\t\t\t\t\t<\/div>\n\t\t\t\t<\/div>\n\t\t\t\t<\/div>\n\t\t","protected":false},"excerpt":{"rendered":"<p>COOKIE POLICY 1. Identification. 1.1.Iberequip S.L, domicili\u00e9e en Espagne ; email info@iberequip.es , est propri\u00e9taire du site web situ\u00e9 \u00e0 [&hellip;]<\/p>\n","protected":false},"author":1,"featured_media":0,"parent":0,"menu_order":0,"comment_status":"closed","ping_status":"closed","template":"","meta":{"_seopress_robots_primary_cat":"","_seopress_titles_title":"","_seopress_titles_desc":"","_seopress_robots_index":"","site-sidebar-layout":"no-sidebar","site-content-layout":"","ast-site-content-layout":"full-width-container","site-content-style":"default","site-sidebar-style":"default","ast-global-header-display":"","ast-banner-title-visibility":"","ast-main-header-display":"","ast-hfb-above-header-display":"","ast-hfb-below-header-display":"","ast-hfb-mobile-header-display":"","site-post-title":"disabled","ast-breadcrumbs-content":"","ast-featured-img":"disabled","footer-sml-layout":"","ast-disable-related-posts":"","theme-transparent-header-meta":"","adv-header-id-meta":"","stick-header-meta":"","header-above-stick-meta":"","header-main-stick-meta":"","header-below-stick-meta":"","astra-migrate-meta-layouts":"default","ast-page-background-enabled":"default","ast-page-background-meta":{"desktop":{"background-color":"var(--ast-global-color-4)","background-image":"","background-repeat":"repeat","background-position":"center center","background-size":"auto","background-attachment":"scroll","background-type":"","background-media":"","overlay-type":"","overlay-color":"","overlay-opacity":"","overlay-gradient":""},"tablet":{"background-color":"","background-image":"","background-repeat":"repeat","background-position":"center center","background-size":"auto","background-attachment":"scroll","background-type":"","background-media":"","overlay-type":"","overlay-color":"","overlay-opacity":"","overlay-gradient":""},"mobile":{"background-color":"","background-image":"","background-repeat":"repeat","background-position":"center center","background-size":"auto","background-attachment":"scroll","background-type":"","background-media":"","overlay-type":"","overlay-color":"","overlay-opacity":"","overlay-gradient":""}},"ast-content-background-meta":{"desktop":{"background-color":"var(--ast-global-color-5)","background-image":"","background-repeat":"repeat","background-position":"center center","background-size":"auto","background-attachment":"scroll","background-type":"","background-media":"","overlay-type":"","overlay-color":"","overlay-opacity":"","overlay-gradient":""},"tablet":{"background-color":"var(--ast-global-color-5)","background-image":"","background-repeat":"repeat","background-position":"center center","background-size":"auto","background-attachment":"scroll","background-type":"","background-media":"","overlay-type":"","overlay-color":"","overlay-opacity":"","overlay-gradient":""},"mobile":{"background-color":"var(--ast-global-color-5)","background-image":"","background-repeat":"repeat","background-position":"center center","background-size":"auto","background-attachment":"scroll","background-type":"","background-media":"","overlay-type":"","overlay-color":"","overlay-opacity":"","overlay-gradient":""}},"footnotes":""},"class_list":["post-1159","page","type-page","status-publish","hentry"],"_links":{"self":[{"href":"https:\/\/iberequip.com\/fr\/wp-json\/wp\/v2\/pages\/1159","targetHints":{"allow":["GET"]}}],"collection":[{"href":"https:\/\/iberequip.com\/fr\/wp-json\/wp\/v2\/pages"}],"about":[{"href":"https:\/\/iberequip.com\/fr\/wp-json\/wp\/v2\/types\/page"}],"author":[{"embeddable":true,"href":"https:\/\/iberequip.com\/fr\/wp-json\/wp\/v2\/users\/1"}],"replies":[{"embeddable":true,"href":"https:\/\/iberequip.com\/fr\/wp-json\/wp\/v2\/comments?post=1159"}],"version-history":[{"count":5,"href":"https:\/\/iberequip.com\/fr\/wp-json\/wp\/v2\/pages\/1159\/revisions"}],"predecessor-version":[{"id":1165,"href":"https:\/\/iberequip.com\/fr\/wp-json\/wp\/v2\/pages\/1159\/revisions\/1165"}],"wp:attachment":[{"href":"https:\/\/iberequip.com\/fr\/wp-json\/wp\/v2\/media?parent=1159"}],"curies":[{"name":"wp","href":"https:\/\/api.w.org\/{rel}","templated":true}]}}