{"id":1151,"date":"2024-02-26T12:03:11","date_gmt":"2024-02-26T11:03:11","guid":{"rendered":"https:\/\/iberequip.com\/accesibility\/"},"modified":"2024-03-18T12:55:30","modified_gmt":"2024-03-18T11:55:30","slug":"accesibility","status":"publish","type":"page","link":"https:\/\/iberequip.com\/fr\/accesibility\/","title":{"rendered":"Accesibility"},"content":{"rendered":"\t\t<div data-elementor-type=\"wp-page\" data-elementor-id=\"1151\" class=\"elementor elementor-1151 elementor-863\" data-elementor-post-type=\"page\">\n\t\t\t\t\t\t<section class=\"elementor-section elementor-top-section elementor-element elementor-element-f979eb0 elementor-section-stretched elementor-section-boxed elementor-section-height-default elementor-section-height-default\" data-id=\"f979eb0\" data-element_type=\"section\" data-e-type=\"section\" data-settings=\"{&quot;background_background&quot;:&quot;classic&quot;,&quot;stretch_section&quot;:&quot;section-stretched&quot;}\">\n\t\t\t\t\t\t\t<div class=\"elementor-background-overlay\"><\/div>\n\t\t\t\t\t\t\t<div class=\"elementor-container elementor-column-gap-no\">\n\t\t\t\t\t<div class=\"elementor-column elementor-col-100 elementor-top-column elementor-element elementor-element-5f3f242\" data-id=\"5f3f242\" data-element_type=\"column\" data-e-type=\"column\">\n\t\t\t<div class=\"elementor-widget-wrap elementor-element-populated\">\n\t\t\t\t\t\t<div class=\"elementor-element elementor-element-210bd30 elementor-widget__width-initial elementor-widget elementor-widget-heading\" data-id=\"210bd30\" data-element_type=\"widget\" data-e-type=\"widget\" data-widget_type=\"heading.default\">\n\t\t\t\t<div class=\"elementor-widget-container\">\n\t\t\t\t\t<h2 class=\"elementor-heading-title elementor-size-default\">ACCESIBILITY<\/h2>\t\t\t\t<\/div>\n\t\t\t\t<\/div>\n\t\t\t\t\t<\/div>\n\t\t<\/div>\n\t\t\t\t\t<\/div>\n\t\t<\/section>\n\t\t<div class=\"elementor-element elementor-element-c418a19 e-flex e-con-boxed e-con e-parent\" data-id=\"c418a19\" data-element_type=\"container\" data-e-type=\"container\">\n\t\t\t\t\t<div class=\"e-con-inner\">\n\t\t\t\t<div class=\"elementor-element elementor-element-6355a0f elementor-widget elementor-widget-text-editor\" data-id=\"6355a0f\" data-element_type=\"widget\" data-e-type=\"widget\" data-widget_type=\"text-editor.default\">\n\t\t\t\t<div class=\"elementor-widget-container\">\n\t\t\t\t\t\t\t\t\t<p class=\"p1\"><b>1. <strong>INTRODUCTION<\/strong><\/b><\/p>\n<p class=\"p1\"><strong>Iberequip S.L<\/strong> s&rsquo;est engag\u00e9e \u00e0 rendre son site web et son application mobile accessibles conform\u00e9ment au <a href=\"https:\/\/www.boe.es\/buscar\/act.php?id=BOE-A-2018-12699\">D\u00e9cret Royal 1112\/2018, du 7 septembre<\/a>, sur l&rsquo;accessibilit\u00e9 des sites web et des applications mobiles du secteur public.<\/p>\n\n<div class=\"flex-1 overflow-hidden\">\n<div class=\"react-scroll-to-bottom--css-anlep-79elbk h-full\">\n<div class=\"react-scroll-to-bottom--css-anlep-1n7m0yu\">\n<div class=\"flex flex-col pb-9 text-sm\">\n<div class=\"w-full text-token-text-primary\" data-testid=\"conversation-turn-9\">\n<div class=\"px-4 py-2 justify-center text-base md:gap-6 m-auto\">\n<div class=\"flex flex-1 text-base mx-auto gap-3 md:px-5 lg:px-1 xl:px-5 md:max-w-3xl lg:max-w-[40rem] xl:max-w-[48rem] group final-completion\">\n<div class=\"relative flex w-full flex-col agent-turn\">\n<div class=\"flex-col gap-1 md:gap-3\">\n<div class=\"flex flex-grow flex-col max-w-full\">\n<div class=\"min-h-[20px] text-message flex flex-col items-start gap-3 whitespace-pre-wrap break-words [.text-message+&amp;]:mt-5 overflow-x-auto\" data-message-author-role=\"assistant\" data-message-id=\"bf41585a-63e0-4b12-8e4e-6d4e016ea276\">\n<div class=\"markdown prose w-full break-words dark:prose-invert light\">\n\nCette d\u00e9claration d&rsquo;accessibilit\u00e9 s&rsquo;applique \u00e0 <a href=\"https:\/\/iberequip.es\/\" target=\"_new\">https:\/\/iberequip<\/a><a href=\"https:\/\/asesoriaenergeticaeltorno.es\/\" target=\"_new\">.es\/<\/a>\n\n<\/div>\n<\/div>\n<\/div>\n<\/div>\n<\/div>\n<\/div>\n<\/div>\n<\/div>\n<\/div>\n<\/div>\n<\/div>\n<\/div>\n<\/div>\n<\/div>\n<div class=\"w-full pt-2 md:pt-0 dark:border-white\/20 md:border-transparent md:dark:border-transparent md:w-[calc(100%-.5rem)]\"><form class=\"stretch mx-2 flex flex-row gap-3 last:mb-2 md:mx-4 md:last:mb-6 lg:mx-auto lg:max-w-2xl xl:max-w-3xl\">\n<div class=\"relative flex h-full flex-1 flex-col\">\n<div class=\"flex w-full items-center\"><\/div>\n<\/div>\n<\/form><\/div>\n<p class=\"p1\"><b>2. <strong>RECOMMANDATIONS POUR SON APPLICATION DANS LE CONTEXTE NATIONAL<\/strong><\/b><\/p>\n\n<ul class=\"ul1\">\n \t<li class=\"li1\">La d\u00e9claration d&rsquo;accessibilit\u00e9 peut se r\u00e9f\u00e9rer \u00e0 un ou plusieurs sites web et\/ou \u00e0 une ou plusieurs applications mobiles tant qu&rsquo;ils ont le m\u00eame statut de conformit\u00e9, le m\u00eame contenu inaccessible, et appliquent \u00e9galement les m\u00eames informations que le reste de la d\u00e9claration. Cependant, pour plus de clart\u00e9 dans la lecture et l&rsquo;interpr\u00e9tation pour les utilisateurs, il est recommand\u00e9 d&rsquo;avoir une d\u00e9claration d&rsquo;accessibilit\u00e9 pour chaque site web ou pour chaque application mobile.<\/li>\n \t<li class=\"li1\">Indiquez la port\u00e9e de la d\u00e9claration en listant les liens vers les sites web et\/ou applications mobiles auxquels elle s&rsquo;applique. Dans le cas des applications mobiles, les d\u00e9tails (syst\u00e8me d&rsquo;exploitation, version&#8230;) et la date de version doivent \u00eatre fournis.<\/li>\n \t<li class=\"li2\">\n<div class=\"flex-1 overflow-hidden\">\n<div class=\"react-scroll-to-bottom--css-anlep-79elbk h-full\">\n<div class=\"react-scroll-to-bottom--css-anlep-1n7m0yu\">\n<div class=\"flex flex-col pb-9 text-sm\">\n<div class=\"w-full text-token-text-primary\" data-testid=\"conversation-turn-11\">\n<div class=\"px-4 py-2 justify-center text-base md:gap-6 m-auto\">\n<div class=\"flex flex-1 text-base mx-auto gap-3 md:px-5 lg:px-1 xl:px-5 md:max-w-3xl lg:max-w-[40rem] xl:max-w-[48rem] group final-completion\">\n<div class=\"relative flex w-full flex-col agent-turn\">\n<div class=\"flex-col gap-1 md:gap-3\">\n<div class=\"flex flex-grow flex-col max-w-full\">\n<div class=\"min-h-[20px] text-message flex flex-col items-start gap-3 whitespace-pre-wrap break-words [.text-message+&amp;]:mt-5 overflow-x-auto\" data-message-author-role=\"assistant\" data-message-id=\"33e64de0-0daa-4ce7-92ca-a4ea8e4754ea\">\n<div class=\"markdown prose w-full break-words dark:prose-invert light\">\n\nLa r\u00e9f\u00e9rence \u00e0 la \u00ab\u00a0l\u00e9gislation nationale transposant la Directive\u00a0\u00bb est le\u00a0<a href=\"https:\/\/www.boe.es\/buscar\/act.php?id=BOE-A-2018-12699\">D\u00e9cret Royal 1112\/2018, du 7 septembre<\/a>, sur l&rsquo;accessibilit\u00e9 des sites web et des applications mobiles du secteur public.\n\n<\/div>\n<\/div>\n<\/div>\n<\/div>\n<\/div>\n<\/div>\n<\/div>\n<\/div>\n<\/div>\n<\/div>\n<\/div>\n<\/div>\n<\/div><\/li>\n<\/ul>\n<p class=\"p1\"><b>2.2. <strong>STATUT DE CONFORMIT\u00c9<\/strong><\/b><\/p>\n<p class=\"p1\">Ce site web est partiellement conforme aux exigences en mati\u00e8re d&rsquo;accessibilit\u00e9 en raison de non-conformit\u00e9s avec les aspects suivants :<\/p>\n\n<ul class=\"ul1\">\n \t<li>Vid\u00e9o d&rsquo;en-t\u00eate sur la page d&rsquo;accueil.<\/li>\n<\/ul>\n<ul class=\"ul1\">\n \t<li class=\"li1\">Certains aspects du formulaire de contact.<\/li>\n<\/ul>\n<ul class=\"ul1\">\n \t<li>Utilisation occasionnelle de couleurs avec un faible contraste.<\/li>\n<\/ul>\n<p class=\"p1\"><b>2.3. <strong>\u00c9LABORATION DE CETTE D\u00c9CLARATION D&rsquo;ACCESSIBILIT\u00c9<\/strong><\/b><\/p>\n<p class=\"p1\">Cette d\u00e9claration a \u00e9t\u00e9 pr\u00e9par\u00e9e le 14\/03\/2023, sur la base d&rsquo;une auto-\u00e9valuation r\u00e9alis\u00e9e par l&rsquo;organisme du secteur public.<\/p>\n<p class=\"p1\"><b>2.4. <strong>COMMENTAIRES ET COORDONN\u00c9ES DE CONTACT<\/strong><\/b><\/p>\n<p class=\"p1\">Vous pouvez communiquer les exigences en mati\u00e8re d&rsquo;accessibilit\u00e9 (article 10.2.a) du RD 1112\/2018), telles que :<\/p>\n\n<ul>\n \t<li>Signaler tout \u00e9ventuel non-respect par ce site web.<\/li>\n<\/ul>\n<ul>\n \t<li>Transmettre d&rsquo;autres difficult\u00e9s d&rsquo;acc\u00e8s au contenu.<\/li>\n<\/ul>\n<ul>\n \t<li>Poser toute autre question ou suggestion pour am\u00e9liorer l&rsquo;accessibilit\u00e9 du site web via l&rsquo;adresse e-mail suivante : <a target=\"_new\">info@iberequip.es<\/a><\/li>\n<\/ul>\nVous pouvez d\u00e9poser une plainte concernant le respect des exigences du RD 1112\/2018, ou une demande d&rsquo;information accessible concernant :\n<ul>\n \t<li style=\"list-style-type: none;\">\n<ul>\n \t<li class=\"p1\">Contenus exclus du champ d&rsquo;application du RD 1112\/2018 tel que d\u00e9fini \u00e0 l&rsquo;article 3, paragraphe 4.<\/li>\n \t<li class=\"p1\">Contenus exempt\u00e9s du respect des exigences en mati\u00e8re d&rsquo;accessibilit\u00e9 en raison de l&rsquo;imposition d&rsquo;une charge disproportionn\u00e9e.<\/li>\n<\/ul>\n<\/li>\n<\/ul>\n<p class=\"p1\">Dans la demande d&rsquo;information accessible, les faits, les raisons et la demande doivent \u00eatre clairement sp\u00e9cifi\u00e9s pour d\u00e9montrer qu&rsquo;il s&rsquo;agit d&rsquo;une demande raisonnable et l\u00e9gitime.<\/p>\n<p class=\"p1\"><b>2.5. <strong>PROC\u00c9DURE D&rsquo;APPLICATION<\/strong><\/b><\/p>\n<p class=\"p1\">Si une demande d&rsquo;information accessible ou une plainte a \u00e9t\u00e9 rejet\u00e9e, si vous n&rsquo;\u00eates pas d&rsquo;accord avec la d\u00e9cision prise, ou si la r\u00e9ponse ne r\u00e9pond pas aux exigences d\u00e9finies \u00e0 l&rsquo;article 12.5, la partie int\u00e9ress\u00e9e peut engager une r\u00e9clamation. De m\u00eame, une r\u00e9clamation peut \u00eatre engag\u00e9e si le d\u00e9lai de vingt jours ouvrables est \u00e9coul\u00e9 sans obtenir de r\u00e9ponse.<\/p>\n<p class=\"p1\">La r\u00e9clamation peut \u00eatre d\u00e9pos\u00e9e via l&rsquo;Instance G\u00e9n\u00e9rique du Bureau \u00c9lectronique du Minist\u00e8re des Affaires \u00c9conomiques et de la Transformation Num\u00e9rique, ainsi que par les autres options pr\u00e9vues par la Loi 39\/2015, du 1er octobre, sur la Proc\u00e9dure Administrative Commune des Administrations Publiques.<\/p>\n\t\t\t\t\t\t\t\t<\/div>\n\t\t\t\t<\/div>\n\t\t\t\t\t<\/div>\n\t\t\t\t<\/div>\n\t\t\t\t<\/div>\n\t\t","protected":false},"excerpt":{"rendered":"<p>ACCESIBILITY 1. INTRODUCTION Iberequip S.L s&rsquo;est engag\u00e9e \u00e0 rendre son site web et son application mobile accessibles conform\u00e9ment au D\u00e9cret [&hellip;]<\/p>\n","protected":false},"author":1,"featured_media":0,"parent":0,"menu_order":0,"comment_status":"closed","ping_status":"closed","template":"","meta":{"_seopress_robots_primary_cat":"","_seopress_titles_title":"","_seopress_titles_desc":"","_seopress_robots_index":"","site-sidebar-layout":"no-sidebar","site-content-layout":"","ast-site-content-layout":"full-width-container","site-content-style":"default","site-sidebar-style":"default","ast-global-header-display":"","ast-banner-title-visibility":"","ast-main-header-display":"","ast-hfb-above-header-display":"","ast-hfb-below-header-display":"","ast-hfb-mobile-header-display":"","site-post-title":"disabled","ast-breadcrumbs-content":"","ast-featured-img":"disabled","footer-sml-layout":"","ast-disable-related-posts":"","theme-transparent-header-meta":"","adv-header-id-meta":"","stick-header-meta":"","header-above-stick-meta":"","header-main-stick-meta":"","header-below-stick-meta":"","astra-migrate-meta-layouts":"default","ast-page-background-enabled":"default","ast-page-background-meta":{"desktop":{"background-color":"var(--ast-global-color-4)","background-image":"","background-repeat":"repeat","background-position":"center center","background-size":"auto","background-attachment":"scroll","background-type":"","background-media":"","overlay-type":"","overlay-color":"","overlay-opacity":"","overlay-gradient":""},"tablet":{"background-color":"","background-image":"","background-repeat":"repeat","background-position":"center center","background-size":"auto","background-attachment":"scroll","background-type":"","background-media":"","overlay-type":"","overlay-color":"","overlay-opacity":"","overlay-gradient":""},"mobile":{"background-color":"","background-image":"","background-repeat":"repeat","background-position":"center center","background-size":"auto","background-attachment":"scroll","background-type":"","background-media":"","overlay-type":"","overlay-color":"","overlay-opacity":"","overlay-gradient":""}},"ast-content-background-meta":{"desktop":{"background-color":"var(--ast-global-color-5)","background-image":"","background-repeat":"repeat","background-position":"center center","background-size":"auto","background-attachment":"scroll","background-type":"","background-media":"","overlay-type":"","overlay-color":"","overlay-opacity":"","overlay-gradient":""},"tablet":{"background-color":"var(--ast-global-color-5)","background-image":"","background-repeat":"repeat","background-position":"center center","background-size":"auto","background-attachment":"scroll","background-type":"","background-media":"","overlay-type":"","overlay-color":"","overlay-opacity":"","overlay-gradient":""},"mobile":{"background-color":"var(--ast-global-color-5)","background-image":"","background-repeat":"repeat","background-position":"center center","background-size":"auto","background-attachment":"scroll","background-type":"","background-media":"","overlay-type":"","overlay-color":"","overlay-opacity":"","overlay-gradient":""}},"footnotes":""},"class_list":["post-1151","page","type-page","status-publish","hentry"],"_links":{"self":[{"href":"https:\/\/iberequip.com\/fr\/wp-json\/wp\/v2\/pages\/1151","targetHints":{"allow":["GET"]}}],"collection":[{"href":"https:\/\/iberequip.com\/fr\/wp-json\/wp\/v2\/pages"}],"about":[{"href":"https:\/\/iberequip.com\/fr\/wp-json\/wp\/v2\/types\/page"}],"author":[{"embeddable":true,"href":"https:\/\/iberequip.com\/fr\/wp-json\/wp\/v2\/users\/1"}],"replies":[{"embeddable":true,"href":"https:\/\/iberequip.com\/fr\/wp-json\/wp\/v2\/comments?post=1151"}],"version-history":[{"count":3,"href":"https:\/\/iberequip.com\/fr\/wp-json\/wp\/v2\/pages\/1151\/revisions"}],"predecessor-version":[{"id":1155,"href":"https:\/\/iberequip.com\/fr\/wp-json\/wp\/v2\/pages\/1151\/revisions\/1155"}],"wp:attachment":[{"href":"https:\/\/iberequip.com\/fr\/wp-json\/wp\/v2\/media?parent=1151"}],"curies":[{"name":"wp","href":"https:\/\/api.w.org\/{rel}","templated":true}]}}