{"id":1135,"date":"2024-02-20T15:55:01","date_gmt":"2024-02-20T14:55:01","guid":{"rendered":"https:\/\/iberequip.com\/accueil\/"},"modified":"2024-12-17T16:35:41","modified_gmt":"2024-12-17T15:35:41","slug":"accueil","status":"publish","type":"page","link":"https:\/\/iberequip.com\/fr\/","title":{"rendered":"Accueil"},"content":{"rendered":"\t\t<div data-elementor-type=\"wp-page\" data-elementor-id=\"1135\" class=\"elementor elementor-1135 elementor-14\" data-elementor-post-type=\"page\">\n\t\t\t\t<div class=\"elementor-element elementor-element-c789684 e-flex e-con-boxed e-con e-parent\" data-id=\"c789684\" data-element_type=\"container\" data-e-type=\"container\" data-settings=\"{&quot;background_background&quot;:&quot;slideshow&quot;,&quot;background_slideshow_gallery&quot;:[{&quot;id&quot;:982,&quot;url&quot;:&quot;https:\\\/\\\/iberequip.com\\\/wp-content\\\/uploads\\\/2024\\\/02\\\/apetitosos-pasteles-ventana-pasteleria-scaled.jpg&quot;},{&quot;id&quot;:1758,&quot;url&quot;:&quot;https:\\\/\\\/iberequip.com\\\/wp-content\\\/uploads\\\/2024\\\/02\\\/baked-breads-buns-kept-shelf-scaled.webp&quot;},{&quot;id&quot;:986,&quot;url&quot;:&quot;https:\\\/\\\/iberequip.com\\\/wp-content\\\/uploads\\\/2024\\\/02\\\/alimentos-cocina-scaled.jpg&quot;},{&quot;id&quot;:988,&quot;url&quot;:&quot;https:\\\/\\\/iberequip.com\\\/wp-content\\\/uploads\\\/2024\\\/02\\\/show-cooking-buffet-costa-salou.jpg&quot;}],&quot;background_slideshow_transition_duration&quot;:2000,&quot;background_slideshow_slide_duration&quot;:3000,&quot;background_slideshow_loop&quot;:&quot;yes&quot;,&quot;background_slideshow_slide_transition&quot;:&quot;fade&quot;}\">\n\t\t\t\t\t<div class=\"e-con-inner\">\n\t\t\t\t<div class=\"elementor-element elementor-element-6015874 elementor-widget elementor-widget-image\" data-id=\"6015874\" data-element_type=\"widget\" data-e-type=\"widget\" data-widget_type=\"image.default\">\n\t\t\t\t<div class=\"elementor-widget-container\">\n\t\t\t\t\t\t\t\t\t\t\t\t\t\t\t<img fetchpriority=\"high\" decoding=\"async\" width=\"1024\" height=\"191\" src=\"https:\/\/iberequip.com\/wp-content\/uploads\/2024\/02\/logo-iberequip-1024x191.png\" class=\"attachment-large size-large wp-image-951\" alt=\"\" srcset=\"https:\/\/iberequip.com\/wp-content\/uploads\/2024\/02\/logo-iberequip-1024x191.png 1024w, https:\/\/iberequip.com\/wp-content\/uploads\/2024\/02\/logo-iberequip-300x56.png 300w, https:\/\/iberequip.com\/wp-content\/uploads\/2024\/02\/logo-iberequip-768x143.png 768w, https:\/\/iberequip.com\/wp-content\/uploads\/2024\/02\/logo-iberequip-600x112.png 600w, https:\/\/iberequip.com\/wp-content\/uploads\/2024\/02\/logo-iberequip.png 1132w\" sizes=\"(max-width: 1024px) 100vw, 1024px\" \/>\t\t\t\t\t\t\t\t\t\t\t\t\t\t\t<\/div>\n\t\t\t\t<\/div>\n\t\t\t\t<div class=\"elementor-element elementor-element-fe48b14 elementor-widget elementor-widget-heading\" data-id=\"fe48b14\" data-element_type=\"widget\" data-e-type=\"widget\" data-widget_type=\"heading.default\">\n\t\t\t\t<div class=\"elementor-widget-container\">\n\t\t\t\t\t<h2 class=\"elementor-heading-title elementor-size-default\">Solutions professionnelles pour votre \u00e9tablissement<\/h2>\t\t\t\t<\/div>\n\t\t\t\t<\/div>\n\t\t\t\t<div class=\"elementor-element elementor-element-43fc649 elementor-widget elementor-widget-button\" data-id=\"43fc649\" data-element_type=\"widget\" data-e-type=\"widget\" data-widget_type=\"button.default\">\n\t\t\t\t<div class=\"elementor-widget-container\">\n\t\t\t\t\t\t\t\t\t<div class=\"elementor-button-wrapper\">\n\t\t\t\t\t<a class=\"elementor-button elementor-button-link elementor-size-md\" href=\"https:\/\/iberequip.com\/fr\/catalogue\/\">\n\t\t\t\t\t\t<span class=\"elementor-button-content-wrapper\">\n\t\t\t\t\t\t\t\t\t<span class=\"elementor-button-text\">CATALOGUE<\/span>\n\t\t\t\t\t<\/span>\n\t\t\t\t\t<\/a>\n\t\t\t\t<\/div>\n\t\t\t\t\t\t\t\t<\/div>\n\t\t\t\t<\/div>\n\t\t\t\t\t<\/div>\n\t\t\t\t<\/div>\n\t\t<div class=\"elementor-element elementor-element-f06e62f .main-sections elementor-hidden-desktop elementor-hidden-tablet elementor-hidden-mobile e-flex e-con-boxed e-con e-parent\" data-id=\"f06e62f\" data-element_type=\"container\" data-e-type=\"container\">\n\t\t\t\t\t<div class=\"e-con-inner\">\n\t\t<div class=\"elementor-element elementor-element-8153ef8 e-con-full e-flex e-con e-child\" data-id=\"8153ef8\" data-element_type=\"container\" data-e-type=\"container\" data-settings=\"{&quot;background_background&quot;:&quot;classic&quot;}\">\n\t\t\t\t<div class=\"elementor-element elementor-element-98a2e27 elementor-widget__width-initial elementor-view-default elementor-position-block-start elementor-mobile-position-block-start elementor-widget elementor-widget-icon-box\" data-id=\"98a2e27\" data-element_type=\"widget\" data-e-type=\"widget\" data-widget_type=\"icon-box.default\">\n\t\t\t\t<div class=\"elementor-widget-container\">\n\t\t\t\t\t\t\t<div class=\"elementor-icon-box-wrapper\">\n\n\t\t\t\t\t\t<div class=\"elementor-icon-box-icon\">\n\t\t\t\t<span  class=\"elementor-icon\">\n\t\t\t\t<svg aria-hidden=\"true\" class=\"e-font-icon-svg e-fas-pencil-ruler\" viewBox=\"0 0 512 512\" xmlns=\"http:\/\/www.w3.org\/2000\/svg\"><path d=\"M109.46 244.04l134.58-134.56-44.12-44.12-61.68 61.68a7.919 7.919 0 0 1-11.21 0l-11.21-11.21c-3.1-3.1-3.1-8.12 0-11.21l61.68-61.68-33.64-33.65C131.47-3.1 111.39-3.1 99 9.29L9.29 99c-12.38 12.39-12.39 32.47 0 44.86l100.17 100.18zm388.47-116.8c18.76-18.76 18.75-49.17 0-67.93l-45.25-45.25c-18.76-18.76-49.18-18.76-67.95 0l-46.02 46.01 113.2 113.2 46.02-46.03zM316.08 82.71l-297 296.96L.32 487.11c-2.53 14.49 10.09 27.11 24.59 24.56l107.45-18.84L429.28 195.9 316.08 82.71zm186.63 285.43l-33.64-33.64-61.68 61.68c-3.1 3.1-8.12 3.1-11.21 0l-11.21-11.21c-3.09-3.1-3.09-8.12 0-11.21l61.68-61.68-44.14-44.14L267.93 402.5l100.21 100.2c12.39 12.39 32.47 12.39 44.86 0l89.71-89.7c12.39-12.39 12.39-32.47 0-44.86z\"><\/path><\/svg>\t\t\t\t<\/span>\n\t\t\t<\/div>\n\t\t\t\n\t\t\t\t\t\t<div class=\"elementor-icon-box-content\">\n\n\t\t\t\t\t\t\t\t\t<h3 class=\"elementor-icon-box-title\">\n\t\t\t\t\t\t<span  >\n\t\t\t\t\t\t\tCONCEPTION ET MISE EN \u0152UVRE SUR MESURE\t\t\t\t\t\t<\/span>\n\t\t\t\t\t<\/h3>\n\t\t\t\t\n\t\t\t\t\t\t\t\t\t<p class=\"elementor-icon-box-description\">\n\t\t\t\t\t\tVotre entreprise est unique en son genre, c'est pourquoi nous entreprenons une analyse enti\u00e8rement personnalis\u00e9e sp\u00e9cialement con\u00e7ue pour votre entreprise. Nous traitons les t\u00e2ches les plus complexes : permis, certifications, approbations, garantissant ainsi le succ\u00e8s de votre projet du d\u00e9but \u00e0 la fin.\t\t\t\t\t<\/p>\n\t\t\t\t\n\t\t\t<\/div>\n\t\t\t\n\t\t<\/div>\n\t\t\t\t\t\t<\/div>\n\t\t\t\t<\/div>\n\t\t\t\t<\/div>\n\t\t<div class=\"elementor-element elementor-element-3901769 e-con-full card-box e-transform e-flex e-con e-child\" data-id=\"3901769\" data-element_type=\"container\" data-e-type=\"container\" data-settings=\"{&quot;background_background&quot;:&quot;classic&quot;,&quot;_transform_translateX_effect_hover&quot;:{&quot;unit&quot;:&quot;px&quot;,&quot;size&quot;:0,&quot;sizes&quot;:[]},&quot;_transform_translateX_effect_hover_tablet&quot;:{&quot;unit&quot;:&quot;px&quot;,&quot;size&quot;:&quot;&quot;,&quot;sizes&quot;:[]},&quot;_transform_translateX_effect_hover_mobile&quot;:{&quot;unit&quot;:&quot;px&quot;,&quot;size&quot;:&quot;&quot;,&quot;sizes&quot;:[]},&quot;_transform_translateY_effect_hover&quot;:{&quot;unit&quot;:&quot;px&quot;,&quot;size&quot;:&quot;&quot;,&quot;sizes&quot;:[]},&quot;_transform_translateY_effect_hover_tablet&quot;:{&quot;unit&quot;:&quot;px&quot;,&quot;size&quot;:&quot;&quot;,&quot;sizes&quot;:[]},&quot;_transform_translateY_effect_hover_mobile&quot;:{&quot;unit&quot;:&quot;px&quot;,&quot;size&quot;:&quot;&quot;,&quot;sizes&quot;:[]}}\">\n\t\t\t\t<div class=\"elementor-element elementor-element-53999ec elementor-widget__width-initial elementor-view-default elementor-position-block-start elementor-mobile-position-block-start elementor-widget elementor-widget-icon-box\" data-id=\"53999ec\" data-element_type=\"widget\" data-e-type=\"widget\" data-widget_type=\"icon-box.default\">\n\t\t\t\t<div class=\"elementor-widget-container\">\n\t\t\t\t\t\t\t<div class=\"elementor-icon-box-wrapper\">\n\n\t\t\t\t\t\t<div class=\"elementor-icon-box-icon\">\n\t\t\t\t<span  class=\"elementor-icon\">\n\t\t\t\t<svg xmlns=\"http:\/\/www.w3.org\/2000\/svg\" height=\"32\" viewBox=\"0 0 32 32\" width=\"32\"><g id=\"box\"><path d=\"m0 0h32v32h-32z\" fill=\"none\"><\/path><\/g><g id=\"_x31_\"><\/g><g id=\"_x32_\"><\/g><g id=\"_x33_\"><\/g><g id=\"_x34_\"><\/g><g id=\"_x35_\"><\/g><g id=\"_x36_\"><\/g><g id=\"_x37_\"><\/g><g id=\"_x38_\"><\/g><g id=\"_x39_\"><\/g><g id=\"_x31_0\"><\/g><g id=\"_x31_1\"><\/g><g id=\"_x31_2\"><\/g><g id=\"_x31_3\"><\/g><g id=\"_x31_4\"><\/g><g id=\"_x31_5\"><\/g><g id=\"_x31_6\"><\/g><g id=\"_x31_7\"><\/g><g id=\"_x31_8\"><\/g><g id=\"_x31_9\"><\/g><g id=\"_x32_0\"><\/g><g id=\"_x32_1\"><\/g><g id=\"_x32_2\"><\/g><g id=\"_x32_3\"><g><path d=\"m19.974 20.981c-.035.06-.109.162-.258.312-.391.391-.391 1.023 0 1.414.195.195.451.293.707.293s.512-.098.707-.293c1.707-1.707.467-2.947 0-3.414-.082-.082-.195-.195-.258-.274.035-.06.109-.162.258-.312.391-.391.391-1.023 0-1.414s-1.023-.391-1.414 0c-1.707 1.707-.467 2.947 0 3.414.082.082.195.195.258.274z\"><\/path><path d=\"m10.974 20.981c-.036.06-.109.162-.258.312-.391.391-.391 1.023 0 1.414.195.195.451.293.707.293s.512-.098.707-.293c1.707-1.707.467-2.947 0-3.414-.082-.082-.195-.195-.258-.274.036-.06.109-.162.258-.312.391-.391.391-1.023 0-1.414s-1.023-.391-1.414 0c-1.707 1.707-.467 2.947 0 3.414.081.082.195.195.258.274z\"><\/path><path d=\"m15.551 20.981c-.036.06-.109.162-.258.312-.391.391-.391 1.023 0 1.414.195.195.451.293.707.293s.512-.098.707-.293c1.707-1.707.467-2.947 0-3.414-.082-.082-.195-.195-.258-.274.036-.06.109-.162.258-.312.391-.391.391-1.023 0-1.414s-1.023-.391-1.414 0c-1.707 1.707-.467 2.947 0 3.414.082.082.195.195.258.274z\"><\/path><path d=\"m30 8v-5c0-1.103-.897-2-2-2h-24c-1.103 0-2 .897-2 2v5.031c.061-.009.115-.031.179-.031zm-7.92-2.38c.05-.12.12-.23.21-.33.1-.09.2-.16.33-.21.359-.16.81-.07 1.09.21.09.1.16.2.21.33.05.12.08.25.08.38s-.03.26-.08.38-.12.229-.21.33c-.19.189-.44.29-.71.29-.271 0-.521-.101-.71-.29-.09-.101-.16-.21-.21-.33-.06-.12-.08-.25-.08-.38s.02-.26.08-.38zm-7 0c.05-.12.12-.23.21-.33.1-.09.21-.16.33-.21.24-.11.52-.11.76 0 .12.05.23.12.33.21.09.1.16.21.21.33s.08.25.08.38c0 .27-.1.52-.29.71-.19.189-.44.29-.71.29s-.52-.101-.71-.29c-.19-.19-.29-.44-.29-.71 0-.13.02-.26.08-.38zm-7 0c.05-.13.12-.23.21-.33.28-.28.72-.37 1.09-.21.12.05.23.12.33.21.09.1.16.21.21.33.06.12.08.25.08.38s-.02.26-.08.38c-.05.12-.12.229-.21.33-.19.189-.44.29-.71.29s-.52-.101-.71-.29c-.19-.19-.29-.44-.29-.71 0-.13.03-.26.08-.38z\"><\/path><path d=\"m2 9.969v19.031c0 1.103.897 2 2 2h24c1.103 0 2-.897 2-2v-19h-27.821c-.064 0-.118-.022-.179-.031zm4 5.031c0-1.103.897-2 2-2h16c1.103 0 2 .897 2 2v10c0 1.103-.897 2-2 2h-16c-1.103 0-2-.897-2-2z\"><\/path><\/g><\/g><g id=\"_x32_4\"><\/g><g id=\"_x32_5\"><\/g><\/svg>\t\t\t\t<\/span>\n\t\t\t<\/div>\n\t\t\t\n\t\t\t\t\t\t<div class=\"elementor-icon-box-content\">\n\n\t\t\t\t\t\t\t\t\t<h3 class=\"elementor-icon-box-title\">\n\t\t\t\t\t\t<span  >\n\t\t\t\t\t\t\tVENTE DE MATERIEL DE RESTAURATION\t\t\t\t\t\t<\/span>\n\t\t\t\t\t<\/h3>\n\t\t\t\t\n\t\t\t\t\t\t\t\t\t<p class=\"elementor-icon-box-description\">\n\t\t\t\t\t\tNous fournissons des machines h\u00f4teli\u00e8res de pointe personnalis\u00e9es pour r\u00e9pondre \u00e0 vos exigences. Explorez notre catalogue de produits complet et renseignez-vous sur nos offres. Nous garantissons la qualit\u00e9 de chaque produit. Nos machines sont m\u00e9ticuleusement fabriqu\u00e9es \u00e0 partir de mat\u00e9riaux durables, garantissant une efficacit\u00e9 et fournissant des r\u00e9sultats impeccables.\t\t\t\t\t<\/p>\n\t\t\t\t\n\t\t\t<\/div>\n\t\t\t\n\t\t<\/div>\n\t\t\t\t\t\t<\/div>\n\t\t\t\t<\/div>\n\t\t\t\t<\/div>\n\t\t\t\t\t<\/div>\n\t\t\t\t<\/div>\n\t\t<div class=\"elementor-element elementor-element-f8aa133 e-flex e-con-boxed e-con e-parent\" data-id=\"f8aa133\" data-element_type=\"container\" data-e-type=\"container\" data-settings=\"{&quot;background_background&quot;:&quot;classic&quot;}\">\n\t\t\t\t\t<div class=\"e-con-inner\">\n\t\t\t\t<div class=\"elementor-element elementor-element-8df5157 elementor-widget elementor-widget-heading\" data-id=\"8df5157\" data-element_type=\"widget\" data-e-type=\"widget\" data-widget_type=\"heading.default\">\n\t\t\t\t<div class=\"elementor-widget-container\">\n\t\t\t\t\t<h2 class=\"elementor-heading-title elementor-size-default\">Bienvenue chez Iberequip<\/h2>\t\t\t\t<\/div>\n\t\t\t\t<\/div>\n\t\t\t\t<div class=\"elementor-element elementor-element-684d31b elementor-widget elementor-widget-heading\" data-id=\"684d31b\" data-element_type=\"widget\" data-e-type=\"widget\" data-widget_type=\"heading.default\">\n\t\t\t\t<div class=\"elementor-widget-container\">\n\t\t\t\t\t<h3 class=\"elementor-heading-title elementor-size-default\">Equipement de qualit\u00e9 et design pour boulangerie\/p\u00e2tisserie et restauration<\/h3>\t\t\t\t<\/div>\n\t\t\t\t<\/div>\n\t\t\t\t\t<\/div>\n\t\t\t\t<\/div>\n\t\t<div class=\"elementor-element elementor-element-062330e e-flex e-con-boxed e-con e-parent\" data-id=\"062330e\" data-element_type=\"container\" data-e-type=\"container\" data-settings=\"{&quot;background_background&quot;:&quot;classic&quot;}\">\n\t\t\t\t\t<div class=\"e-con-inner\">\n\t\t\t\t<div class=\"elementor-element elementor-element-b5a7dae elementor-widget elementor-widget-heading\" data-id=\"b5a7dae\" data-element_type=\"widget\" data-e-type=\"widget\" data-widget_type=\"heading.default\">\n\t\t\t\t<div class=\"elementor-widget-container\">\n\t\t\t\t\t<h2 class=\"elementor-heading-title elementor-size-default\">notre catalogue<\/h2>\t\t\t\t<\/div>\n\t\t\t\t<\/div>\n\t\t\t\t<div class=\"elementor-element elementor-element-f10ef24 elementor-widget elementor-widget-jet-woo-widgets-categories\" data-id=\"f10ef24\" data-element_type=\"widget\" data-e-type=\"widget\" data-widget_type=\"jet-woo-widgets-categories.default\">\n\t\t\t\t<div class=\"elementor-widget-container\">\n\t\t\t\t\t<div class=\"elementor-jet-woo-widgets-categories jet-woo-widgets\"><div class=\"jet-woo-carousel elementor-slick-slider\" data-slider_options=\"{&quot;slidesToShow&quot;:{&quot;desktop&quot;:3,&quot;tablet&quot;:2,&quot;mobile&quot;:1},&quot;autoplaySpeed&quot;:5000,&quot;autoplay&quot;:false,&quot;infinite&quot;:true,&quot;pauseOnHover&quot;:false,&quot;speed&quot;:500,&quot;arrows&quot;:true,&quot;dots&quot;:true,&quot;slidesToScroll&quot;:1,&quot;prevArrow&quot;:&quot;&lt;i class=\\&quot;fa fa-angle-left prev-arrow jet-arrow\\&quot;&gt;&lt;\\\/i&gt;&quot;,&quot;nextArrow&quot;:&quot;&lt;i class=\\&quot;fa fa-angle-right next-arrow jet-arrow\\&quot;&gt;&lt;\\\/i&gt;&quot;}\" dir=\"ltr\">\n<div class=\"jet-woo-categories jet-woo-categories--preset-1 col-row  jet-equal-cols\">\n<div class=\"jet-woo-categories__item\">\n\t<div class=\"jet-woo-categories__inner-box\">\n\t\t\n<div class=\"jet-woo-categories-thumbnail__wrap\"><div class=\"jet-woo-category-thumbnail\">\n\t<a href=\"https:\/\/iberequip.com\/fr\/buffet-et-show-cooking\/\" rel=\"bookmark\"><img decoding=\"async\" width=\"300\" height=\"300\" src=\"https:\/\/iberequip.com\/wp-content\/uploads\/2024\/12\/Productos-Iberequip-300x300.png\" class=\"attachment-woocommerce_thumbnail size-woocommerce_thumbnail\" alt=\"\" \/><\/a>\n\t<div class=\"jet-woo-category-img-overlay\"><\/div>\n\t<div class=\"jet-woo-category-img-overlay__hover\"><\/div>\n<\/div>\n\t<div class=\"jet-woo-category-count__wrap\"><\/div>\n<\/div>\n<div class=\"jet-woo-categories-content\">\n<div class=\"jet-woo-category-title\">\n\t<a href=\"https:\/\/iberequip.com\/fr\/buffet-et-show-cooking\/\" class=\"jet-woo-category-title__link\">Buffet et show cooking<\/a>\n<\/div>\n\n<div class=\"jet-woo-category-excerpt\">\u00c9tude des besoins de chaque client de fa\u00e7on...<\/div>\n<\/div>\t<\/div>\n<\/div><div class=\"jet-woo-categories__item\">\n\t<div class=\"jet-woo-categories__inner-box\">\n\t\t\n<div class=\"jet-woo-categories-thumbnail__wrap\"><div class=\"jet-woo-category-thumbnail\">\n\t<a href=\"https:\/\/iberequip.com\/fr\/fours-de-boulangerie\/\" rel=\"bookmark\"><img decoding=\"async\" width=\"300\" height=\"300\" src=\"https:\/\/iberequip.com\/wp-content\/uploads\/2024\/12\/9-300x300.png\" class=\"attachment-woocommerce_thumbnail size-woocommerce_thumbnail\" alt=\"\" \/><\/a>\n\t<div class=\"jet-woo-category-img-overlay\"><\/div>\n\t<div class=\"jet-woo-category-img-overlay__hover\"><\/div>\n<\/div>\n\t<div class=\"jet-woo-category-count__wrap\"><\/div>\n<\/div>\n<div class=\"jet-woo-categories-content\">\n<div class=\"jet-woo-category-title\">\n\t<a href=\"https:\/\/iberequip.com\/fr\/fours-de-boulangerie\/\" class=\"jet-woo-category-title__link\">Fours de boulangerie<\/a>\n<\/div>\n\n<div class=\"jet-woo-category-excerpt\">R\u00e9gularit\u00e9 et uniformit\u00e9 de la cuisson durant toute...<\/div>\n<\/div>\t<\/div>\n<\/div><div class=\"jet-woo-categories__item\">\n\t<div class=\"jet-woo-categories__inner-box\">\n\t\t\n<div class=\"jet-woo-categories-thumbnail__wrap\"><div class=\"jet-woo-category-thumbnail\">\n\t<a href=\"https:\/\/iberequip.com\/fr\/machine-de-boulangerie\/\" rel=\"bookmark\"><img loading=\"lazy\" decoding=\"async\" width=\"300\" height=\"300\" src=\"https:\/\/iberequip.com\/wp-content\/uploads\/2024\/11\/amasadora-300x300.png\" class=\"attachment-woocommerce_thumbnail size-woocommerce_thumbnail\" alt=\"\" \/><\/a>\n\t<div class=\"jet-woo-category-img-overlay\"><\/div>\n\t<div class=\"jet-woo-category-img-overlay__hover\"><\/div>\n<\/div>\n\t<div class=\"jet-woo-category-count__wrap\"><\/div>\n<\/div>\n<div class=\"jet-woo-categories-content\">\n<div class=\"jet-woo-category-title\">\n\t<a href=\"https:\/\/iberequip.com\/fr\/machine-de-boulangerie\/\" class=\"jet-woo-category-title__link\">Machines de boulangerie<\/a>\n<\/div>\n\n<div class=\"jet-woo-category-excerpt\">Machines de boulangerie de haute qualit\u00e9, de fabrication...<\/div>\n<\/div>\t<\/div>\n<\/div><div class=\"jet-woo-categories__item\">\n\t<div class=\"jet-woo-categories__inner-box\">\n\t\t\n<div class=\"jet-woo-categories-thumbnail__wrap\"><div class=\"jet-woo-category-thumbnail\">\n\t<a href=\"https:\/\/iberequip.com\/fr\/refroidisseurs-deau\/\" rel=\"bookmark\"><img loading=\"lazy\" decoding=\"async\" width=\"300\" height=\"300\" src=\"https:\/\/iberequip.com\/wp-content\/uploads\/2024\/12\/11-300x300.png\" class=\"attachment-woocommerce_thumbnail size-woocommerce_thumbnail\" alt=\"\" \/><\/a>\n\t<div class=\"jet-woo-category-img-overlay\"><\/div>\n\t<div class=\"jet-woo-category-img-overlay__hover\"><\/div>\n<\/div>\n\t<div class=\"jet-woo-category-count__wrap\"><\/div>\n<\/div>\n<div class=\"jet-woo-categories-content\">\n<div class=\"jet-woo-category-title\">\n\t<a href=\"https:\/\/iberequip.com\/fr\/refroidisseurs-deau\/\" class=\"jet-woo-category-title__link\">Refroidisseur d'eau \u00e0 coul\u00e9e continue<\/a>\n<\/div>\n\n<div class=\"jet-woo-category-excerpt\">Int\u00e9rieur et ext\u00e9rieur en acier inox AISI 304...<\/div>\n<\/div>\t<\/div>\n<\/div><div class=\"jet-woo-categories__item\">\n\t<div class=\"jet-woo-categories__inner-box\">\n\t\t\n<div class=\"jet-woo-categories-thumbnail__wrap\"><div class=\"jet-woo-category-thumbnail\">\n\t<a href=\"https:\/\/iberequip.com\/fr\/vitrines-refrigerees\/\" rel=\"bookmark\"><img loading=\"lazy\" decoding=\"async\" width=\"300\" height=\"300\" src=\"https:\/\/iberequip.com\/wp-content\/uploads\/2024\/02\/Diseno-sin-titulo-1-300x300.png\" class=\"attachment-woocommerce_thumbnail size-woocommerce_thumbnail\" alt=\"\" \/><\/a>\n\t<div class=\"jet-woo-category-img-overlay\"><\/div>\n\t<div class=\"jet-woo-category-img-overlay__hover\"><\/div>\n<\/div>\n\t<div class=\"jet-woo-category-count__wrap\"><\/div>\n<\/div>\n<div class=\"jet-woo-categories-content\">\n<div class=\"jet-woo-category-title\">\n\t<a href=\"https:\/\/iberequip.com\/fr\/vitrines-refrigerees\/\" class=\"jet-woo-category-title__link\">Vitrines<\/a>\n<\/div>\n\n<div class=\"jet-woo-category-excerpt\">Exposition et conservation alimentaire dans des vitrines r\u00e9frig\u00e9r\u00e9es...<\/div>\n<\/div>\t<\/div>\n<\/div><\/div>\n<\/div><\/div>\t\t\t\t<\/div>\n\t\t\t\t<\/div>\n\t\t\t\t<div class=\"elementor-element elementor-element-3c3c6ad elementor-widget elementor-widget-button\" data-id=\"3c3c6ad\" data-element_type=\"widget\" data-e-type=\"widget\" data-widget_type=\"button.default\">\n\t\t\t\t<div class=\"elementor-widget-container\">\n\t\t\t\t\t\t\t\t\t<div class=\"elementor-button-wrapper\">\n\t\t\t\t\t<a class=\"elementor-button elementor-button-link elementor-size-md\" href=\"https:\/\/iberequip.com\/fr\/catalogue\/\">\n\t\t\t\t\t\t<span class=\"elementor-button-content-wrapper\">\n\t\t\t\t\t\t<span class=\"elementor-button-icon\">\n\t\t\t\t<svg aria-hidden=\"true\" class=\"e-font-icon-svg e-fas-arrow-right\" viewBox=\"0 0 448 512\" xmlns=\"http:\/\/www.w3.org\/2000\/svg\"><path d=\"M190.5 66.9l22.2-22.2c9.4-9.4 24.6-9.4 33.9 0L441 239c9.4 9.4 9.4 24.6 0 33.9L246.6 467.3c-9.4 9.4-24.6 9.4-33.9 0l-22.2-22.2c-9.5-9.5-9.3-25 .4-34.3L311.4 296H24c-13.3 0-24-10.7-24-24v-32c0-13.3 10.7-24 24-24h287.4L190.9 101.2c-9.8-9.3-10-24.8-.4-34.3z\"><\/path><\/svg>\t\t\t<\/span>\n\t\t\t\t\t\t\t\t\t<span class=\"elementor-button-text\">VOIR PLUS<\/span>\n\t\t\t\t\t<\/span>\n\t\t\t\t\t<\/a>\n\t\t\t\t<\/div>\n\t\t\t\t\t\t\t\t<\/div>\n\t\t\t\t<\/div>\n\t\t\t\t\t<\/div>\n\t\t\t\t<\/div>\n\t\t<div class=\"elementor-element elementor-element-d94c6d5 e-flex e-con-boxed e-con e-parent\" data-id=\"d94c6d5\" data-element_type=\"container\" data-e-type=\"container\">\n\t\t\t\t\t<div class=\"e-con-inner\">\n\t\t\t\t<div class=\"elementor-element elementor-element-166a38e elementor-widget elementor-widget-image\" data-id=\"166a38e\" data-element_type=\"widget\" data-e-type=\"widget\" data-widget_type=\"image.default\">\n\t\t\t\t<div class=\"elementor-widget-container\">\n\t\t\t\t\t\t\t\t\t\t\t\t\t\t\t<img loading=\"lazy\" decoding=\"async\" width=\"1024\" height=\"95\" src=\"https:\/\/iberequip.com\/wp-content\/uploads\/2024\/03\/nuevos-logos-digitalizadores-kit-24-1024x95.png\" class=\"attachment-large size-large wp-image-1228\" alt=\"\" srcset=\"https:\/\/iberequip.com\/wp-content\/uploads\/2024\/03\/nuevos-logos-digitalizadores-kit-24-1024x95.png 1024w, https:\/\/iberequip.com\/wp-content\/uploads\/2024\/03\/nuevos-logos-digitalizadores-kit-24-300x28.png 300w, https:\/\/iberequip.com\/wp-content\/uploads\/2024\/03\/nuevos-logos-digitalizadores-kit-24-768x72.png 768w, https:\/\/iberequip.com\/wp-content\/uploads\/2024\/03\/nuevos-logos-digitalizadores-kit-24-1536x143.png 1536w, https:\/\/iberequip.com\/wp-content\/uploads\/2024\/03\/nuevos-logos-digitalizadores-kit-24-2048x191.png 2048w, https:\/\/iberequip.com\/wp-content\/uploads\/2024\/03\/nuevos-logos-digitalizadores-kit-24-600x56.png 600w\" sizes=\"(max-width: 1024px) 100vw, 1024px\" \/>\t\t\t\t\t\t\t\t\t\t\t\t\t\t\t<\/div>\n\t\t\t\t<\/div>\n\t\t\t\t\t<\/div>\n\t\t\t\t<\/div>\n\t\t\t\t<\/div>\n\t\t","protected":false},"excerpt":{"rendered":"<p>Solutions professionnelles pour votre \u00e9tablissement CATALOGUE CONCEPTION ET MISE EN \u0152UVRE SUR MESURE Votre entreprise est unique en son genre, [&hellip;]<\/p>\n","protected":false},"author":1,"featured_media":0,"parent":0,"menu_order":0,"comment_status":"closed","ping_status":"closed","template":"","meta":{"_seopress_robots_primary_cat":"","_seopress_titles_title":"IBEREQUIP : Solutions Professionnelles pour Votre \u00c9tablissement","_seopress_titles_desc":"Conception et r\u00e9alisation sur mesure, vente de mat\u00e9riel de restauration et propre service technique.","_seopress_robots_index":"","site-sidebar-layout":"no-sidebar","site-content-layout":"","ast-site-content-layout":"full-width-container","site-content-style":"default","site-sidebar-style":"default","ast-global-header-display":"","ast-banner-title-visibility":"","ast-main-header-display":"","ast-hfb-above-header-display":"","ast-hfb-below-header-display":"","ast-hfb-mobile-header-display":"","site-post-title":"disabled","ast-breadcrumbs-content":"","ast-featured-img":"disabled","footer-sml-layout":"","ast-disable-related-posts":"","theme-transparent-header-meta":"","adv-header-id-meta":"","stick-header-meta":"","header-above-stick-meta":"","header-main-stick-meta":"","header-below-stick-meta":"","astra-migrate-meta-layouts":"default","ast-page-background-enabled":"default","ast-page-background-meta":{"desktop":{"background-color":"var(--ast-global-color-4)","background-image":"","background-repeat":"repeat","background-position":"center center","background-size":"auto","background-attachment":"scroll","background-type":"","background-media":"","overlay-type":"","overlay-color":"","overlay-opacity":"","overlay-gradient":""},"tablet":{"background-color":"","background-image":"","background-repeat":"repeat","background-position":"center center","background-size":"auto","background-attachment":"scroll","background-type":"","background-media":"","overlay-type":"","overlay-color":"","overlay-opacity":"","overlay-gradient":""},"mobile":{"background-color":"","background-image":"","background-repeat":"repeat","background-position":"center center","background-size":"auto","background-attachment":"scroll","background-type":"","background-media":"","overlay-type":"","overlay-color":"","overlay-opacity":"","overlay-gradient":""}},"ast-content-background-meta":{"desktop":{"background-color":"var(--ast-global-color-5)","background-image":"","background-repeat":"repeat","background-position":"center center","background-size":"auto","background-attachment":"scroll","background-type":"","background-media":"","overlay-type":"","overlay-color":"","overlay-opacity":"","overlay-gradient":""},"tablet":{"background-color":"var(--ast-global-color-5)","background-image":"","background-repeat":"repeat","background-position":"center center","background-size":"auto","background-attachment":"scroll","background-type":"","background-media":"","overlay-type":"","overlay-color":"","overlay-opacity":"","overlay-gradient":""},"mobile":{"background-color":"var(--ast-global-color-5)","background-image":"","background-repeat":"repeat","background-position":"center center","background-size":"auto","background-attachment":"scroll","background-type":"","background-media":"","overlay-type":"","overlay-color":"","overlay-opacity":"","overlay-gradient":""}},"footnotes":""},"class_list":["post-1135","page","type-page","status-publish","hentry"],"_links":{"self":[{"href":"https:\/\/iberequip.com\/fr\/wp-json\/wp\/v2\/pages\/1135","targetHints":{"allow":["GET"]}}],"collection":[{"href":"https:\/\/iberequip.com\/fr\/wp-json\/wp\/v2\/pages"}],"about":[{"href":"https:\/\/iberequip.com\/fr\/wp-json\/wp\/v2\/types\/page"}],"author":[{"embeddable":true,"href":"https:\/\/iberequip.com\/fr\/wp-json\/wp\/v2\/users\/1"}],"replies":[{"embeddable":true,"href":"https:\/\/iberequip.com\/fr\/wp-json\/wp\/v2\/comments?post=1135"}],"version-history":[{"count":5,"href":"https:\/\/iberequip.com\/fr\/wp-json\/wp\/v2\/pages\/1135\/revisions"}],"predecessor-version":[{"id":1770,"href":"https:\/\/iberequip.com\/fr\/wp-json\/wp\/v2\/pages\/1135\/revisions\/1770"}],"wp:attachment":[{"href":"https:\/\/iberequip.com\/fr\/wp-json\/wp\/v2\/media?parent=1135"}],"curies":[{"name":"wp","href":"https:\/\/api.w.org\/{rel}","templated":true}]}}