{"id":1194,"date":"2024-02-26T10:28:54","date_gmt":"2024-02-26T09:28:54","guid":{"rendered":"https:\/\/iberequip.com\/legacy-warnig\/"},"modified":"2024-03-18T13:23:25","modified_gmt":"2024-03-18T12:23:25","slug":"legacy-warnig","status":"publish","type":"page","link":"https:\/\/iberequip.com\/es\/legacy-warnig\/","title":{"rendered":"Aviso Legal"},"content":{"rendered":"\t\t<div data-elementor-type=\"wp-page\" data-elementor-id=\"1194\" class=\"elementor elementor-1194 elementor-826\" data-elementor-post-type=\"page\">\n\t\t\t\t\t\t<section class=\"elementor-section elementor-top-section elementor-element elementor-element-608b955 elementor-section-stretched elementor-section-boxed elementor-section-height-default elementor-section-height-default\" data-id=\"608b955\" data-element_type=\"section\" data-e-type=\"section\" data-settings=\"{&quot;background_background&quot;:&quot;classic&quot;,&quot;stretch_section&quot;:&quot;section-stretched&quot;}\">\n\t\t\t\t\t\t\t<div class=\"elementor-background-overlay\"><\/div>\n\t\t\t\t\t\t\t<div class=\"elementor-container elementor-column-gap-no\">\n\t\t\t\t\t<div class=\"elementor-column elementor-col-100 elementor-top-column elementor-element elementor-element-1f7da50\" data-id=\"1f7da50\" data-element_type=\"column\" data-e-type=\"column\">\n\t\t\t<div class=\"elementor-widget-wrap elementor-element-populated\">\n\t\t\t\t\t\t<div class=\"elementor-element elementor-element-26fceeb elementor-widget__width-initial elementor-widget elementor-widget-heading\" data-id=\"26fceeb\" data-element_type=\"widget\" data-e-type=\"widget\" data-widget_type=\"heading.default\">\n\t\t\t\t<div class=\"elementor-widget-container\">\n\t\t\t\t\t<h2 class=\"elementor-heading-title elementor-size-default\">LEGAL WARNING<\/h2>\t\t\t\t<\/div>\n\t\t\t\t<\/div>\n\t\t\t\t\t<\/div>\n\t\t<\/div>\n\t\t\t\t\t<\/div>\n\t\t<\/section>\n\t\t<div class=\"elementor-element elementor-element-4541e8c6 e-flex e-con-boxed e-con e-parent\" data-id=\"4541e8c6\" data-element_type=\"container\" data-e-type=\"container\">\n\t\t\t\t\t<div class=\"e-con-inner\">\n\t\t\t\t<div class=\"elementor-element elementor-element-2f50f803 elementor-widget__width-initial elementor-widget elementor-widget-text-editor\" data-id=\"2f50f803\" data-element_type=\"widget\" data-e-type=\"widget\" data-widget_type=\"text-editor.default\">\n\t\t\t\t<div class=\"elementor-widget-container\">\n\t\t\t\t\t\t\t\t\t<strong>LEY DE SERVICIOS DE LA SOCIEDAD DE LA INFORMACI\u00d3N (LSSI)<\/strong>\n\n<strong>Iberequip S.L<\/strong>, en su calidad de responsable del sitio web, en adelante denominado EL RESPONSABLE, proporciona este documento a los usuarios con el fin de cumplir con las obligaciones establecidas en la Ley 34\/2002, de 11 de julio, de Servicios de la Sociedad de la Informaci\u00f3n y de Comercio Electr\u00f3nico (LSSICE), y para informar a todos los usuarios del sitio web sobre las condiciones de uso.\n\nToda persona que acceda a este sitio web asume el papel de usuario, comprometi\u00e9ndose a cumplir estrictamente con las disposiciones aqu\u00ed establecidas, as\u00ed como con cualquier otra disposici\u00f3n legal aplicable.\n\nEL RESPONSABLE se reserva el derecho de modificar cualquier informaci\u00f3n que pueda aparecer en el sitio web, sin necesidad de previo aviso o notificaci\u00f3n a los usuarios, entendi\u00e9ndose que la publicaci\u00f3n en el sitio web de EL RESPONSABLE es suficiente.\n<ol>\n \t<li><strong>DATOS DE IDENTIFICACI\u00d3N<\/strong><\/li>\n<\/ol>\nNombre corporativo: <strong>Iberequip S.L<\/strong>\n\nNombre comercial: <strong>Iberequip S.L<\/strong>\n\nDirecci\u00f3n: Espa\u00f1a\n\nCorreo electr\u00f3nico: <a href=\"mailto:info@iberequip.com\" target=\"_new\">info@iberequip.com<\/a>\n<ol start=\"2\">\n \t<li><strong>PROP\u00d3SITO<\/strong><\/li>\n<\/ol>\nA trav\u00e9s del sitio web, ofrecemos a los usuarios la posibilidad de acceder a informaci\u00f3n sobre nuestros servicios.\n<ol start=\"3\">\n \t<li><strong>PRIVACIDAD Y TRATAMIENTO DE DATOS<\/strong><\/li>\n<\/ol>\nCuando sea necesario proporcionar datos personales para acceder a determinados contenidos o servicios, los usuarios garantizar\u00e1n su veracidad, exactitud, autenticidad y validez. La empresa procesar\u00e1 estos datos de acuerdo con lo establecido en la Pol\u00edtica de Privacidad.\n<ol start=\"4\">\n \t<li><strong>PROPIEDAD INDUSTRIAL E INTELECTUAL<\/strong><\/li>\n<\/ol>\nLos usuarios reconocen y aceptan que todo el contenido mostrado en el sitio web, incluidos dise\u00f1os, textos, im\u00e1genes, logotipos, iconos, botones, software, nombres comerciales, marcas comerciales y otros signos susceptibles de uso industrial y\/o comercial, est\u00e1n sujetos a derechos de propiedad intelectual e industrial. La empresa y\/o terceros son los exclusivos propietarios de estos derechos. Los usuarios se comprometen a no reproducir, copiar, distribuir, poner a disposici\u00f3n del p\u00fablico, transformar o modificar dicho contenido, y la empresa queda exenta de cualquier reclamaci\u00f3n derivada del incumplimiento de estas obligaciones.\n\nEl contenido, textos, fotograf\u00edas, dise\u00f1os, logotipos, im\u00e1genes, programas inform\u00e1ticos y cualquier otra creaci\u00f3n intelectual presente en el sitio web est\u00e1n protegidos por la legislaci\u00f3n de propiedad intelectual. La empresa es propietaria de estos elementos o tiene autorizaci\u00f3n para su uso. Se proh\u00edbe la reproducci\u00f3n total o parcial de estos contenidos sin autorizaci\u00f3n previa por escrito.\n\nLos usuarios se comprometen a respetar los derechos de propiedad intelectual e industrial y a no realizar acciones que puedan perjudicarlos, y la empresa se reserva el derecho de emprender acciones legales para defender estos derechos.\n<ol start=\"5\">\n \t<li><strong>OBLIGACIONES Y RESPONSABILIDADES DEL USUARIO<\/strong><\/li>\n<\/ol>\nLos usuarios:\n<ol>\n \t<li style=\"font-weight: 400;\" aria-level=\"1\">Se comprometen a utilizar el sitio web y sus contenidos de manera adecuada y l\u00edcita, de conformidad con la legislaci\u00f3n aplicable, los t\u00e9rminos de uso del sitio web, la moral, las buenas costumbres y el orden p\u00fablico.<\/li>\n \t<li style=\"font-weight: 400;\" aria-level=\"1\">Deben disponer de los medios t\u00e9cnicos necesarios para acceder al sitio web.<\/li>\n \t<li style=\"font-weight: 400;\" aria-level=\"1\">Deben proporcionar informaci\u00f3n veraz al completar formularios de datos personales en el sitio web y mantenerla actualizada en todo momento para reflejar su situaci\u00f3n real. Los usuarios ser\u00e1n los \u00fanicos responsables de cualquier declaraci\u00f3n falsa o inexacta realizada y de los da\u00f1os causados a la empresa o a terceros debido a la informaci\u00f3n proporcionada.<\/li>\n<\/ol>\nAdem\u00e1s de lo anterior, los usuarios tambi\u00e9n deben abstenerse de:\n<ol>\n \t<li style=\"font-weight: 400;\" aria-level=\"1\">Hacer uso no autorizado o fraudulento del sitio web y\/o de sus contenidos con fines ilegales o efectos prohibidos por estas Condiciones Generales de Uso, perjudiciales para los derechos e intereses de terceros, o que de cualquier manera puedan da\u00f1ar, deshabilitar, sobrecargar, deteriorar o impedir el uso normal de los servicios o documentos, archivos y todo tipo de contenido almacenado en cualquier equipo inform\u00e1tico.<\/li>\n \t<li style=\"font-weight: 400;\" aria-level=\"1\">Acceder o intentar acceder a \u00e1reas restringidas del sitio web sin cumplir las condiciones requeridas.<\/li>\n \t<li style=\"font-weight: 400;\" aria-level=\"1\">Causar da\u00f1os a los sistemas f\u00edsicos o l\u00f3gicos del sitio web, sus proveedores o terceros.<\/li>\n \t<li style=\"font-weight: 400;\" aria-level=\"1\">Introducir o difundir virus inform\u00e1ticos u otros sistemas f\u00edsicos o l\u00f3gicos que puedan causar da\u00f1os a los sistemas f\u00edsicos o l\u00f3gicos de la empresa, sus proveedores o terceros.<\/li>\n \t<li style=\"font-weight: 400;\" aria-level=\"1\">Intentar acceder, utilizar o manipular los datos de la empresa, proveedores de terceros y otros usuarios.<\/li>\n \t<li style=\"font-weight: 400;\" aria-level=\"1\">Reproducir, copiar, distribuir, permitir el acceso p\u00fablico a trav\u00e9s de cualquier forma de comunicaci\u00f3n p\u00fablica, transformar o modificar los contenidos, salvo autorizaci\u00f3n de los titulares de los derechos correspondientes o cuando est\u00e9 legalmente permitido.<\/li>\n \t<li style=\"font-weight: 400;\" aria-level=\"1\">Eliminar, ocultar o manipular avisos de derechos de autor y otros datos identificativos de los derechos de propiedad intelectual de la empresa o de terceros incorporados en el contenido, as\u00ed como dispositivos de protecci\u00f3n t\u00e9cnica o cualquier mecanismo de informaci\u00f3n que se pueda insertar en el contenido.<\/li>\n \t<li style=\"font-weight: 400;\" aria-level=\"1\">Obtener o intentar obtener contenido utilizando medios o procedimientos distintos de los previstos para este fin o indicados expresamente en las p\u00e1ginas web donde se encuentre el contenido, o, en general, los com\u00fanmente utilizados en Internet que no entra\u00f1en un riesgo de da\u00f1o o deshabilitaci\u00f3n del sitio web y\/o de su contenido.<\/li>\n \t<li style=\"font-weight: 400;\" aria-level=\"1\">En particular, y sin limitaci\u00f3n, los usuarios se comprometen a no transmitir, difundir o poner a disposici\u00f3n de terceros informaci\u00f3n, datos, contenidos, mensajes, gr\u00e1ficos, dibujos, sonido y\/o archivos de imagen, fotograf\u00edas, grabaciones, software y, en general, cualquier tipo de material que:<\/li>\n<ul>\n \t<li style=\"font-weight: 400;\" aria-level=\"3\">De cualquier manera sea contrario, desacredite o viole los derechos fundamentales y las libertades p\u00fablicas reconocidas constitucionalmente, en los Tratados Internacionales y en el resto de la legislaci\u00f3n vigente.<\/li>\n \t<li style=\"font-weight: 400;\" aria-level=\"3\">Induzca, incite o promueva acciones criminales, difamatorias, denigrantes, violentas o, en general, contrarias a la ley, a la moral, a las buenas costumbres generalmente aceptadas o al orden p\u00fablico.<\/li>\n \t<li style=\"font-weight: 400;\" aria-level=\"3\">Induzca, incite o promueva acciones, actitudes o pensamientos discriminatorios por raz\u00f3n de sexo, raza, religi\u00f3n, creencias, edad o condici\u00f3n.<\/li>\n \t<li style=\"font-weight: 400;\" aria-level=\"3\">Incorpore, proporcione o permita el acceso a productos, elementos, mensajes y\/o servicios criminales, violentos, ofensivos, da\u00f1inos, degradantes o, en general, contrarios a la ley, a la moral y a las buenas costumbres generalmente aceptadas o al orden p\u00fablico. Induzca o pueda inducir a un estado inaceptable de ansiedad o miedo.<\/li>\n \t<li style=\"font-weight: 400;\" aria-level=\"3\">Induzca o incite a la participaci\u00f3n en pr\u00e1cticas peligrosas, riesgosas o perjudiciales para la salud y el equilibrio mental.<\/li>\n \t<li style=\"font-weight: 400;\" aria-level=\"3\">Est\u00e9 protegido por legislaci\u00f3n sobre propiedad intelectual o industrial perteneciente a la empresa o a terceros sin que se haya autorizado el uso previsto.<\/li>\n \t<li style=\"font-weight: 400;\" aria-level=\"3\"><span style=\"font-weight: 400;\">Sea contrario al honor, a la intimidad personal y familiar o a la imagen de las personas.<\/span><\/li>\n \t<li>Constituya cualquier tipo de publicidad.<\/li>\n \t<li style=\"font-weight: 400;\" aria-level=\"3\">Incluya cualquier tipo de virus o programa que impida el normal funcionamiento del sitio web.<\/li>\n<\/ul>\n<\/li>\n<\/ol>\nSi se proporciona una contrase\u00f1a para acceder a algunos de los servicios y\/o contenidos del sitio web, los usuarios se comprometen a utilizarla diligentemente, manteni\u00e9ndola en secreto en todo momento. Por lo tanto, ser\u00e1n responsables de su custodia y confidencialidad adecuadas, comprometi\u00e9ndose a no transferirla a terceros, de forma temporal o permanente, ni permitir el acceso a dichos servicios y\/o contenidos por parte de personas no autorizadas. Asimismo, los usuarios se comprometen a notificar a la empresa cualquier hecho que pueda implicar un uso indebido de su contrase\u00f1a, como, por ejemplo, robo, p\u00e9rdida o acceso no autorizado, para proceder a su cancelaci\u00f3n inmediata. En consecuencia, hasta que se realice la mencionada notificaci\u00f3n, la empresa quedar\u00e1 exenta de cualquier responsabilidad que pueda derivarse del uso indebido de la contrase\u00f1a, siendo responsabilidad de los usuarios cualquier uso il\u00edcito del contenido y\/o servicios del sitio web por parte de cualquier tercero no autorizado. Si los usuarios incumplen negligentemente o intencionadamente alguna de las obligaciones establecidas en estas Condiciones Generales de Uso, ser\u00e1n responsables de los da\u00f1os y perjuicios derivados de dicho incumplimiento para la empresa.\n<ol start=\"6\">\n \t<li><strong>RESPONSABILIDADES<\/strong><\/li>\n<\/ol>\nNo se garantiza el acceso continuo, la correcta visualizaci\u00f3n, la descarga o el uso de los elementos e informaci\u00f3n contenidos en el sitio web, y pueden verse obstaculizados, complicados o interrumpidos por factores o circunstancias fuera de su control. No se responsabiliza de las decisiones que puedan tomarse como resultado del acceso al contenido o la informaci\u00f3n proporcionada.\n\nEl servicio proporcionado a trav\u00e9s del sitio web tiene una duraci\u00f3n indefinida. Sin embargo, la empresa se reserva el derecho de interrumpir, suspender o dar por terminada la prestaci\u00f3n del servicio del sitio web o cualquiera de los servicios incluidos en el mismo, en los mismos t\u00e9rminos que los establecidos en la tercera condici\u00f3n.\n\n<span style=\"font-weight: 400;\">Solo responsable de eliminar, tan pronto como sea posible, el contenido que pueda generar tales da\u00f1os, siempre que se notifique como tal. En particular, no seremos responsables de los da\u00f1os que puedan derivarse, entre otros, de:<\/span>\n<ol>\n \t<li style=\"font-weight: 400;\" aria-level=\"1\"><span style=\"font-weight: 400;\">Interferencias, interrupciones, fallos, omisiones, aver\u00edas telef\u00f3nicas, retrasos, bloqueos o desconexiones en el funcionamiento del sistema electr\u00f3nico, causados por deficiencias, sobrecargas y errores en las l\u00edneas y redes de telecomunicaciones, o por cualquier otra causa fuera del control de la empresa. <\/span><\/li>\n \t<li style=\"font-weight: 400;\" aria-level=\"1\">Intrusiones ilegales a trav\u00e9s del uso de programas maliciosos de cualquier tipo y a trav\u00e9s de cualquier medio de comunicaci\u00f3n, como virus inform\u00e1ticos o cualquier otro.<\/li>\n \t<li style=\"font-weight: 400;\" aria-level=\"1\">Uso incorrecto o inadecuado del Sitio web.<\/li>\n \t<li style=\"font-weight: 400;\" aria-level=\"1\">Errores de seguridad o de navegaci\u00f3n causados por un mal funcionamiento del navegador o por el uso de versiones obsoletas del mismo. El administrador del sitio web se reserva el derecho de eliminar parcial o totalmente cualquier contenido o informaci\u00f3n presente en el Sitio web.<\/li>\n<\/ol>\nLa empresa excluye cualquier responsabilidad por da\u00f1os y perjuicios de cualquier naturaleza que puedan derivarse del uso indebido de los servicios gratuitos y del uso por parte de los Usuarios del Sitio web. Tambi\u00e9n queda exenta de cualquier responsabilidad por el contenido y la informaci\u00f3n que pueda recibirse como resultado de los formularios de recogida de datos, que tienen exclusivamente fines de prestaci\u00f3n de servicios de consulta y resoluci\u00f3n de dudas. Por otro lado, en caso de causar da\u00f1os y perjuicios debido al uso il\u00edcito o incorrecto de dichos servicios, el Usuario podr\u00e1 ser considerado responsable de los da\u00f1os y perjuicios causados.\n\nUsted mantendr\u00e1 indemne a la empresa frente a cualquier da\u00f1o y perjuicio que surja de reclamaciones, acciones o demandas de terceros como resultado de su acceso o uso del Sitio web. Asimismo, acepta indemnizar contra cualquier da\u00f1o y perjuicio derivado de su uso de \u00abrobots\u00bb, \u00abara\u00f1as\u00bb, \u00abrastreadores\u00bb u otras herramientas similares utilizadas para recopilar o extraer datos o cualquier otra acci\u00f3n suya que imponga una carga irrazonable en el funcionamiento del Sitio web.\n<ol start=\"7\">\n \t<li><strong>ENLACES<\/strong><\/li>\n<\/ol>\nEl Usuario se compromete a no reproducir de ninguna manera, ni siquiera a trav\u00e9s de un hiperv\u00ednculo o enlace, el Sitio web, as\u00ed como ninguno de sus contenidos, sin autorizaci\u00f3n expresa y por escrito del responsable del fichero.\n\nEl Sitio web puede incluir enlaces a otros sitios web, gestionados por terceros, con el fin de facilitar al Usuario el acceso a informaci\u00f3n de empresas colaboradoras y\/o patrocinadoras. En consecuencia, la empresa no se responsabiliza del contenido de dichos sitios web, ni act\u00faa como garante u oferente de los servicios y\/o informaci\u00f3n que puedan ofrecerse a terceros a trav\u00e9s de enlaces de terceros.\n\nSe concede al Usuario un derecho limitado, revocable y no exclusivo para crear enlaces a la p\u00e1gina principal del Sitio web exclusivamente para uso privado y no comercial. Los sitios web que incluyan un enlace a nuestro Sitio web (i) no podr\u00e1n tergiversar su relaci\u00f3n ni afirmar que dicho enlace ha sido autorizado, ni incluir marcas comerciales, nombres, nombres comerciales, logotipos u otros signos distintivos de nuestra empresa; (ii) no podr\u00e1n incluir contenido que pueda considerarse de mal gusto, obsceno, ofensivo, controvertido, que incite a la violencia o a la discriminaci\u00f3n por motivos de sexo, raza o religi\u00f3n, contrario al orden p\u00fablico o ilegal; (iii) no podr\u00e1n enlazar a ninguna p\u00e1gina del Sitio web que no sea la p\u00e1gina principal; (iv) deber\u00e1n enlazar a la direcci\u00f3n propia del Sitio web, sin permitir que el sitio web enlazante reproduzca el Sitio web como parte de su sitio web o dentro de uno de sus \u00abmarcos\u00bb o cree un \u00abnavegador\u00bb en cualquiera de las p\u00e1ginas del Sitio web. La empresa podr\u00e1 solicitar, en cualquier momento, la eliminaci\u00f3n de cualquier enlace al Sitio web, despu\u00e9s de lo cual deber\u00e1 proceder inmediatamente a su eliminaci\u00f3n.\n\nLa empresa no puede controlar la informaci\u00f3n, el contenido, los productos o servicios proporcionados por otros sitios web que hayan establecido enlaces al Sitio web.\n<ol start=\"8\">\n \t<li><strong>PROTECCI\u00d3N DE DATOS<\/strong><\/li>\n<\/ol>\nPara utilizar algunos de los Servicios, el Usuario deber\u00e1 proporcionar previamente ciertos datos personales. La empresa procesar\u00e1 estos datos de forma autom\u00e1tica y aplicar\u00e1 las medidas de seguridad correspondientes, todo ello de conformidad con el RGPD, la LOPDGDD y la LSSI. El Usuario puede acceder a la pol\u00edtica seguida en el tratamiento de datos personales, as\u00ed como al establecimiento de los fines previamente definidos, en las condiciones definidas en la Pol\u00edtica de Privacidad.\n<ol start=\"9\">\n \t<li><b> COOKIES<\/b><\/li>\n<\/ol>\nLa empresa se reserva el derecho de utilizar la tecnolog\u00eda \u00abcookie\u00bb en el Sitio web, con el fin de reconocerte como Usuario frecuente y personalizar tu uso del Sitio web preseleccionando tu idioma, o contenido m\u00e1s deseado o espec\u00edfico.\n\nLas cookies recopilan la direcci\u00f3n IP del usuario, siendo Google responsable del procesamiento de esta informaci\u00f3n.\n\nLas cookies son archivos enviados a un navegador, a trav\u00e9s de un servidor web, para registrar la navegaci\u00f3n del Usuario en el Sitio web, cuando el Usuario permite su recepci\u00f3n. Si lo desea, puede configurar su navegador para que le notifique en pantalla la recepci\u00f3n de cookies y para impedir la instalaci\u00f3n de cookies en su disco duro. Por favor, consulte las instrucciones y manuales de su navegador para obtener m\u00e1s informaci\u00f3n. Para utilizar el Sitio web, no es necesario que el Usuario permita la instalaci\u00f3n de las cookies enviadas por la empresa, sin perjuicio de que el Usuario tenga que iniciar una sesi\u00f3n como tal en cada uno de los servicios cuya prestaci\u00f3n requiera un registro previo o \u00abinicio de sesi\u00f3n\u00bb.\n<ol start=\"10\">\n \t<li><strong>LEY APLICABLE Y JURISDICCI\u00d3N<\/strong><\/li>\n<\/ol>\nPara la resoluci\u00f3n de todas las controversias o cuestiones relacionadas con este sitio web o de las actividades en \u00e9l desarrolladas, ser\u00e1 de aplicaci\u00f3n la legislaci\u00f3n espa\u00f1ola, a la que se someten expresamente las partes, siendo competentes para la resoluci\u00f3n de todos los conflictos derivados o relacionados con su uso los Juzgados y Tribunales de Madrid.\n\t\t\t\t\t\t\t\t<\/div>\n\t\t\t\t<\/div>\n\t\t\t\t\t<\/div>\n\t\t\t\t<\/div>\n\t\t\t\t<\/div>\n\t\t","protected":false},"excerpt":{"rendered":"<p>LEGAL WARNING LEY DE SERVICIOS DE LA SOCIEDAD DE LA INFORMACI\u00d3N (LSSI) Iberequip S.L, en su calidad de responsable del [&hellip;]<\/p>\n","protected":false},"author":1,"featured_media":0,"parent":0,"menu_order":0,"comment_status":"closed","ping_status":"closed","template":"","meta":{"_seopress_robots_primary_cat":"","_seopress_titles_title":"","_seopress_titles_desc":"","_seopress_robots_index":"","site-sidebar-layout":"default","site-content-layout":"","ast-site-content-layout":"default","site-content-style":"default","site-sidebar-style":"default","ast-global-header-display":"","ast-banner-title-visibility":"","ast-main-header-display":"","ast-hfb-above-header-display":"","ast-hfb-below-header-display":"","ast-hfb-mobile-header-display":"","site-post-title":"","ast-breadcrumbs-content":"","ast-featured-img":"","footer-sml-layout":"","ast-disable-related-posts":"","theme-transparent-header-meta":"","adv-header-id-meta":"","stick-header-meta":"","header-above-stick-meta":"","header-main-stick-meta":"","header-below-stick-meta":"","astra-migrate-meta-layouts":"default","ast-page-background-enabled":"default","ast-page-background-meta":{"desktop":{"background-color":"var(--ast-global-color-4)","background-image":"","background-repeat":"repeat","background-position":"center center","background-size":"auto","background-attachment":"scroll","background-type":"","background-media":"","overlay-type":"","overlay-color":"","overlay-opacity":"","overlay-gradient":""},"tablet":{"background-color":"","background-image":"","background-repeat":"repeat","background-position":"center center","background-size":"auto","background-attachment":"scroll","background-type":"","background-media":"","overlay-type":"","overlay-color":"","overlay-opacity":"","overlay-gradient":""},"mobile":{"background-color":"","background-image":"","background-repeat":"repeat","background-position":"center center","background-size":"auto","background-attachment":"scroll","background-type":"","background-media":"","overlay-type":"","overlay-color":"","overlay-opacity":"","overlay-gradient":""}},"ast-content-background-meta":{"desktop":{"background-color":"var(--ast-global-color-5)","background-image":"","background-repeat":"repeat","background-position":"center center","background-size":"auto","background-attachment":"scroll","background-type":"","background-media":"","overlay-type":"","overlay-color":"","overlay-opacity":"","overlay-gradient":""},"tablet":{"background-color":"var(--ast-global-color-5)","background-image":"","background-repeat":"repeat","background-position":"center center","background-size":"auto","background-attachment":"scroll","background-type":"","background-media":"","overlay-type":"","overlay-color":"","overlay-opacity":"","overlay-gradient":""},"mobile":{"background-color":"var(--ast-global-color-5)","background-image":"","background-repeat":"repeat","background-position":"center center","background-size":"auto","background-attachment":"scroll","background-type":"","background-media":"","overlay-type":"","overlay-color":"","overlay-opacity":"","overlay-gradient":""}},"footnotes":""},"class_list":["post-1194","page","type-page","status-publish","hentry"],"_links":{"self":[{"href":"https:\/\/iberequip.com\/es\/wp-json\/wp\/v2\/pages\/1194","targetHints":{"allow":["GET"]}}],"collection":[{"href":"https:\/\/iberequip.com\/es\/wp-json\/wp\/v2\/pages"}],"about":[{"href":"https:\/\/iberequip.com\/es\/wp-json\/wp\/v2\/types\/page"}],"author":[{"embeddable":true,"href":"https:\/\/iberequip.com\/es\/wp-json\/wp\/v2\/users\/1"}],"replies":[{"embeddable":true,"href":"https:\/\/iberequip.com\/es\/wp-json\/wp\/v2\/comments?post=1194"}],"version-history":[{"count":5,"href":"https:\/\/iberequip.com\/es\/wp-json\/wp\/v2\/pages\/1194\/revisions"}],"predecessor-version":[{"id":1200,"href":"https:\/\/iberequip.com\/es\/wp-json\/wp\/v2\/pages\/1194\/revisions\/1200"}],"wp:attachment":[{"href":"https:\/\/iberequip.com\/es\/wp-json\/wp\/v2\/media?parent=1194"}],"curies":[{"name":"wp","href":"https:\/\/api.w.org\/{rel}","templated":true}]}}