{"id":1169,"date":"2024-02-26T12:09:13","date_gmt":"2024-02-26T11:09:13","guid":{"rendered":"https:\/\/iberequip.com\/privacy-policy\/"},"modified":"2024-03-18T13:08:19","modified_gmt":"2024-03-18T12:08:19","slug":"privacy-policy","status":"publish","type":"page","link":"https:\/\/iberequip.com\/es\/privacy-policy\/","title":{"rendered":"Pol\u00edtica de Privacidad"},"content":{"rendered":"\t\t<div data-elementor-type=\"wp-page\" data-elementor-id=\"1169\" class=\"elementor elementor-1169 elementor-871\" data-elementor-post-type=\"page\">\n\t\t\t\t\t\t<section class=\"elementor-section elementor-top-section elementor-element elementor-element-8258d9d elementor-section-stretched elementor-section-boxed elementor-section-height-default elementor-section-height-default\" data-id=\"8258d9d\" data-element_type=\"section\" data-e-type=\"section\" data-settings=\"{&quot;background_background&quot;:&quot;classic&quot;,&quot;stretch_section&quot;:&quot;section-stretched&quot;}\">\n\t\t\t\t\t\t\t<div class=\"elementor-background-overlay\"><\/div>\n\t\t\t\t\t\t\t<div class=\"elementor-container elementor-column-gap-no\">\n\t\t\t\t\t<div class=\"elementor-column elementor-col-100 elementor-top-column elementor-element elementor-element-3baf331\" data-id=\"3baf331\" data-element_type=\"column\" data-e-type=\"column\">\n\t\t\t<div class=\"elementor-widget-wrap elementor-element-populated\">\n\t\t\t\t\t\t<div class=\"elementor-element elementor-element-debf48c elementor-widget__width-initial elementor-widget elementor-widget-heading\" data-id=\"debf48c\" data-element_type=\"widget\" data-e-type=\"widget\" data-widget_type=\"heading.default\">\n\t\t\t\t<div class=\"elementor-widget-container\">\n\t\t\t\t\t<h2 class=\"elementor-heading-title elementor-size-default\">PRIVACY POLICY<\/h2>\t\t\t\t<\/div>\n\t\t\t\t<\/div>\n\t\t\t\t\t<\/div>\n\t\t<\/div>\n\t\t\t\t\t<\/div>\n\t\t<\/section>\n\t\t<div class=\"elementor-element elementor-element-8679608 e-flex e-con-boxed e-con e-parent\" data-id=\"8679608\" data-element_type=\"container\" data-e-type=\"container\">\n\t\t\t\t\t<div class=\"e-con-inner\">\n\t\t\t\t<div class=\"elementor-element elementor-element-7c00ede elementor-widget elementor-widget-text-editor\" data-id=\"7c00ede\" data-element_type=\"widget\" data-e-type=\"widget\" data-widget_type=\"text-editor.default\">\n\t\t\t\t<div class=\"elementor-widget-container\">\n\t\t\t\t\t\t\t\t\t<span style=\"font-weight: 400;\">\u00daltima actualizaci\u00f3n: Febrero 2024.<\/span>\n\n<ol>\n \t<li><strong>INFORMACI\u00d3N DEL USUARIO<\/strong><\/li>\n<\/ol>\n<strong>Iberequip S.L<\/strong>, en calidad de Responsable del Tratamiento, le informa que, de acuerdo con lo establecido en el Reglamento (UE) 2016\/679 de 27 de abril (GDPR) y la Ley Org\u00e1nica 3\/2018 de 5 de diciembre, de Protecci\u00f3n de Datos Personales y garant\u00eda de los derechos digitales (LOPDGDD), trataremos sus datos tal y como se refleja en esta Pol\u00edtica de Privacidad.\n\nEn esta Pol\u00edtica de Privacidad, describimos c\u00f3mo recopilamos sus datos personales, por qu\u00e9 los recopilamos, qu\u00e9 hacemos con ellos, con qui\u00e9n los compartimos, c\u00f3mo los protegemos y cu\u00e1les son sus opciones respecto al tratamiento de sus datos personales.\n\nEsta Pol\u00edtica se aplica al tratamiento de sus datos personales recopilados por la empresa para la prestaci\u00f3n de sus servicios. Al aceptar las medidas de esta Pol\u00edtica, consiente el tratamiento de sus datos personales tal y como se define en esta Pol\u00edtica.\n\n<ol start=\"2\">\n \t<li><strong>CONTACTO<\/strong><\/li>\n<\/ol>\nNombre corporativo: <strong>Iberequip S.L<\/strong>\n\nNombre comercial: <strong>Iberequip<\/strong>\n\nDirecci\u00f3n: Espa\u00f1a\n\nCorreo electr\u00f3nico: <a target=\"_new\">info@iberequip.es<\/a>\n\n<ol start=\"3\">\n \t<li><strong>PRINCIPIOS CLAVE<\/strong><\/li>\n<\/ol>\nSiempre hemos estado comprometidos con proporcionar nuestros servicios con el m\u00e1s alto grado de calidad, lo que incluye manejar sus datos con seguridad y transparencia. Nuestros principios son:\n\n<ul>\n \t<li><strong>Legalidad<\/strong>: Solo recopilaremos sus datos personales para fines espec\u00edficos, expl\u00edcitos y leg\u00edtimos.<\/li>\n \t<li><strong>Minimizaci\u00f3n de datos<\/strong>: Limitamos la recopilaci\u00f3n de datos personales a lo estrictamente relevante y necesario para los fines para los que se recopilaron.<\/li>\n \t<li><strong>Limitaci\u00f3n de la finalidad<\/strong>: Solo recopilaremos sus datos personales para los fines establecidos y solo de acuerdo con sus deseos.<\/li>\n \t<li><strong>Exactitud<\/strong>: Mantendremos sus datos personales precisos y actualizados.<\/li>\n \t<li><strong>Seguridad de los datos<\/strong>: Aplicamos medidas t\u00e9cnicas y organizativas apropiadas proporcionales a los riesgos para garantizar que sus datos no se vean da\u00f1ados, como divulgaci\u00f3n o acceso no autorizado, destrucci\u00f3n o p\u00e9rdida accidental o alteraci\u00f3n accidental, y cualquier otra forma de procesamiento ilegal.<\/li>\n \t<li><strong>Acceso y rectificaci\u00f3n<\/strong>: Proporcionamos medios para que usted acceda o rectifique sus datos cuando lo considere necesario.<\/li>\n \t<li><strong>Retenci\u00f3n<\/strong>: Retenemos sus datos personales de manera legal y apropiada y solo durante el tiempo necesario para los fines para los que se recopilaron.<\/li>\n \t<li><strong>Transferencias internacionales<\/strong>: Cuando sus datos se transfieran fuera de la UE\/EEE, se proteger\u00e1n adecuadamente.<\/li>\n \t<li><strong>Terceros<\/strong>: El acceso y la transferencia de datos personales a terceros se realizan de acuerdo con las leyes y regulaciones aplicables y con garant\u00edas contractuales apropiadas.<\/li>\n \t<li><strong>Marketing directo y cookies<\/strong>: Cumplimos con la legislaci\u00f3n publicitaria y de cookies aplicable.<\/li>\n<\/ul>\n<ol start=\"4\">\n \t<li><strong>RECOLECCI\u00d3N Y TRATAMIENTO DE SUS DATOS PERSONALES<\/strong><\/li>\n<\/ol>\nLos tipos de datos que se pueden solicitar y procesar son:\n\n<ul>\n \t<li>Informaci\u00f3n de identificaci\u00f3n.<\/li>\n<\/ul>\nTambi\u00e9n recopilamos autom\u00e1ticamente datos sobre su visita a nuestro sitio web, seg\u00fan se describe en la pol\u00edtica de cookies.\n\nCada vez que solicitemos sus Datos Personales, le informaremos claramente sobre qu\u00e9 datos personales recopilamos y con qu\u00e9 finalidad. En general, recopilamos y procesamos sus datos personales con el fin de:\n\n<ul>\n \t<li>Proporcionar informaci\u00f3n, servicios, productos, informaci\u00f3n relevante y actualizaciones en el sector.<\/li>\n \t<li>Enviar comunicaciones.<\/li>\n<\/ul>\n<ol start=\"5\">\n \t<li><strong>LEGITIMACI\u00d3N<\/strong><\/li>\n<\/ol>\nDe acuerdo con la normativa de protecci\u00f3n de datos aplicable, sus datos personales pueden ser procesados siempre que:\n\n<ul>\n \t<li>Usted haya dado su consentimiento para el tratamiento. Por supuesto, puede retirar su consentimiento en cualquier momento.<\/li>\n \t<li>Exista una obligaci\u00f3n legal.<\/li>\n \t<li>Exista un inter\u00e9s leg\u00edtimo que no se vea menoscabado por sus derechos de privacidad, como enviar informaci\u00f3n comercial ya sea a trav\u00e9s de la suscripci\u00f3n a nuestro bolet\u00edn o debido a su condici\u00f3n de cliente.<\/li>\n \t<li>Sea necesario para la prestaci\u00f3n de cualquiera de nuestros servicios a trav\u00e9s de una relaci\u00f3n contractual entre usted y nosotros.<\/li>\n<\/ul>\n<ol start=\"6\">\n \t<li><strong>REVELACI\u00d3N DE DATOS PERSONALES<\/strong><\/li>\n<\/ol>\nLos datos pueden ser revelados a empresas relacionadas con <strong>Iberequip S.L<\/strong> para la prestaci\u00f3n de diversos servicios como Encargados del Tratamiento. La empresa no realizar\u00e1 ninguna transferencia, excepto cuando sea requerido por ley.\n\n<ol start=\"7\">\n \t<li><strong>SUS DERECHOS<\/strong><\/li>\n<\/ol>\nEn relaci\u00f3n con la recopilaci\u00f3n y el tratamiento de sus datos personales, puede contactarnos en cualquier momento para:\n\n<ul>\n \t<li>Acceder a sus datos personales y a cualquier otra informaci\u00f3n indicada en el Art\u00edculo 15.1 del GDPR.<\/li>\n \t<li>Rectificar sus datos personales que sean inexactos o est\u00e9n incompletos de acuerdo con el Art\u00edculo 16 del GDPR.<\/li>\n \t<li>Borrar sus datos personales de acuerdo con el Art\u00edculo 17 del GDPR.<\/li>\n \t<li>Restringir el procesamiento de sus datos personales de acuerdo con el Art\u00edculo 18 del GDPR.<\/li>\n \t<li>Solicitar la portabilidad de sus datos de acuerdo con el Art\u00edculo 20 del GDPR.<\/li>\n \t<li>Oponerse al procesamiento de sus datos personales de acuerdo con el Art\u00edculo 21 del GDPR.<\/li>\n<\/ul>\nSi ha dado su consentimiento para un fin espec\u00edfico, tiene derecho a retirar el consentimiento otorgado en cualquier momento, sin que ello afecte a la licitud del tratamiento basado en el consentimiento previo a su retirada.\n\nPuede ejercer estos derechos enviando una comunicaci\u00f3n razonada y acreditada a su <a target=\"_new\">correo electr\u00f3nico@suempresa.com<\/a>.\n\nTambi\u00e9n tiene derecho a presentar una queja ante la autoridad de control competente (<a href=\"http:\/\/www.aepd.es\/\" target=\"_new\">www.aepd.es<\/a>) si considera que el tratamiento no cumple con la normativa vigente.\n\n<ol start=\"8\">\n \t<li><strong>INFORMACI\u00d3N LEGAL<\/strong><\/li>\n<\/ol>\nLos requisitos de esta Pol\u00edtica complementan, y no sustituyen, cualquier otro requisito existente en virtud de la ley aplicable de protecci\u00f3n de datos, que prevalecer\u00e1 en cualquier caso.\n\nEsta Pol\u00edtica est\u00e1 sujeta a revisiones peri\u00f3dicas, y la empresa puede modificarla en cualquier momento. Cuando esto ocurra, le notificaremos cualquier cambio y le pediremos que revise la \u00faltima versi\u00f3n de nuestra Pol\u00edtica y confirme su aceptaci\u00f3n.\t\t\t\t\t\t\t\t<\/div>\n\t\t\t\t<\/div>\n\t\t\t\t\t<\/div>\n\t\t\t\t<\/div>\n\t\t\t\t<\/div>\n\t\t","protected":false},"excerpt":{"rendered":"<p>PRIVACY POLICY \u00daltima actualizaci\u00f3n: Febrero 2024. INFORMACI\u00d3N DEL USUARIO Iberequip S.L, en calidad de Responsable del Tratamiento, le informa que, [&hellip;]<\/p>\n","protected":false},"author":1,"featured_media":0,"parent":0,"menu_order":0,"comment_status":"closed","ping_status":"closed","template":"","meta":{"_seopress_robots_primary_cat":"","_seopress_titles_title":"","_seopress_titles_desc":"","_seopress_robots_index":"","site-sidebar-layout":"no-sidebar","site-content-layout":"","ast-site-content-layout":"full-width-container","site-content-style":"default","site-sidebar-style":"default","ast-global-header-display":"","ast-banner-title-visibility":"","ast-main-header-display":"","ast-hfb-above-header-display":"","ast-hfb-below-header-display":"","ast-hfb-mobile-header-display":"","site-post-title":"disabled","ast-breadcrumbs-content":"","ast-featured-img":"disabled","footer-sml-layout":"","ast-disable-related-posts":"","theme-transparent-header-meta":"","adv-header-id-meta":"","stick-header-meta":"","header-above-stick-meta":"","header-main-stick-meta":"","header-below-stick-meta":"","astra-migrate-meta-layouts":"default","ast-page-background-enabled":"default","ast-page-background-meta":{"desktop":{"background-color":"var(--ast-global-color-4)","background-image":"","background-repeat":"repeat","background-position":"center center","background-size":"auto","background-attachment":"scroll","background-type":"","background-media":"","overlay-type":"","overlay-color":"","overlay-opacity":"","overlay-gradient":""},"tablet":{"background-color":"","background-image":"","background-repeat":"repeat","background-position":"center center","background-size":"auto","background-attachment":"scroll","background-type":"","background-media":"","overlay-type":"","overlay-color":"","overlay-opacity":"","overlay-gradient":""},"mobile":{"background-color":"","background-image":"","background-repeat":"repeat","background-position":"center center","background-size":"auto","background-attachment":"scroll","background-type":"","background-media":"","overlay-type":"","overlay-color":"","overlay-opacity":"","overlay-gradient":""}},"ast-content-background-meta":{"desktop":{"background-color":"var(--ast-global-color-5)","background-image":"","background-repeat":"repeat","background-position":"center center","background-size":"auto","background-attachment":"scroll","background-type":"","background-media":"","overlay-type":"","overlay-color":"","overlay-opacity":"","overlay-gradient":""},"tablet":{"background-color":"var(--ast-global-color-5)","background-image":"","background-repeat":"repeat","background-position":"center center","background-size":"auto","background-attachment":"scroll","background-type":"","background-media":"","overlay-type":"","overlay-color":"","overlay-opacity":"","overlay-gradient":""},"mobile":{"background-color":"var(--ast-global-color-5)","background-image":"","background-repeat":"repeat","background-position":"center center","background-size":"auto","background-attachment":"scroll","background-type":"","background-media":"","overlay-type":"","overlay-color":"","overlay-opacity":"","overlay-gradient":""}},"footnotes":""},"class_list":["post-1169","page","type-page","status-publish","hentry"],"_links":{"self":[{"href":"https:\/\/iberequip.com\/es\/wp-json\/wp\/v2\/pages\/1169","targetHints":{"allow":["GET"]}}],"collection":[{"href":"https:\/\/iberequip.com\/es\/wp-json\/wp\/v2\/pages"}],"about":[{"href":"https:\/\/iberequip.com\/es\/wp-json\/wp\/v2\/types\/page"}],"author":[{"embeddable":true,"href":"https:\/\/iberequip.com\/es\/wp-json\/wp\/v2\/users\/1"}],"replies":[{"embeddable":true,"href":"https:\/\/iberequip.com\/es\/wp-json\/wp\/v2\/comments?post=1169"}],"version-history":[{"count":4,"href":"https:\/\/iberequip.com\/es\/wp-json\/wp\/v2\/pages\/1169\/revisions"}],"predecessor-version":[{"id":1174,"href":"https:\/\/iberequip.com\/es\/wp-json\/wp\/v2\/pages\/1169\/revisions\/1174"}],"wp:attachment":[{"href":"https:\/\/iberequip.com\/es\/wp-json\/wp\/v2\/media?parent=1169"}],"curies":[{"name":"wp","href":"https:\/\/api.w.org\/{rel}","templated":true}]}}