{"id":1142,"date":"2024-02-26T12:03:11","date_gmt":"2024-02-26T11:03:11","guid":{"rendered":"https:\/\/iberequip.com\/accesibility\/"},"modified":"2024-03-18T12:46:08","modified_gmt":"2024-03-18T11:46:08","slug":"accesibility","status":"publish","type":"page","link":"https:\/\/iberequip.com\/es\/accesibility\/","title":{"rendered":"Accesibilidad"},"content":{"rendered":"\t\t<div data-elementor-type=\"wp-page\" data-elementor-id=\"1142\" class=\"elementor elementor-1142 elementor-863\" data-elementor-post-type=\"page\">\n\t\t\t\t\t\t<section class=\"elementor-section elementor-top-section elementor-element elementor-element-f979eb0 elementor-section-stretched elementor-section-boxed elementor-section-height-default elementor-section-height-default\" data-id=\"f979eb0\" data-element_type=\"section\" data-e-type=\"section\" data-settings=\"{&quot;background_background&quot;:&quot;classic&quot;,&quot;stretch_section&quot;:&quot;section-stretched&quot;}\">\n\t\t\t\t\t\t\t<div class=\"elementor-background-overlay\"><\/div>\n\t\t\t\t\t\t\t<div class=\"elementor-container elementor-column-gap-no\">\n\t\t\t\t\t<div class=\"elementor-column elementor-col-100 elementor-top-column elementor-element elementor-element-5f3f242\" data-id=\"5f3f242\" data-element_type=\"column\" data-e-type=\"column\">\n\t\t\t<div class=\"elementor-widget-wrap elementor-element-populated\">\n\t\t\t\t\t\t<div class=\"elementor-element elementor-element-210bd30 elementor-widget__width-initial elementor-widget elementor-widget-heading\" data-id=\"210bd30\" data-element_type=\"widget\" data-e-type=\"widget\" data-widget_type=\"heading.default\">\n\t\t\t\t<div class=\"elementor-widget-container\">\n\t\t\t\t\t<h2 class=\"elementor-heading-title elementor-size-default\">ACCESIBILITY<\/h2>\t\t\t\t<\/div>\n\t\t\t\t<\/div>\n\t\t\t\t\t<\/div>\n\t\t<\/div>\n\t\t\t\t\t<\/div>\n\t\t<\/section>\n\t\t<div class=\"elementor-element elementor-element-c418a19 e-flex e-con-boxed e-con e-parent\" data-id=\"c418a19\" data-element_type=\"container\" data-e-type=\"container\">\n\t\t\t\t\t<div class=\"e-con-inner\">\n\t\t\t\t<div class=\"elementor-element elementor-element-6355a0f elementor-widget elementor-widget-text-editor\" data-id=\"6355a0f\" data-element_type=\"widget\" data-e-type=\"widget\" data-widget_type=\"text-editor.default\">\n\t\t\t\t<div class=\"elementor-widget-container\">\n\t\t\t\t\t\t\t\t\t<p class=\"p1\"><b>1. <strong>INTRODUCCI\u00d3N<\/strong><\/b><\/p>\n<p class=\"p1\"><strong>Iberequip S.L<\/strong> se ha comprometido a hacer que su sitio web y aplicaci\u00f3n m\u00f3vil sean accesibles de acuerdo con el <a href=\"https:\/\/www.boe.es\/buscar\/act.php?id=BOE-A-2018-12699\">Real Decreto 1112\/2018, de 7 de septiembre<\/a>, sobre accesibilidad de los sitios web y aplicaciones m\u00f3viles del sector p\u00fablico.<\/p>\n\n<div class=\"flex-1 overflow-hidden\">\n<div class=\"react-scroll-to-bottom--css-anlep-79elbk h-full\">\n<div class=\"react-scroll-to-bottom--css-anlep-1n7m0yu\">\n<div class=\"flex flex-col pb-9 text-sm\">\n<div class=\"w-full text-token-text-primary\" data-testid=\"conversation-turn-9\">\n<div class=\"px-4 py-2 justify-center text-base md:gap-6 m-auto\">\n<div class=\"flex flex-1 text-base mx-auto gap-3 md:px-5 lg:px-1 xl:px-5 md:max-w-3xl lg:max-w-[40rem] xl:max-w-[48rem] group final-completion\">\n<div class=\"relative flex w-full flex-col agent-turn\">\n<div class=\"flex-col gap-1 md:gap-3\">\n<div class=\"flex flex-grow flex-col max-w-full\">\n<div class=\"min-h-[20px] text-message flex flex-col items-start gap-3 whitespace-pre-wrap break-words [.text-message+&amp;]:mt-5 overflow-x-auto\" data-message-author-role=\"assistant\" data-message-id=\"bf41585a-63e0-4b12-8e4e-6d4e016ea276\">\n<div class=\"markdown prose w-full break-words dark:prose-invert light\">\n\nEsta declaraci\u00f3n de accesibilidad se aplica a <a href=\"https:\/\/iberequip.es\/\" target=\"_new\">https:\/\/iberequip<\/a><a href=\"https:\/\/asesoriaenergeticaeltorno.es\/\" target=\"_new\">.es\/<\/a>\n\n<\/div>\n<\/div>\n<\/div>\n<\/div>\n<\/div>\n<\/div>\n<\/div>\n<\/div>\n<\/div>\n<\/div>\n<\/div>\n<\/div>\n<div class=\"w-full pt-2 md:pt-0 dark:border-white\/20 md:border-transparent md:dark:border-transparent md:w-[calc(100%-.5rem)]\"><form class=\"stretch mx-2 flex flex-row gap-3 last:mb-2 md:mx-4 md:last:mb-6 lg:mx-auto lg:max-w-2xl xl:max-w-3xl\">\n<div class=\"relative flex h-full flex-1 flex-col\">\n<div class=\"flex w-full items-center\"><\/div>\n<\/div>\n<\/form><\/div>\n<p class=\"p1\"><b>2. <strong>RECOMENDACIONES PARA SU APLICACI\u00d3N EN EL CONTEXTO NACIONAL<\/strong><\/b><\/p>\n\n<ul class=\"ul1\">\n \t<li class=\"li1\">La declaraci\u00f3n de accesibilidad puede referirse a uno o varios sitios web y\/o una o varias aplicaciones m\u00f3viles siempre que tengan el mismo estado de cumplimiento, el mismo contenido no accesible, y tambi\u00e9n apliquen la misma informaci\u00f3n que el resto de la declaraci\u00f3n. Sin embargo, para mayor claridad en la lectura e interpretaci\u00f3n para los usuarios, se recomienda tener una declaraci\u00f3n de accesibilidad para cada sitio web o para cada aplicaci\u00f3n m\u00f3vil.<\/li>\n \t<li class=\"li1\">Indique el alcance de la declaraci\u00f3n enumerando los enlaces a los sitios web y\/o aplicaciones m\u00f3viles a los que se aplica. En el caso de las aplicaciones m\u00f3viles, se deben proporcionar los detalles (sistema operativo, versi\u00f3n&#8230;) y la fecha de la versi\u00f3n.<\/li>\n \t<li class=\"li2\">\n<div class=\"flex-1 overflow-hidden\">\n<div class=\"react-scroll-to-bottom--css-anlep-79elbk h-full\">\n<div class=\"react-scroll-to-bottom--css-anlep-1n7m0yu\">\n<div class=\"flex flex-col pb-9 text-sm\">\n<div class=\"w-full text-token-text-primary\" data-testid=\"conversation-turn-11\">\n<div class=\"px-4 py-2 justify-center text-base md:gap-6 m-auto\">\n<div class=\"flex flex-1 text-base mx-auto gap-3 md:px-5 lg:px-1 xl:px-5 md:max-w-3xl lg:max-w-[40rem] xl:max-w-[48rem] group final-completion\">\n<div class=\"relative flex w-full flex-col agent-turn\">\n<div class=\"flex-col gap-1 md:gap-3\">\n<div class=\"flex flex-grow flex-col max-w-full\">\n<div class=\"min-h-[20px] text-message flex flex-col items-start gap-3 whitespace-pre-wrap break-words [.text-message+&amp;]:mt-5 overflow-x-auto\" data-message-author-role=\"assistant\" data-message-id=\"33e64de0-0daa-4ce7-92ca-a4ea8e4754ea\">\n<div class=\"markdown prose w-full break-words dark:prose-invert light\">\n\nLa referencia a la \u00ablegislaci\u00f3n nacional que traspone la Directiva\u00bb es el\u00a0<a href=\"https:\/\/www.boe.es\/buscar\/act.php?id=BOE-A-2018-12699\">Real Decreto 1112\/2018, de 7 de septiembre<\/a>, sobre la accesibilidad de los sitios web y aplicaciones m\u00f3viles del sector p\u00fablico.\n\n<\/div>\n<\/div>\n<\/div>\n<\/div>\n<\/div>\n<\/div>\n<\/div>\n<\/div>\n<\/div>\n<\/div>\n<\/div>\n<\/div>\n<\/div><\/li>\n<\/ul>\n<p class=\"p1\"><b>2.2. <strong>ESTADO DE CUMPLIMIENTO<\/strong><\/b><\/p>\n<p class=\"p1\">Este sitio web cumple parcialmente con los requisitos de accesibilidad debido a la no conformidad con los siguientes aspectos:<\/p>\n\n<ul class=\"ul1\">\n \t<li>V\u00eddeo de cabecera en la p\u00e1gina de inicio.<\/li>\n<\/ul>\n<ul class=\"ul1\">\n \t<li class=\"li1\">Ciertos aspectos del formulario de contacto.<\/li>\n<\/ul>\n<ul class=\"ul1\">\n \t<li>Uso ocasional de colores con bajo contraste.<\/li>\n<\/ul>\n<p class=\"p1\"><b>2.3. <strong>PREPARACI\u00d3N DE ESTA DECLARACI\u00d3N DE ACCESIBILIDAD<\/strong><\/b><\/p>\n<p class=\"p1\">Esta declaraci\u00f3n fue preparada el 14\/03\/2023, basada en una autoevaluaci\u00f3n realizada por el organismo del sector p\u00fablico.<\/p>\n<p class=\"p1\"><b>2.4. <strong>COMENTARIOS Y DATOS DE CONTACTO<\/strong><\/b><\/p>\n<p class=\"p1\">Puede comunicar los requisitos de accesibilidad (art\u00edculo 10.2.a) del RD 1112\/2018), tales como:<\/p>\n\n<ul>\n \t<li>Informar sobre cualquier posible incumplimiento por parte de este sitio web.<\/li>\n<\/ul>\n<ul>\n \t<li>Transmitir otras dificultades para acceder al contenido.<\/li>\n<\/ul>\n<ul>\n \t<li>Realizar cualquier otra consulta o sugerencia para mejorar la accesibilidad del sitio web a trav\u00e9s de la siguiente direcci\u00f3n de correo electr\u00f3nico: <a target=\"_new\">info@iberequip.es<\/a><\/li>\n<\/ul>\nPuede presentar una queja sobre el cumplimiento de los requisitos del RD 1112\/2018, o una solicitud de informaci\u00f3n accesible respecto a:\n<ul>\n \t<li style=\"list-style-type: none;\">\n<ul>\n \t<li class=\"p1\">Contenidos excluidos del \u00e1mbito de aplicaci\u00f3n del RD 1112\/2018 seg\u00fan lo establecido en el art\u00edculo 3, p\u00e1rrafo 4.<\/li>\n \t<li class=\"p1\">Contenidos exentos de cumplir con los requisitos de accesibilidad debido a imponer una carga desproporcionada.<\/li>\n<\/ul>\n<\/li>\n<\/ul>\n<p class=\"p1\">En la Solicitud de Informaci\u00f3n Accesible, se deben especificar claramente los hechos, razones y la solicitud para demostrar que se trata de una solicitud razonable y leg\u00edtima.<\/p>\n<p class=\"p1\"><b>2.5. <strong>PROCEDIMIENTO DE APLICACI\u00d3N<\/strong><\/b><\/p>\n<p class=\"p1\">Si se ha rechazado una solicitud de informaci\u00f3n accesible o una queja, si no est\u00e1 de acuerdo con la decisi\u00f3n tomada, o si la respuesta no cumple con los requisitos establecidos en el Art\u00edculo 12.5, el interesado puede iniciar una reclamaci\u00f3n. De igual manera, se puede iniciar una reclamaci\u00f3n si han transcurrido veinte d\u00edas h\u00e1biles sin obtener una respuesta.<\/p>\n<p class=\"p1\">La reclamaci\u00f3n se puede presentar a trav\u00e9s de la Instancia Gen\u00e9rica de la Sede Electr\u00f3nica del Ministerio de Asuntos Econ\u00f3micos y Transformaci\u00f3n Digital, as\u00ed como a trav\u00e9s de las otras opciones previstas en la Ley 39\/2015, de 1 de octubre, del Procedimiento Administrativo Com\u00fan de las Administraciones P\u00fablicas.<\/p>\n\t\t\t\t\t\t\t\t<\/div>\n\t\t\t\t<\/div>\n\t\t\t\t\t<\/div>\n\t\t\t\t<\/div>\n\t\t\t\t<\/div>\n\t\t","protected":false},"excerpt":{"rendered":"<p>ACCESIBILITY 1. INTRODUCCI\u00d3N Iberequip S.L se ha comprometido a hacer que su sitio web y aplicaci\u00f3n m\u00f3vil sean accesibles de [&hellip;]<\/p>\n","protected":false},"author":1,"featured_media":0,"parent":0,"menu_order":0,"comment_status":"closed","ping_status":"closed","template":"","meta":{"_seopress_robots_primary_cat":"","_seopress_titles_title":"","_seopress_titles_desc":"","_seopress_robots_index":"","site-sidebar-layout":"no-sidebar","site-content-layout":"","ast-site-content-layout":"full-width-container","site-content-style":"default","site-sidebar-style":"default","ast-global-header-display":"","ast-banner-title-visibility":"","ast-main-header-display":"","ast-hfb-above-header-display":"","ast-hfb-below-header-display":"","ast-hfb-mobile-header-display":"","site-post-title":"disabled","ast-breadcrumbs-content":"","ast-featured-img":"disabled","footer-sml-layout":"","ast-disable-related-posts":"","theme-transparent-header-meta":"","adv-header-id-meta":"","stick-header-meta":"","header-above-stick-meta":"","header-main-stick-meta":"","header-below-stick-meta":"","astra-migrate-meta-layouts":"default","ast-page-background-enabled":"default","ast-page-background-meta":{"desktop":{"background-color":"var(--ast-global-color-4)","background-image":"","background-repeat":"repeat","background-position":"center center","background-size":"auto","background-attachment":"scroll","background-type":"","background-media":"","overlay-type":"","overlay-color":"","overlay-opacity":"","overlay-gradient":""},"tablet":{"background-color":"","background-image":"","background-repeat":"repeat","background-position":"center center","background-size":"auto","background-attachment":"scroll","background-type":"","background-media":"","overlay-type":"","overlay-color":"","overlay-opacity":"","overlay-gradient":""},"mobile":{"background-color":"","background-image":"","background-repeat":"repeat","background-position":"center center","background-size":"auto","background-attachment":"scroll","background-type":"","background-media":"","overlay-type":"","overlay-color":"","overlay-opacity":"","overlay-gradient":""}},"ast-content-background-meta":{"desktop":{"background-color":"var(--ast-global-color-5)","background-image":"","background-repeat":"repeat","background-position":"center center","background-size":"auto","background-attachment":"scroll","background-type":"","background-media":"","overlay-type":"","overlay-color":"","overlay-opacity":"","overlay-gradient":""},"tablet":{"background-color":"var(--ast-global-color-5)","background-image":"","background-repeat":"repeat","background-position":"center center","background-size":"auto","background-attachment":"scroll","background-type":"","background-media":"","overlay-type":"","overlay-color":"","overlay-opacity":"","overlay-gradient":""},"mobile":{"background-color":"var(--ast-global-color-5)","background-image":"","background-repeat":"repeat","background-position":"center center","background-size":"auto","background-attachment":"scroll","background-type":"","background-media":"","overlay-type":"","overlay-color":"","overlay-opacity":"","overlay-gradient":""}},"footnotes":""},"class_list":["post-1142","page","type-page","status-publish","hentry"],"_links":{"self":[{"href":"https:\/\/iberequip.com\/es\/wp-json\/wp\/v2\/pages\/1142","targetHints":{"allow":["GET"]}}],"collection":[{"href":"https:\/\/iberequip.com\/es\/wp-json\/wp\/v2\/pages"}],"about":[{"href":"https:\/\/iberequip.com\/es\/wp-json\/wp\/v2\/types\/page"}],"author":[{"embeddable":true,"href":"https:\/\/iberequip.com\/es\/wp-json\/wp\/v2\/users\/1"}],"replies":[{"embeddable":true,"href":"https:\/\/iberequip.com\/es\/wp-json\/wp\/v2\/comments?post=1142"}],"version-history":[{"count":4,"href":"https:\/\/iberequip.com\/es\/wp-json\/wp\/v2\/pages\/1142\/revisions"}],"predecessor-version":[{"id":1147,"href":"https:\/\/iberequip.com\/es\/wp-json\/wp\/v2\/pages\/1142\/revisions\/1147"}],"wp:attachment":[{"href":"https:\/\/iberequip.com\/es\/wp-json\/wp\/v2\/media?parent=1142"}],"curies":[{"name":"wp","href":"https:\/\/api.w.org\/{rel}","templated":true}]}}