{"id":1103,"date":"2024-02-23T07:51:34","date_gmt":"2024-02-23T06:51:34","guid":{"rendered":"https:\/\/iberequip.com\/catalogo\/"},"modified":"2024-12-17T15:20:55","modified_gmt":"2024-12-17T14:20:55","slug":"catalogo","status":"publish","type":"page","link":"https:\/\/iberequip.com\/es\/catalogo\/","title":{"rendered":"Cat\u00e1logo"},"content":{"rendered":"\t\t<div data-elementor-type=\"wp-page\" data-elementor-id=\"1103\" class=\"elementor elementor-1103 elementor-372\" data-elementor-post-type=\"page\">\n\t\t\t\t\t\t<section class=\"elementor-section elementor-top-section elementor-element elementor-element-5dc44f4d elementor-section-stretched elementor-section-boxed elementor-section-height-default elementor-section-height-default\" data-id=\"5dc44f4d\" data-element_type=\"section\" data-e-type=\"section\" data-settings=\"{&quot;background_background&quot;:&quot;slideshow&quot;,&quot;stretch_section&quot;:&quot;section-stretched&quot;,&quot;background_slideshow_gallery&quot;:[{&quot;id&quot;:123,&quot;url&quot;:&quot;https:\\\/\\\/iberequip.com\\\/wp-content\\\/uploads\\\/2024\\\/02\\\/meat-products-small-butcher-shop-scaled.jpg&quot;},{&quot;id&quot;:493,&quot;url&quot;:&quot;https:\\\/\\\/iberequip.com\\\/wp-content\\\/uploads\\\/2024\\\/02\\\/alimentos-cocina-scaled-1.jpg&quot;},{&quot;id&quot;:392,&quot;url&quot;:&quot;https:\\\/\\\/iberequip.com\\\/wp-content\\\/uploads\\\/2024\\\/02\\\/portrait-supermarket-deli-worker-with-frozen-fish-ice-ready-sale-scaled.jpg&quot;},{&quot;id&quot;:390,&quot;url&quot;:&quot;https:\\\/\\\/iberequip.com\\\/wp-content\\\/uploads\\\/2024\\\/02\\\/mujer-comprando-verduras-supermercado-scaled.jpg&quot;},{&quot;id&quot;:124,&quot;url&quot;:&quot;https:\\\/\\\/iberequip.com\\\/wp-content\\\/uploads\\\/2024\\\/02\\\/man-working-bread-bakery-1-scaled.jpg&quot;},{&quot;id&quot;:80,&quot;url&quot;:&quot;https:\\\/\\\/iberequip.com\\\/wp-content\\\/uploads\\\/2024\\\/02\\\/show-cooking-buffet-costa-salou.jpg&quot;}],&quot;background_slideshow_slide_duration&quot;:2500,&quot;background_slideshow_loop&quot;:&quot;yes&quot;,&quot;background_slideshow_slide_transition&quot;:&quot;fade&quot;,&quot;background_slideshow_transition_duration&quot;:500}\">\n\t\t\t\t\t\t\t<div class=\"elementor-background-overlay\"><\/div>\n\t\t\t\t\t\t\t<div class=\"elementor-container elementor-column-gap-no\">\n\t\t\t\t\t<div class=\"elementor-column elementor-col-100 elementor-top-column elementor-element elementor-element-534db5f2\" data-id=\"534db5f2\" data-element_type=\"column\" data-e-type=\"column\">\n\t\t\t<div class=\"elementor-widget-wrap elementor-element-populated\">\n\t\t\t\t\t\t\t<\/div>\n\t\t<\/div>\n\t\t\t\t\t<\/div>\n\t\t<\/section>\n\t\t\t\t<section class=\"elementor-section elementor-top-section elementor-element elementor-element-6e36c819 elementor-section-boxed elementor-section-height-default elementor-section-height-default\" data-id=\"6e36c819\" data-element_type=\"section\" data-e-type=\"section\">\n\t\t\t\t\t\t<div class=\"elementor-container elementor-column-gap-no\">\n\t\t\t\t\t<div class=\"elementor-column elementor-col-100 elementor-top-column elementor-element elementor-element-73131c5\" data-id=\"73131c5\" data-element_type=\"column\" data-e-type=\"column\">\n\t\t\t<div class=\"elementor-widget-wrap elementor-element-populated\">\n\t\t\t\t\t\t<div class=\"elementor-element elementor-element-e9a113e elementor-widget elementor-widget-jet-woo-widgets-categories\" data-id=\"e9a113e\" data-element_type=\"widget\" data-e-type=\"widget\" data-widget_type=\"jet-woo-widgets-categories.default\">\n\t\t\t\t<div class=\"elementor-widget-container\">\n\t\t\t\t\t<div class=\"elementor-jet-woo-widgets-categories jet-woo-widgets\">\n<div class=\"jet-woo-categories jet-woo-categories--preset-5 col-row  jet-equal-cols\">\n<div class=\"jet-woo-categories__item\">\n\t<div class=\"jet-woo-categories__inner-box\">\n\t\t\n<div class=\"jet-woo-categories-thumbnail__wrap\"><div class=\"jet-woo-category-thumbnail\">\n\t<a href=\"https:\/\/iberequip.com\/es\/buffet-y-show-cooking\/\" rel=\"bookmark\"><img fetchpriority=\"high\" decoding=\"async\" width=\"1000\" height=\"1000\" src=\"https:\/\/iberequip.com\/wp-content\/uploads\/2024\/12\/Productos-Iberequip.png\" class=\"attachment-full size-full\" alt=\"\" \/><\/a>\n\t<div class=\"jet-woo-category-img-overlay\"><\/div>\n\t<div class=\"jet-woo-category-img-overlay__hover\"><\/div>\n<\/div>\n<\/div>\n<div class=\"jet-woo-categories-content\">\n\t<div class=\"jet-woo-category-content__inner\">\n\t  \n<div class=\"jet-woo-category-title\">\n\t<a href=\"https:\/\/iberequip.com\/es\/buffet-y-show-cooking\/\" class=\"jet-woo-category-title__link\">Buffet y show cooking<\/a>\n<\/div>\n\n<div class=\"jet-woo-category-excerpt\">Estudio de cada cliente de manera personalizada, asesoramiento en proyecto...<\/div>\n\t<\/div>\n\t<div class=\"jet-woo-category-count__wrap\"><\/div>\n<\/div>\t<\/div>\n<\/div><div class=\"jet-woo-categories__item\">\n\t<div class=\"jet-woo-categories__inner-box\">\n\t\t\n<div class=\"jet-woo-categories-thumbnail__wrap\"><div class=\"jet-woo-category-thumbnail\">\n\t<a href=\"https:\/\/iberequip.com\/es\/enfriadores-de-agua\/\" rel=\"bookmark\"><img decoding=\"async\" width=\"1000\" height=\"1000\" src=\"https:\/\/iberequip.com\/wp-content\/uploads\/2024\/12\/11.png\" class=\"attachment-full size-full\" alt=\"\" \/><\/a>\n\t<div class=\"jet-woo-category-img-overlay\"><\/div>\n\t<div class=\"jet-woo-category-img-overlay__hover\"><\/div>\n<\/div>\n<\/div>\n<div class=\"jet-woo-categories-content\">\n\t<div class=\"jet-woo-category-content__inner\">\n\t  \n<div class=\"jet-woo-category-title\">\n\t<a href=\"https:\/\/iberequip.com\/es\/enfriadores-de-agua\/\" class=\"jet-woo-category-title__link\">Enfriador de agua instant\u00e1neo<\/a>\n<\/div>\n\n<div class=\"jet-woo-category-excerpt\">Interior y exterior de acero inoxidable AISI 304 Tapa desmontable...<\/div>\n\t<\/div>\n\t<div class=\"jet-woo-category-count__wrap\"><\/div>\n<\/div>\t<\/div>\n<\/div><div class=\"jet-woo-categories__item\">\n\t<div class=\"jet-woo-categories__inner-box\">\n\t\t\n<div class=\"jet-woo-categories-thumbnail__wrap\"><div class=\"jet-woo-category-thumbnail\">\n\t<a href=\"https:\/\/iberequip.com\/es\/hornos-de-panaderia\/\" rel=\"bookmark\"><img decoding=\"async\" width=\"1000\" height=\"1000\" src=\"https:\/\/iberequip.com\/wp-content\/uploads\/2024\/12\/9.png\" class=\"attachment-full size-full\" alt=\"\" \/><\/a>\n\t<div class=\"jet-woo-category-img-overlay\"><\/div>\n\t<div class=\"jet-woo-category-img-overlay__hover\"><\/div>\n<\/div>\n<\/div>\n<div class=\"jet-woo-categories-content\">\n\t<div class=\"jet-woo-category-content__inner\">\n\t  \n<div class=\"jet-woo-category-title\">\n\t<a href=\"https:\/\/iberequip.com\/es\/hornos-de-panaderia\/\" class=\"jet-woo-category-title__link\">Hornos de panader\u00eda<\/a>\n<\/div>\n\n<div class=\"jet-woo-category-excerpt\">Hornos de panader\u00eda de m\u00e1xima precisi\u00f3n y rendimiento, que garantizan...<\/div>\n\t<\/div>\n\t<div class=\"jet-woo-category-count__wrap\"><\/div>\n<\/div>\t<\/div>\n<\/div><div class=\"jet-woo-categories__item\">\n\t<div class=\"jet-woo-categories__inner-box\">\n\t\t\n<div class=\"jet-woo-categories-thumbnail__wrap\"><div class=\"jet-woo-category-thumbnail\">\n\t<a href=\"https:\/\/iberequip.com\/es\/maquinaria-de-panaderia\/\" rel=\"bookmark\"><img loading=\"lazy\" decoding=\"async\" width=\"1000\" height=\"1000\" src=\"https:\/\/iberequip.com\/wp-content\/uploads\/2024\/11\/amasadora.png\" class=\"attachment-full size-full\" alt=\"\" \/><\/a>\n\t<div class=\"jet-woo-category-img-overlay\"><\/div>\n\t<div class=\"jet-woo-category-img-overlay__hover\"><\/div>\n<\/div>\n<\/div>\n<div class=\"jet-woo-categories-content\">\n\t<div class=\"jet-woo-category-content__inner\">\n\t  \n<div class=\"jet-woo-category-title\">\n\t<a href=\"https:\/\/iberequip.com\/es\/maquinaria-de-panaderia\/\" class=\"jet-woo-category-title__link\">Maquinaria de panader\u00eda<\/a>\n<\/div>\n\n<div class=\"jet-woo-category-excerpt\">M\u00e1quinas de panader\u00eda de alta calidad, de fabricaci\u00f3n europea que...<\/div>\n\t<\/div>\n\t<div class=\"jet-woo-category-count__wrap\"><\/div>\n<\/div>\t<\/div>\n<\/div><div class=\"jet-woo-categories__item\">\n\t<div class=\"jet-woo-categories__inner-box\">\n\t\t\n<div class=\"jet-woo-categories-thumbnail__wrap\"><div class=\"jet-woo-category-thumbnail\">\n\t<a href=\"https:\/\/iberequip.com\/es\/vitrinas-refrigeradas\/\" rel=\"bookmark\"><img loading=\"lazy\" decoding=\"async\" width=\"1000\" height=\"1000\" src=\"https:\/\/iberequip.com\/wp-content\/uploads\/2024\/02\/Diseno-sin-titulo-1.png\" class=\"attachment-full size-full\" alt=\"\" \/><\/a>\n\t<div class=\"jet-woo-category-img-overlay\"><\/div>\n\t<div class=\"jet-woo-category-img-overlay__hover\"><\/div>\n<\/div>\n<\/div>\n<div class=\"jet-woo-categories-content\">\n\t<div class=\"jet-woo-category-content__inner\">\n\t  \n<div class=\"jet-woo-category-title\">\n\t<a href=\"https:\/\/iberequip.com\/es\/vitrinas-refrigeradas\/\" class=\"jet-woo-category-title__link\">Vitrinas<\/a>\n<\/div>\n\n<div class=\"jet-woo-category-excerpt\">Exposici\u00f3n y conservaci\u00f3n de alimentos en muebles refrigerados sostenibles y...<\/div>\n\t<\/div>\n\t<div class=\"jet-woo-category-count__wrap\"><\/div>\n<\/div>\t<\/div>\n<\/div><\/div>\n<\/div>\t\t\t\t<\/div>\n\t\t\t\t<\/div>\n\t\t\t\t\t<\/div>\n\t\t<\/div>\n\t\t\t\t\t<\/div>\n\t\t<\/section>\n\t\t\t\t<\/div>\n\t\t","protected":false},"excerpt":{"rendered":"<p>Bakery Equipment High quality Bakery equipement, made in Europe, blending precision and&#8230; Bakery ovens Completely regular and uniform backing for [&hellip;]<\/p>\n","protected":false},"author":1,"featured_media":0,"parent":0,"menu_order":0,"comment_status":"closed","ping_status":"closed","template":"elementor_header_footer","meta":{"_seopress_robots_primary_cat":"","_seopress_titles_title":"","_seopress_titles_desc":"","_seopress_robots_index":"","site-sidebar-layout":"no-sidebar","site-content-layout":"","ast-site-content-layout":"full-width-container","site-content-style":"default","site-sidebar-style":"default","ast-global-header-display":"","ast-banner-title-visibility":"","ast-main-header-display":"","ast-hfb-above-header-display":"","ast-hfb-below-header-display":"","ast-hfb-mobile-header-display":"","site-post-title":"disabled","ast-breadcrumbs-content":"","ast-featured-img":"disabled","footer-sml-layout":"","ast-disable-related-posts":"","theme-transparent-header-meta":"","adv-header-id-meta":"","stick-header-meta":"","header-above-stick-meta":"","header-main-stick-meta":"","header-below-stick-meta":"","astra-migrate-meta-layouts":"default","ast-page-background-enabled":"default","ast-page-background-meta":{"desktop":{"background-color":"var(--ast-global-color-4)","background-image":"","background-repeat":"repeat","background-position":"center center","background-size":"auto","background-attachment":"scroll","background-type":"","background-media":"","overlay-type":"","overlay-color":"","overlay-opacity":"","overlay-gradient":""},"tablet":{"background-color":"","background-image":"","background-repeat":"repeat","background-position":"center center","background-size":"auto","background-attachment":"scroll","background-type":"","background-media":"","overlay-type":"","overlay-color":"","overlay-opacity":"","overlay-gradient":""},"mobile":{"background-color":"","background-image":"","background-repeat":"repeat","background-position":"center center","background-size":"auto","background-attachment":"scroll","background-type":"","background-media":"","overlay-type":"","overlay-color":"","overlay-opacity":"","overlay-gradient":""}},"ast-content-background-meta":{"desktop":{"background-color":"var(--ast-global-color-5)","background-image":"","background-repeat":"repeat","background-position":"center center","background-size":"auto","background-attachment":"scroll","background-type":"","background-media":"","overlay-type":"","overlay-color":"","overlay-opacity":"","overlay-gradient":""},"tablet":{"background-color":"var(--ast-global-color-5)","background-image":"","background-repeat":"repeat","background-position":"center center","background-size":"auto","background-attachment":"scroll","background-type":"","background-media":"","overlay-type":"","overlay-color":"","overlay-opacity":"","overlay-gradient":""},"mobile":{"background-color":"var(--ast-global-color-5)","background-image":"","background-repeat":"repeat","background-position":"center center","background-size":"auto","background-attachment":"scroll","background-type":"","background-media":"","overlay-type":"","overlay-color":"","overlay-opacity":"","overlay-gradient":""}},"footnotes":""},"class_list":["post-1103","page","type-page","status-publish","hentry"],"_links":{"self":[{"href":"https:\/\/iberequip.com\/es\/wp-json\/wp\/v2\/pages\/1103","targetHints":{"allow":["GET"]}}],"collection":[{"href":"https:\/\/iberequip.com\/es\/wp-json\/wp\/v2\/pages"}],"about":[{"href":"https:\/\/iberequip.com\/es\/wp-json\/wp\/v2\/types\/page"}],"author":[{"embeddable":true,"href":"https:\/\/iberequip.com\/es\/wp-json\/wp\/v2\/users\/1"}],"replies":[{"embeddable":true,"href":"https:\/\/iberequip.com\/es\/wp-json\/wp\/v2\/comments?post=1103"}],"version-history":[{"count":5,"href":"https:\/\/iberequip.com\/es\/wp-json\/wp\/v2\/pages\/1103\/revisions"}],"predecessor-version":[{"id":1755,"href":"https:\/\/iberequip.com\/es\/wp-json\/wp\/v2\/pages\/1103\/revisions\/1755"}],"wp:attachment":[{"href":"https:\/\/iberequip.com\/es\/wp-json\/wp\/v2\/media?parent=1103"}],"curies":[{"name":"wp","href":"https:\/\/api.w.org\/{rel}","templated":true}]}}