{"id":1088,"date":"2024-02-20T17:03:56","date_gmt":"2024-02-20T16:03:56","guid":{"rendered":"https:\/\/iberequip.com\/cookie-policy\/"},"modified":"2024-03-18T12:09:54","modified_gmt":"2024-03-18T11:09:54","slug":"cookie-policy","status":"publish","type":"page","link":"https:\/\/iberequip.com\/es\/cookie-policy\/","title":{"rendered":"Pol\u00edtica de Cookies"},"content":{"rendered":"\t\t<div data-elementor-type=\"wp-page\" data-elementor-id=\"1088\" class=\"elementor elementor-1088 elementor-70\" data-elementor-post-type=\"page\">\n\t\t\t\t\t\t<section class=\"elementor-section elementor-top-section elementor-element elementor-element-5d3a8f2 elementor-section-stretched elementor-section-boxed elementor-section-height-default elementor-section-height-default\" data-id=\"5d3a8f2\" data-element_type=\"section\" data-e-type=\"section\" data-settings=\"{&quot;background_background&quot;:&quot;classic&quot;,&quot;stretch_section&quot;:&quot;section-stretched&quot;}\">\n\t\t\t\t\t\t\t<div class=\"elementor-background-overlay\"><\/div>\n\t\t\t\t\t\t\t<div class=\"elementor-container elementor-column-gap-no\">\n\t\t\t\t\t<div class=\"elementor-column elementor-col-100 elementor-top-column elementor-element elementor-element-2d0c992\" data-id=\"2d0c992\" data-element_type=\"column\" data-e-type=\"column\">\n\t\t\t<div class=\"elementor-widget-wrap elementor-element-populated\">\n\t\t\t\t\t\t<div class=\"elementor-element elementor-element-fc013d1 elementor-widget__width-initial elementor-widget elementor-widget-heading\" data-id=\"fc013d1\" data-element_type=\"widget\" data-e-type=\"widget\" data-widget_type=\"heading.default\">\n\t\t\t\t<div class=\"elementor-widget-container\">\n\t\t\t\t\t<h2 class=\"elementor-heading-title elementor-size-default\">COOKIE POLICY<\/h2>\t\t\t\t<\/div>\n\t\t\t\t<\/div>\n\t\t\t\t\t<\/div>\n\t\t<\/div>\n\t\t\t\t\t<\/div>\n\t\t<\/section>\n\t\t<div class=\"elementor-element elementor-element-798a26b e-flex e-con-boxed e-con e-parent\" data-id=\"798a26b\" data-element_type=\"container\" data-e-type=\"container\">\n\t\t\t\t\t<div class=\"e-con-inner\">\n\t\t\t\t<div class=\"elementor-element elementor-element-8e84c75 elementor-widget elementor-widget-text-editor\" data-id=\"8e84c75\" data-element_type=\"widget\" data-e-type=\"widget\" data-widget_type=\"text-editor.default\">\n\t\t\t\t<div class=\"elementor-widget-container\">\n\t\t\t\t\t\t\t\t\t<h4><b>1. Identificaci\u00f3n.<\/b><\/h4><p><b>1.1.<strong>Iberequip S.L<\/strong><\/b>, con domicilio social en Espa\u00f1a; correo electr\u00f3nico <a href=\"mailto:info@iberequip.es\">info@iberequip.es<\/a>, es el propietario del sitio web ubicado en la direcci\u00f3n de Internet <a href=\"https:\/\/iberequip.es\" target=\"_new\">https:\/\/iberequip.es<\/a> y sus cuentas en redes sociales (en adelante, este Sitio Web).<\/p><p><b>1.2.<\/b><span style=\"font-weight: 400;\"> La persona que accede a este Sitio Web (en adelante, el Usuario) declara tener capacidad legal para hacerlo.<\/span><\/p><p><b>1.3.<\/b><span style=\"font-weight: 400;\"> Al acceder a este Sitio Web, el Usuario acepta expresamente todas las cl\u00e1usulas de su aviso legal, su pol\u00edtica de privacidad, esta pol\u00edtica de cookies, as\u00ed como todas aquellas condiciones particulares recogidas para la utilizaci\u00f3n de determinados servicios. En caso de no aceptar alguna de las cl\u00e1usulas mencionadas, el Usuario deber\u00e1 abstenerse de acceder a este Sitio Web.<\/span><\/p><h4><b>2. Cookies.<\/b><\/h4><p><b>2.1.<\/b> <strong>Iberequip S.L<\/strong> informa al Usuario de que este Sitio Web utiliza cookies propias y de terceros para su funcionamiento y para analizar los h\u00e1bitos de navegaci\u00f3n.<\/p><p><b>2.2.<\/b><span style=\"font-weight: 400;\"> Las cookies son archivos de texto que se almacenan autom\u00e1ticamente en los dispositivos del Usuario (ordenador, tel\u00e9fono m\u00f3vil, tableta, etc.) al acceder a ciertas aplicaciones y p\u00e1ginas de Internet, y sus prop\u00f3sitos pueden ser proporcionar ciertos servicios o almacenar y recuperar informaci\u00f3n sobre los h\u00e1bitos de navegaci\u00f3n de los Usuarios en un sitio web.<\/span><\/p><p><b>2.3.<\/b><span style=\"font-weight: 400;\"> El art\u00edculo 22.2 de la Ley 34\/2002, de 11 de julio, de Servicios de la Sociedad de la Informaci\u00f3n y Comercio Electr\u00f3nico (en adelante, LSSI), establece que \u00abLos prestadores de servicios podr\u00e1n utilizar dispositivos de almacenamiento y recuperaci\u00f3n de datos en equipos terminales de los destinatarios, a condici\u00f3n de que los mismos hayan dado su consentimiento despu\u00e9s de que se les haya facilitado informaci\u00f3n clara y completa sobre su utilizaci\u00f3n, en particular, sobre los fines del tratamiento de los datos, con arreglo a lo dispuesto en la Ley Org\u00e1nica 15\/1999, de 13 de diciembre, de Protecci\u00f3n de Datos de Car\u00e1cter Personal. Cuando sea t\u00e9cnicamente posible y eficaz, el consentimiento del destinatario para aceptar el tratamiento de los datos podr\u00e1 facilitarse mediante el uso de los par\u00e1metros adecuados del navegador o de otras aplicaciones, siempre que aqu\u00e9l deba proceder a su configuraci\u00f3n durante su instalaci\u00f3n o actualizaci\u00f3n mediante una acci\u00f3n expresa a tal efecto. Lo anterior no impedir\u00e1 el posible almacenamiento o acceso de \u00edndole t\u00e9cnica al solo fin de efectuar la transmisi\u00f3n de una comunicaci\u00f3n por una red de comunicaciones electr\u00f3nicas o, en la medida que resulte estrictamente necesario, para la prestaci\u00f3n de un servicio de la sociedad de la informaci\u00f3n expresamente solicitado por el destinatario.\u00bb<\/span><\/p><p><b>2.4.<\/b><span style=\"font-weight: 400;\"> Al acceder a este Sitio Web, el Usuario acepta expresamente el uso de las cookies descritas aqu\u00ed. En caso de no aceptar alguna de las cookies mencionadas, el Usuario deber\u00e1 abstenerse de acceder a este Sitio Web.<\/span><\/p><p><b>2.5.<\/b> <strong>Iberequip S.L<\/strong> se reserva el derecho de utilizar nuevas cookies o dejar de utilizar las existentes, por lo que es responsabilidad del Usuario revisarlas antes de acceder a este Sitio Web.<\/p><h4><b>3. Tipos.<\/b><\/h4><p><b>3.1.<\/b><span style=\"font-weight: 400;\"> Seg\u00fan su finalidad, las cookies pueden ser t\u00e9cnicas, permitiendo a los Usuarios navegar por un sitio web y utilizar las diferentes opciones o servicios disponibles, como identificar la sesi\u00f3n, acceder a partes de acceso restringido, solicitar registro o participaci\u00f3n en un evento, utilizar elementos de seguridad durante la navegaci\u00f3n, almacenar contenido para la difusi\u00f3n de video o sonido, o compartir contenido a trav\u00e9s de redes sociales; de personalizaci\u00f3n, permitiendo a los Usuarios acceder a un sitio web con algunas caracter\u00edsticas generales predefinidas en funci\u00f3n de una serie de criterios de los terminales de los Usuarios, como el idioma, el tipo de navegador a trav\u00e9s del cual acceden al servicio, o la configuraci\u00f3n regional desde donde acceden al servicio; anal\u00edticas, permitiendo a los responsables de las mismas seguir y analizar el comportamiento de los Usuarios en los sitios web a los que est\u00e1n vinculadas (la informaci\u00f3n recogida a trav\u00e9s de este tipo de cookies se utiliza para medir la actividad de los sitios web y para la elaboraci\u00f3n de perfiles de navegaci\u00f3n de los Usuarios de dichos sitios, con el fin de introducir mejoras basadas en el an\u00e1lisis de los datos de uso realizados por los Usuarios del servicio); publicitarias, permitiendo la gesti\u00f3n de los espacios publicitarios incluidos en un sitio web en funci\u00f3n de criterios como el contenido editado o la frecuencia con la que se muestran los anuncios; o de publicidad comportamental, permitiendo la gesti\u00f3n de los espacios publicitarios incluidos en un sitio web (estas cookies almacenan informaci\u00f3n sobre el comportamiento de los Usuarios obtenida a trav\u00e9s de la observaci\u00f3n continua de sus h\u00e1bitos de navegaci\u00f3n, lo que permite desarrollar un perfil espec\u00edfico para mostrar publicidad basada en \u00e9l).<\/span><\/p><p><b>3.2.<\/b><span style=\"font-weight: 400;\"> Seg\u00fan qui\u00e9n env\u00ede, gestione y procese los datos obtenidos, las cookies pueden ser propias, que son gestionadas por el propietario del sitio web; y de terceros, que son gestionadas por otra entidad.<\/span><\/p><p><b>3.3.<\/b><span style=\"font-weight: 400;\"> Seg\u00fan el tiempo que permanezcan activas en los dispositivos de los Usuarios, las cookies pueden ser de sesi\u00f3n, dise\u00f1adas para recoger y almacenar datos mientras los Usuarios acceden a un sitio web; y persistentes, que permiten almacenar, acceder y procesar datos en los dispositivos de los Usuarios durante un per\u00edodo definido por el propietario de la cookie, que puede variar desde unos pocos minutos hasta varios a\u00f1os.<\/span><\/p><p><b>3.4.<\/b><span style=\"font-weight: 400;\"> Las cookies de entrada para Usuarios, autenticaci\u00f3n o identificaci\u00f3n de Usuarios, seguridad de Usuarios, sesi\u00f3n de reproductor multimedia, sesi\u00f3n de equilibrado de carga, personalizaci\u00f3n de interfaz de Usuarios o plugin para compartir contenido en redes sociales; est\u00e1n exentas de cumplir con el art\u00edculo 22.2 de la LSSI.<\/span><\/p><h4><b>4. Cookies utilizadas en este Sitio Web.<\/b><\/h4><p><b>4.1.<\/b><span style=\"font-weight: 400;\"> Tabla de cookies utilizadas en este Sitio Web:<\/span><\/p><table><tbody><tr><td><b>Nombre<\/b><\/td><td><b>Servicio<\/b><\/td><td><b>Finalidad<\/b><\/td><td><b>Tipo<\/b><\/td><td><b>Dominio<\/b><\/td><td><b>Duraci\u00f3n<\/b><\/td><td><b>M\u00e1s informaci\u00f3n<\/b><\/td><\/tr><tr><td><span style=\"font-weight: 400;\">__utma<\/span><\/td><td><span style=\"font-weight: 400;\">Google Analytics<\/span><\/td><td>Utilizada para distinguir Usuarios y sesiones. La cookie se crea cuando se ejecuta la biblioteca JavaScript y no hay una cookie __utma. La cookie se actualiza cada vez que se env\u00edan datos a Google Analytics<\/td><td>An\u00e1lisis<\/td><td><span style=\"font-weight: 400;\">Primera y tercera parte (Google Inc.)<\/span><\/td><td><span style=\"font-weight: 400;\">Dos a\u00f1os desde la configuraci\u00f3n o actualizaci\u00f3n<\/span><\/td><td><a href=\"https:\/\/developers.google.com\/analytics\/devguides\/collection\/analyticsjs\/cookie-usage\"><span style=\"font-weight: 400;\">Haz clic aqu\u00ed<\/span><\/a><\/td><\/tr><tr><td><span style=\"font-weight: 400;\">__utmb<\/span><\/td><td><span style=\"font-weight: 400;\">Google Analytics<\/span><\/td><td><span style=\"font-weight: 400;\">Utilizada para determinar nuevas sesiones o visitas. La cookie se crea cuando se ejecuta la biblioteca JavaScript y no hay una cookie __utmb. La cookie se actualiza cada vez que se env\u00edan datos a Google Analytics<\/span><\/td><td><span style=\"font-weight: 400;\">An\u00e1lisis<\/span><\/td><td><span style=\"font-weight: 400;\">Primera y tercera parte (Google Inc.)<\/span><\/td><td><span style=\"font-weight: 400;\">30 minutos desde la configuraci\u00f3n o actualizaci\u00f3n<\/span><\/td><td><a href=\"https:\/\/developers.google.com\/analytics\/devguides\/collection\/analyticsjs\/cookie-usage\"><span style=\"font-weight: 400;\">Haz clic aqu\u00ed<\/span><\/a><\/td><\/tr><tr><td><span style=\"font-weight: 400;\">__utmc<\/span><\/td><td><span style=\"font-weight: 400;\">Google Analytics<\/span><\/td><td><span style=\"font-weight: 400;\">No se utiliza en ga.js. Se configura para interactuar con urchin.js. Anteriormente, esta cookie funcionaba junto con la cookie __utmb para determinar si el Usuario estaba en una nueva sesi\u00f3n o visita <\/span><\/td><td><span style=\"font-weight: 400;\">An\u00e1lisis<\/span><\/td><td><span style=\"font-weight: 400;\">Primera y tercera parte (Google Inc.)<\/span><\/td><td><span style=\"font-weight: 400;\">Final de la sesi\u00f3n del navegador<\/span><\/td><td><a href=\"https:\/\/developers.google.com\/analytics\/devguides\/collection\/analyticsjs\/cookie-usage\"><span style=\"font-weight: 400;\">Haz clic aqu\u00ed<\/span><\/a><\/td><\/tr><tr><td><span style=\"font-weight: 400;\">__utmz<\/span><\/td><td><span style=\"font-weight: 400;\">Google Analytics<\/span><\/td><td><span style=\"font-weight: 400;\">Almacena la fuente de tr\u00e1fico o campa\u00f1a que explica c\u00f3mo lleg\u00f3 el Usuario al sitio. La cookie se crea cuando se ejecuta la biblioteca JavaScript y se actualiza cada vez que se env\u00edan datos a Google Analytics<\/span><\/td><td><span style=\"font-weight: 400;\">An\u00e1lisis<\/span><\/td><td><span style=\"font-weight: 400;\">Primera y tercera parte (Google Inc.)<\/span><\/td><td><span style=\"font-weight: 400;\">Seis meses desde la configuraci\u00f3n o actualizaci\u00f3n<\/span><\/td><td><a href=\"https:\/\/developers.google.com\/analytics\/devguides\/collection\/analyticsjs\/cookie-usage\"><span style=\"font-weight: 400;\">Haz clic aqu\u00ed<\/span><\/a><\/td><\/tr><tr><td><span style=\"font-weight: 400;\">__utmv<\/span><\/td><td><span style=\"font-weight: 400;\">Google Analytics<\/span><\/td><td><span style=\"font-weight: 400;\">Utilizada para almacenar datos de variables personalizadas a nivel de visitante. Esta cookie se crea cuando un desarrollador utiliza el m\u00e9todo _setCustomVar con una variable personalizada a nivel de visitante. Tambi\u00e9n se utilizaba para el m\u00e9todo obsoleto _setVar. La cookie se actualiza cada vez que se env\u00edan datos a Google Analytics <\/span><\/td><td><span style=\"font-weight: 400;\">An\u00e1lisis<\/span><\/td><td><span style=\"font-weight: 400;\">Primera y tercera parte (Google Inc.)<\/span><\/td><td><span style=\"font-weight: 400;\">Dos a\u00f1os desde la configuraci\u00f3n o actualizaci\u00f3n<\/span><\/td><td><a href=\"https:\/\/developers.google.com\/analytics\/devguides\/collection\/analyticsjs\/cookie-usage\"><span style=\"font-weight: 400;\">Haz clic aqu\u00ed<\/span><\/a><\/td><\/tr><tr><td><span style=\"font-weight: 400;\">viewed_cookie_policy<\/span><\/td><td><span style=\"font-weight: 400;\">EU Cookie Law Info<\/span><\/td><td><span style=\"font-weight: 400;\">Recordar opci\u00f3n de aceptaci\u00f3n de cookies <\/span><\/td><td><span style=\"font-weight: 400;\">T\u00e9cnica <\/span><\/td><td><span style=\"font-weight: 400;\">Primera parte<\/span><\/td><td><span style=\"font-weight: 400;\">Un a\u00f1o<\/span><\/td><td><a href=\"http:\/\/www.cookielawinfo.com\/\"><span style=\"font-weight: 400;\">Haz clic aqu\u00ed<\/span><\/a><\/td><\/tr><\/tbody><\/table><p><b>4.2.<\/b><span style=\"font-weight: 400;\"> Debido a las caracter\u00edsticas de Internet, <strong>Iberequip S.L<\/strong> no siempre dispone de informaci\u00f3n sobre las cookies colocadas por terceros.<\/span><\/p><p><b>4.3.<\/b><span style=\"font-weight: 400;\"> En caso de que el Usuario detecte cookies en este Sitio Web que no est\u00e9n descritas aqu\u00ed, deber\u00e1 notificarlo a <strong>Iberequip S.L<\/strong> a trav\u00e9s de la secci\u00f3n de contacto.<\/span><\/p><h4><b>5. Redes sociales.<\/b><\/h4><p><b>5.1.<\/b><span style=\"font-weight: 400;\"> Al acceder el Usuario a las cuentas de <strong>Iberequip S.L<\/strong> en las redes sociales acepta el uso de cookies por parte de las mismas seg\u00fan sus pol\u00edticas de cookies.<\/span><\/p><p><b>6.1.<\/b><span style=\"font-weight: 400;\"> El Usuario puede permitir, bloquear o eliminar las cookies instaladas en su dispositivo mediante la configuraci\u00f3n de las opciones del navegador.<\/span><\/p><ul><li style=\"font-weight: 400;\" aria-level=\"1\"><a href=\"https:\/\/support.google.com\/chrome\/answer\/95647?hl=%22es%22\"><span style=\"font-weight: 400;\">M\u00e1s informaci\u00f3n sobre Chrome.<\/span><\/a><span style=\"font-weight: 400;\">.<\/span><\/li><li style=\"font-weight: 400;\" aria-level=\"1\"><a href=\"https:\/\/support.mozilla.org\/es\/kb\/Borrar%20cookies\"><span style=\"font-weight: 400;\">M\u00e1s informaci\u00f3n sobre FireFox.<\/span><\/a><\/li><li style=\"font-weight: 400;\" aria-level=\"1\"><a href=\"http:\/\/windows.microsoft.com\/es-xl\/internet-explorer\/delete-manage-cookies#ie=%22ie-10%22%20t\"><span style=\"font-weight: 400;\">M\u00e1s informaci\u00f3n sobre Internet Explorer.<\/span><\/a><\/li><li style=\"font-weight: 400;\" aria-level=\"1\"><a href=\"https:\/\/www.apple.com\/es\/privacy\/use-of-cookies\/\"><span style=\"font-weight: 400;\">M\u00e1s informaci\u00f3n sobre Safari.<\/span><\/a><\/li><li style=\"font-weight: 400;\" aria-level=\"1\"><a href=\"http:\/\/help.opera.com\/Windows\/11.50\/es-ES\/cookies.html\"><span style=\"font-weight: 400;\">M\u00e1s informaci\u00f3n sobre Opera.<\/span><\/a><\/li><\/ul><p><b>6.2.<\/b><span style=\"font-weight: 400;\"> Para obtener un complemento de exclusi\u00f3n de Google Analytics para navegadores, <a href=\"http:\/\/www.agpd.es\/portalwebAGPD\/canaldocumentacion\/publicaciones\/common\/Guias\/Guia_Cookies.pdf\">haz clic aqu\u00ed.<\/a><\/span><\/p><h4><b>7. Gu\u00eda sobre el uso de las cookies.<\/b><\/h4><p><b>7.1.<\/b><span style=\"font-weight: 400;\"> Para obtener la gu\u00eda de uso de cookies desarrollada por la Agencia Espa\u00f1ola de Protecci\u00f3n de Datos, <a href=\"https:\/\/www.aepd.es\/\">haz clic aqu\u00ed<\/a>.<\/span><\/p>\t\t\t\t\t\t\t\t<\/div>\n\t\t\t\t<\/div>\n\t\t\t\t\t<\/div>\n\t\t\t\t<\/div>\n\t\t\t\t<\/div>\n\t\t","protected":false},"excerpt":{"rendered":"<p>COOKIE POLICY 1. Identificaci\u00f3n. 1.1.Iberequip S.L, con domicilio social en Espa\u00f1a; correo electr\u00f3nico info@iberequip.es, es el propietario del sitio web [&hellip;]<\/p>\n","protected":false},"author":1,"featured_media":0,"parent":0,"menu_order":0,"comment_status":"closed","ping_status":"closed","template":"","meta":{"_seopress_robots_primary_cat":"","_seopress_titles_title":"","_seopress_titles_desc":"","_seopress_robots_index":"","site-sidebar-layout":"no-sidebar","site-content-layout":"","ast-site-content-layout":"full-width-container","site-content-style":"default","site-sidebar-style":"default","ast-global-header-display":"","ast-banner-title-visibility":"","ast-main-header-display":"","ast-hfb-above-header-display":"","ast-hfb-below-header-display":"","ast-hfb-mobile-header-display":"","site-post-title":"disabled","ast-breadcrumbs-content":"","ast-featured-img":"disabled","footer-sml-layout":"","ast-disable-related-posts":"","theme-transparent-header-meta":"","adv-header-id-meta":"","stick-header-meta":"","header-above-stick-meta":"","header-main-stick-meta":"","header-below-stick-meta":"","astra-migrate-meta-layouts":"default","ast-page-background-enabled":"default","ast-page-background-meta":{"desktop":{"background-color":"var(--ast-global-color-4)","background-image":"","background-repeat":"repeat","background-position":"center center","background-size":"auto","background-attachment":"scroll","background-type":"","background-media":"","overlay-type":"","overlay-color":"","overlay-opacity":"","overlay-gradient":""},"tablet":{"background-color":"","background-image":"","background-repeat":"repeat","background-position":"center center","background-size":"auto","background-attachment":"scroll","background-type":"","background-media":"","overlay-type":"","overlay-color":"","overlay-opacity":"","overlay-gradient":""},"mobile":{"background-color":"","background-image":"","background-repeat":"repeat","background-position":"center center","background-size":"auto","background-attachment":"scroll","background-type":"","background-media":"","overlay-type":"","overlay-color":"","overlay-opacity":"","overlay-gradient":""}},"ast-content-background-meta":{"desktop":{"background-color":"var(--ast-global-color-5)","background-image":"","background-repeat":"repeat","background-position":"center center","background-size":"auto","background-attachment":"scroll","background-type":"","background-media":"","overlay-type":"","overlay-color":"","overlay-opacity":"","overlay-gradient":""},"tablet":{"background-color":"var(--ast-global-color-5)","background-image":"","background-repeat":"repeat","background-position":"center center","background-size":"auto","background-attachment":"scroll","background-type":"","background-media":"","overlay-type":"","overlay-color":"","overlay-opacity":"","overlay-gradient":""},"mobile":{"background-color":"var(--ast-global-color-5)","background-image":"","background-repeat":"repeat","background-position":"center center","background-size":"auto","background-attachment":"scroll","background-type":"","background-media":"","overlay-type":"","overlay-color":"","overlay-opacity":"","overlay-gradient":""}},"footnotes":""},"class_list":["post-1088","page","type-page","status-publish","hentry"],"_links":{"self":[{"href":"https:\/\/iberequip.com\/es\/wp-json\/wp\/v2\/pages\/1088","targetHints":{"allow":["GET"]}}],"collection":[{"href":"https:\/\/iberequip.com\/es\/wp-json\/wp\/v2\/pages"}],"about":[{"href":"https:\/\/iberequip.com\/es\/wp-json\/wp\/v2\/types\/page"}],"author":[{"embeddable":true,"href":"https:\/\/iberequip.com\/es\/wp-json\/wp\/v2\/users\/1"}],"replies":[{"embeddable":true,"href":"https:\/\/iberequip.com\/es\/wp-json\/wp\/v2\/comments?post=1088"}],"version-history":[{"count":5,"href":"https:\/\/iberequip.com\/es\/wp-json\/wp\/v2\/pages\/1088\/revisions"}],"predecessor-version":[{"id":1098,"href":"https:\/\/iberequip.com\/es\/wp-json\/wp\/v2\/pages\/1088\/revisions\/1098"}],"wp:attachment":[{"href":"https:\/\/iberequip.com\/es\/wp-json\/wp\/v2\/media?parent=1088"}],"curies":[{"name":"wp","href":"https:\/\/api.w.org\/{rel}","templated":true}]}}